{"id":17040,"date":"2026-01-23T10:13:18","date_gmt":"2026-01-23T17:13:18","guid":{"rendered":"https:\/\/everychildpediatrics.org\/transferencias-de-acciones-y-donaciones-planificadas\/"},"modified":"2026-01-27T08:04:56","modified_gmt":"2026-01-27T15:04:56","slug":"transferencias-de-acciones-y-donaciones-planificadas","status":"publish","type":"page","link":"https:\/\/everychildpediatrics.org\/es\/transferencias-de-acciones-y-donaciones-planificadas\/","title":{"rendered":"Transferencias de existencias"},"content":{"rendered":"\t\t<div data-elementor-type=\"wp-page\" data-elementor-id=\"17040\" class=\"elementor elementor-17040 elementor-17027\" data-elementor-post-type=\"page\">\n\t\t\t\t\t\t<section class=\"elementor-section elementor-top-section elementor-element elementor-element-3951da5 elementor-section-boxed elementor-section-height-default elementor-section-height-default\" data-id=\"3951da5\" data-element_type=\"section\" data-e-type=\"section\">\n\t\t\t\t\t\t<div class=\"elementor-container elementor-column-gap-default\">\n\t\t\t\t\t<div class=\"elementor-column elementor-col-100 elementor-top-column elementor-element elementor-element-9264eca\" data-id=\"9264eca\" data-element_type=\"column\" data-e-type=\"column\">\n\t\t\t<div class=\"elementor-widget-wrap elementor-element-populated\">\n\t\t\t\t<div class=\"elementor-element elementor-element-624a94e e-flex e-con-boxed e-con e-parent\" data-id=\"624a94e\" data-element_type=\"container\" data-e-type=\"container\">\n\t\t\t\t\t<div class=\"e-con-inner\">\n\t\t<div class=\"elementor-element elementor-element-341a05b e-con-full e-flex e-con e-child\" data-id=\"341a05b\" data-element_type=\"container\" data-e-type=\"container\">\n\t\t\t\t<div class=\"elementor-element elementor-element-92d11d8 elementor-widget elementor-widget-text-editor\" data-id=\"92d11d8\" data-element_type=\"widget\" data-e-type=\"widget\" data-widget_type=\"text-editor.default\">\n\t\t\t\t<div class=\"elementor-widget-container\">\n\t\t\t\t\t\t\t\t\t<h5><span style=\"color: #9e1f63;\">Art\u00edculos elegibles para DTC<\/span><\/h5><p>DTC N\u00ba 0226<\/p><hr><p><strong>Fidelity Investments<\/strong><br>PO Box 770001<br>Cincinnati, OH 45277-0002<\/p><hr><p><strong>N\u00famero de cuenta<\/strong>: Z40-540806<br><strong>Referencia<\/strong>: <em>Rocky Mountain Youth Medical &amp; Nursing Consultants, Inc.<\/em><\/p>\t\t\t\t\t\t\t\t<\/div>\n\t\t\t\t<\/div>\n\t\t\t\t<div class=\"elementor-element elementor-element-edb8c32 elementor-widget elementor-widget-text-editor\" data-id=\"edb8c32\" data-element_type=\"widget\" data-e-type=\"widget\" data-widget_type=\"text-editor.default\">\n\t\t\t\t<div class=\"elementor-widget-container\">\n\t\t\t\t\t\t\t\t\t<h5><span style=\"color: #9e1f63;\">Informaci\u00f3n de contacto<\/span><\/h5><p><strong>Abigail Sams<\/strong><br><a href=\"tel:+3212922591\">(321) 292-2591<\/a><br><a href=\"mailto:asams@everychildpediatrics.org\">asams@everychildpediatrics.org<\/a><\/p><hr><p>Si Abigail no est\u00e1 disponible, env\u00eda un correo electr\u00f3nico a <strong style=\"font-weight: bold;\">Reid DeSpiegelaere<\/strong> a <a href=\"mailto:reid@everychildpediatrics.org\">reid@everychildpediatrics.org.<\/a><\/p>\t\t\t\t\t\t\t\t<\/div>\n\t\t\t\t<\/div>\n\t\t\t\t<\/div>\n\t\t<div class=\"elementor-element elementor-element-74e281c e-con-full e-flex e-con e-child\" data-id=\"74e281c\" data-element_type=\"container\" data-e-type=\"container\">\n\t\t\t\t<div class=\"elementor-element elementor-element-c02191a elementor-widget elementor-widget-heading\" data-id=\"c02191a\" data-element_type=\"widget\" data-e-type=\"widget\" data-widget_type=\"heading.default\">\n\t\t\t\t<div class=\"elementor-widget-container\">\n\t\t\t\t\t<h5 class=\"elementor-heading-title elementor-size-default\">Preguntas e instrucciones para el agente<\/h5>\t\t\t\t<\/div>\n\t\t\t\t<\/div>\n\t\t\t\t<div class=\"elementor-element elementor-element-10084d7 elementor-widget elementor-widget-text-editor\" data-id=\"10084d7\" data-element_type=\"widget\" data-e-type=\"widget\" data-widget_type=\"text-editor.default\">\n\t\t\t\t<div class=\"elementor-widget-container\">\n\t\t\t\t\t\t\t\t\t<p>Las preguntas relacionadas con la transferencia pueden dirigirse a nuestro Equipo de Donaciones al <a href=\"tel:+3212922591\">(321) 292-2591<\/a>.<\/p><p>Las instrucciones que figuran a continuaci\u00f3n pueden entregarse directamente a tu corredor de bolsa. Por favor, autoriza a tu corredor a comunicar tu nombre como donante de las acciones a <strong style=\"font-weight: bold;\">Fidelity Investments<\/strong>. <\/p>\t\t\t\t\t\t\t\t<\/div>\n\t\t\t\t<\/div>\n\t\t\t\t<div class=\"elementor-element elementor-element-f52a607 elementor-widget elementor-widget-heading\" data-id=\"f52a607\" data-element_type=\"widget\" data-e-type=\"widget\" data-widget_type=\"heading.default\">\n\t\t\t\t<div class=\"elementor-widget-container\">\n\t\t\t\t\t<h5 class=\"elementor-heading-title elementor-size-default\">Antes de transferir tu donaci\u00f3n<\/h5>\t\t\t\t<\/div>\n\t\t\t\t<\/div>\n\t\t\t\t<div class=\"elementor-element elementor-element-4f0e0b4 elementor-widget elementor-widget-text-editor\" data-id=\"4f0e0b4\" data-element_type=\"widget\" data-e-type=\"widget\" data-widget_type=\"text-editor.default\">\n\t\t\t\t<div class=\"elementor-widget-container\">\n\t\t\t\t\t\t\t\t\t<p>Para evitar confusiones, ponte en contacto con <strong style=\"font-weight: bold;\">Abigail Sams, Asistente Ejecutiva de Desarrollo<\/strong>, <em>antes de<\/em> que se transfiera la donaci\u00f3n y proporciona la siguiente informaci\u00f3n por escrito, si la tienes disponible:<\/p><ul><li>Nombre y direcci\u00f3n del donante<\/li><li>Finalidad de la donaci\u00f3n, incluidas las restricciones o designaciones de fondos<br><em>(indica si se trata del pago de una promesa existente)<\/em><\/li><li>Nombre, ubicaci\u00f3n y n\u00famero de tel\u00e9fono del corredor\/agente que env\u00eda las acciones<\/li><li>Nombre y s\u00edmbolo de la acci\u00f3n a transferir*<\/li><li>N\u00famero de acciones a transferir<\/li><li>Fecha prevista de transferencia<\/li><\/ul>\t\t\t\t\t\t\t\t<\/div>\n\t\t\t\t<\/div>\n\t\t\t\t<div class=\"elementor-element elementor-element-b5c2404 elementor-widget elementor-widget-heading\" data-id=\"b5c2404\" data-element_type=\"widget\" data-e-type=\"widget\" data-widget_type=\"heading.default\">\n\t\t\t\t<div class=\"elementor-widget-container\">\n\t\t\t\t\t<h5 class=\"elementor-heading-title elementor-size-default\">Valoraci\u00f3n de regalos<\/h5>\t\t\t\t<\/div>\n\t\t\t\t<\/div>\n\t\t\t\t<div class=\"elementor-element elementor-element-b245f79 elementor-widget elementor-widget-text-editor\" data-id=\"b245f79\" data-element_type=\"widget\" data-e-type=\"widget\" data-widget_type=\"text-editor.default\">\n\t\t\t\t<div class=\"elementor-widget-container\">\n\t\t\t\t\t\t\t\t\t<p>A efectos del IRS y del abono de donaciones, el valor de tu donaci\u00f3n es el <strong style=\"font-weight: bold;\">valor medio de mercado del m\u00e1ximo y el m\u00ednimo en la fecha de la transferencia.<\/strong><\/p><p>*Por favor, ten en cuenta: la fecha de transferencia es la fecha en la que las acciones entran en la cuenta de Every Child Pediatrics, no la fecha en la que se dan las instrucciones a tu agente de bolsa.<\/p>\t\t\t\t\t\t\t\t<\/div>\n\t\t\t\t<\/div>\n\t\t\t\t<div class=\"elementor-element elementor-element-24674e2 elementor-widget elementor-widget-heading\" data-id=\"24674e2\" data-element_type=\"widget\" data-e-type=\"widget\" data-widget_type=\"heading.default\">\n\t\t\t\t<div class=\"elementor-widget-container\">\n\t\t\t\t\t<h5 class=\"elementor-heading-title elementor-size-default\">Tipos de regalos especiales<\/h5>\t\t\t\t<\/div>\n\t\t\t\t<\/div>\n\t\t\t\t<div class=\"elementor-element elementor-element-b6aeeb6 elementor-widget elementor-widget-text-editor\" data-id=\"b6aeeb6\" data-element_type=\"widget\" data-e-type=\"widget\" data-widget_type=\"text-editor.default\">\n\t\t\t\t<div class=\"elementor-widget-container\">\n\t\t\t\t\t\t\t\t\t<p>Para donar acciones a un <strong style=\"font-weight: bold;\">fondo com\u00fan de ingresos, a una renta vitalicia ben\u00e9fica o a un fideicomiso caritativo<\/strong>, ponte en contacto con nuestro equipo para obtener instrucciones especiales de transferencia.<\/p><p>* Para donaciones de fondos de inversi\u00f3n, consulta previamente con nuestro equipo para confirmar que el fondo es apto para la transferencia.<\/p>\t\t\t\t\t\t\t\t<\/div>\n\t\t\t\t<\/div>\n\t\t\t\t<\/div>\n\t\t\t\t\t<\/div>\n\t\t\t\t<\/div>\n\t\t\t\t\t<\/div>\n\t\t<\/div>\n\t\t\t\t\t<\/div>\n\t\t<\/section>\n\t\t\t\t<\/div>\n\t\t","protected":false},"excerpt":{"rendered":"<p>Art\u00edculos elegibles para DTC DTC N\u00ba 0226 Fidelity InvestmentsPO Box 770001Cincinnati, OH 45277-0002 N\u00famero de cuenta: Z40-540806Referencia: Rocky Mountain Youth Medical &amp; Nursing Consultants, Inc. Informaci\u00f3n de contacto Abigail Sams(321) 292-2591asams@everychildpediatrics.org Si Abigail no est\u00e1 disponible, env\u00eda un correo electr\u00f3nico a Reid DeSpiegelaere a reid@everychildpediatrics.org. Preguntas e instrucciones para el agente Las preguntas relacionadas con [&hellip;]<\/p>\n","protected":false},"author":7,"featured_media":17030,"parent":0,"menu_order":0,"comment_status":"closed","ping_status":"closed","template":"","meta":{"inline_featured_image":false,"footnotes":""},"class_list":["post-17040","page","type-page","status-publish","has-post-thumbnail","hentry"],"yoast_head":"<!-- This site is optimized with the Yoast SEO plugin v27.4 - https:\/\/yoast.com\/product\/yoast-seo-wordpress\/ -->\n<title>Transferencias de existencias | Every Child Pediatrics<\/title>\n<meta name=\"description\" content=\"Transferencias de existencias at Every Child Pediatrics. Learn more about our organization, services, programs, careers and more.\" \/>\n<meta name=\"robots\" content=\"index, follow, max-snippet:-1, max-image-preview:large, max-video-preview:-1\" \/>\n<link rel=\"canonical\" href=\"https:\/\/everychildpediatrics.org\/es\/transferencias-de-acciones-y-donaciones-planificadas\/\" \/>\n<meta property=\"og:locale\" content=\"es_ES\" \/>\n<meta property=\"og:type\" content=\"article\" \/>\n<meta property=\"og:title\" content=\"Transferencias de existencias | Every Child Pediatrics\" \/>\n<meta property=\"og:description\" content=\"Transferencias de existencias at Every Child Pediatrics. Learn more about our organization, services, programs, careers and more.\" \/>\n<meta property=\"og:url\" content=\"https:\/\/everychildpediatrics.org\/es\/transferencias-de-acciones-y-donaciones-planificadas\/\" \/>\n<meta property=\"og:site_name\" content=\"Every Child Pediatrics\" \/>\n<meta property=\"article:publisher\" content=\"https:\/\/www.facebook.com\/everychildpediatrics\" \/>\n<meta property=\"article:modified_time\" content=\"2026-01-27T15:04:56+00:00\" \/>\n<meta property=\"og:image\" content=\"https:\/\/everychildpediatrics.org\/wp-content\/uploads\/2026\/01\/planned-giving-hero.jpg\" \/>\n\t<meta property=\"og:image:width\" content=\"1728\" \/>\n\t<meta property=\"og:image:height\" content=\"511\" \/>\n\t<meta property=\"og:image:type\" content=\"image\/jpeg\" \/>\n<meta name=\"twitter:card\" content=\"summary_large_image\" \/>\n<meta name=\"twitter:site\" content=\"@everychildpeds\" \/>\n<meta name=\"twitter:label1\" content=\"Tiempo de lectura\" \/>\n\t<meta name=\"twitter:data1\" content=\"2 minutos\" \/>\n<script type=\"application\/ld+json\" class=\"yoast-schema-graph\">{\"@context\":\"https:\\\/\\\/schema.org\",\"@graph\":[{\"@type\":\"WebPage\",\"@id\":\"https:\\\/\\\/everychildpediatrics.org\\\/es\\\/transferencias-de-acciones-y-donaciones-planificadas\\\/\",\"url\":\"https:\\\/\\\/everychildpediatrics.org\\\/es\\\/transferencias-de-acciones-y-donaciones-planificadas\\\/\",\"name\":\"Transferencias de existencias | Every Child Pediatrics\",\"isPartOf\":{\"@id\":\"https:\\\/\\\/everychildpediatrics.org\\\/es\\\/#website\"},\"primaryImageOfPage\":{\"@id\":\"https:\\\/\\\/everychildpediatrics.org\\\/es\\\/transferencias-de-acciones-y-donaciones-planificadas\\\/#primaryimage\"},\"image\":{\"@id\":\"https:\\\/\\\/everychildpediatrics.org\\\/es\\\/transferencias-de-acciones-y-donaciones-planificadas\\\/#primaryimage\"},\"thumbnailUrl\":\"https:\\\/\\\/everychildpediatrics.org\\\/wp-content\\\/uploads\\\/2026\\\/01\\\/planned-giving-hero.jpg\",\"datePublished\":\"2026-01-23T17:13:18+00:00\",\"dateModified\":\"2026-01-27T15:04:56+00:00\",\"description\":\"Transferencias de existencias at Every Child Pediatrics. Learn more about our organization, services, programs, careers and more.\",\"breadcrumb\":{\"@id\":\"https:\\\/\\\/everychildpediatrics.org\\\/es\\\/transferencias-de-acciones-y-donaciones-planificadas\\\/#breadcrumb\"},\"inLanguage\":\"es\",\"potentialAction\":[{\"@type\":\"ReadAction\",\"target\":[\"https:\\\/\\\/everychildpediatrics.org\\\/es\\\/transferencias-de-acciones-y-donaciones-planificadas\\\/\"]}]},{\"@type\":\"ImageObject\",\"inLanguage\":\"es\",\"@id\":\"https:\\\/\\\/everychildpediatrics.org\\\/es\\\/transferencias-de-acciones-y-donaciones-planificadas\\\/#primaryimage\",\"url\":\"https:\\\/\\\/everychildpediatrics.org\\\/wp-content\\\/uploads\\\/2026\\\/01\\\/planned-giving-hero.jpg\",\"contentUrl\":\"https:\\\/\\\/everychildpediatrics.org\\\/wp-content\\\/uploads\\\/2026\\\/01\\\/planned-giving-hero.jpg\",\"width\":1728,\"height\":511},{\"@type\":\"BreadcrumbList\",\"@id\":\"https:\\\/\\\/everychildpediatrics.org\\\/es\\\/transferencias-de-acciones-y-donaciones-planificadas\\\/#breadcrumb\",\"itemListElement\":[{\"@type\":\"ListItem\",\"position\":1,\"name\":\"Home\",\"item\":\"https:\\\/\\\/everychildpediatrics.org\\\/es\\\/\"},{\"@type\":\"ListItem\",\"position\":2,\"name\":\"Transferencias de existencias\"}]},{\"@type\":\"WebSite\",\"@id\":\"https:\\\/\\\/everychildpediatrics.org\\\/es\\\/#website\",\"url\":\"https:\\\/\\\/everychildpediatrics.org\\\/es\\\/\",\"name\":\"Every Child Pediatrics\",\"description\":\"La historia de cada ni\u00f1o merece un comienzo saludable\",\"publisher\":{\"@id\":\"https:\\\/\\\/everychildpediatrics.org\\\/es\\\/#organization\"},\"alternateName\":\"ECP\",\"potentialAction\":[{\"@type\":\"SearchAction\",\"target\":{\"@type\":\"EntryPoint\",\"urlTemplate\":\"https:\\\/\\\/everychildpediatrics.org\\\/es\\\/?s={search_term_string}\"},\"query-input\":{\"@type\":\"PropertyValueSpecification\",\"valueRequired\":true,\"valueName\":\"search_term_string\"}}],\"inLanguage\":\"es\"},{\"@type\":\"Organization\",\"@id\":\"https:\\\/\\\/everychildpediatrics.org\\\/es\\\/#organization\",\"name\":\"Every Child Pediatrics\",\"alternateName\":\"ECP\",\"url\":\"https:\\\/\\\/everychildpediatrics.org\\\/es\\\/\",\"logo\":{\"@type\":\"ImageObject\",\"inLanguage\":\"es\",\"@id\":\"https:\\\/\\\/everychildpediatrics.org\\\/es\\\/#\\\/schema\\\/logo\\\/image\\\/\",\"url\":\"https:\\\/\\\/everychildpediatrics.org\\\/wp-content\\\/uploads\\\/2022\\\/12\\\/Every-Child-Pediatrics-logo.svg\",\"contentUrl\":\"https:\\\/\\\/everychildpediatrics.org\\\/wp-content\\\/uploads\\\/2022\\\/12\\\/Every-Child-Pediatrics-logo.svg\",\"width\":360,\"height\":360,\"caption\":\"Every Child Pediatrics\"},\"image\":{\"@id\":\"https:\\\/\\\/everychildpediatrics.org\\\/es\\\/#\\\/schema\\\/logo\\\/image\\\/\"},\"sameAs\":[\"https:\\\/\\\/www.facebook.com\\\/everychildpediatrics\",\"https:\\\/\\\/x.com\\\/everychildpeds\"]}]}<\/script>\n<!-- \/ Yoast SEO plugin. -->","yoast_head_json":{"title":"Transferencias de existencias | Every Child Pediatrics","description":"Transferencias de existencias at Every Child Pediatrics. Learn more about our organization, services, programs, careers and more.","robots":{"index":"index","follow":"follow","max-snippet":"max-snippet:-1","max-image-preview":"max-image-preview:large","max-video-preview":"max-video-preview:-1"},"canonical":"https:\/\/everychildpediatrics.org\/es\/transferencias-de-acciones-y-donaciones-planificadas\/","og_locale":"es_ES","og_type":"article","og_title":"Transferencias de existencias | Every Child Pediatrics","og_description":"Transferencias de existencias at Every Child Pediatrics. Learn more about our organization, services, programs, careers and more.","og_url":"https:\/\/everychildpediatrics.org\/es\/transferencias-de-acciones-y-donaciones-planificadas\/","og_site_name":"Every Child Pediatrics","article_publisher":"https:\/\/www.facebook.com\/everychildpediatrics","article_modified_time":"2026-01-27T15:04:56+00:00","og_image":[{"width":1728,"height":511,"url":"https:\/\/everychildpediatrics.org\/wp-content\/uploads\/2026\/01\/planned-giving-hero.jpg","type":"image\/jpeg"}],"twitter_card":"summary_large_image","twitter_site":"@everychildpeds","twitter_misc":{"Tiempo de lectura":"2 minutos"},"schema":{"@context":"https:\/\/schema.org","@graph":[{"@type":"WebPage","@id":"https:\/\/everychildpediatrics.org\/es\/transferencias-de-acciones-y-donaciones-planificadas\/","url":"https:\/\/everychildpediatrics.org\/es\/transferencias-de-acciones-y-donaciones-planificadas\/","name":"Transferencias de existencias | Every Child Pediatrics","isPartOf":{"@id":"https:\/\/everychildpediatrics.org\/es\/#website"},"primaryImageOfPage":{"@id":"https:\/\/everychildpediatrics.org\/es\/transferencias-de-acciones-y-donaciones-planificadas\/#primaryimage"},"image":{"@id":"https:\/\/everychildpediatrics.org\/es\/transferencias-de-acciones-y-donaciones-planificadas\/#primaryimage"},"thumbnailUrl":"https:\/\/everychildpediatrics.org\/wp-content\/uploads\/2026\/01\/planned-giving-hero.jpg","datePublished":"2026-01-23T17:13:18+00:00","dateModified":"2026-01-27T15:04:56+00:00","description":"Transferencias de existencias at Every Child Pediatrics. Learn more about our organization, services, programs, careers and more.","breadcrumb":{"@id":"https:\/\/everychildpediatrics.org\/es\/transferencias-de-acciones-y-donaciones-planificadas\/#breadcrumb"},"inLanguage":"es","potentialAction":[{"@type":"ReadAction","target":["https:\/\/everychildpediatrics.org\/es\/transferencias-de-acciones-y-donaciones-planificadas\/"]}]},{"@type":"ImageObject","inLanguage":"es","@id":"https:\/\/everychildpediatrics.org\/es\/transferencias-de-acciones-y-donaciones-planificadas\/#primaryimage","url":"https:\/\/everychildpediatrics.org\/wp-content\/uploads\/2026\/01\/planned-giving-hero.jpg","contentUrl":"https:\/\/everychildpediatrics.org\/wp-content\/uploads\/2026\/01\/planned-giving-hero.jpg","width":1728,"height":511},{"@type":"BreadcrumbList","@id":"https:\/\/everychildpediatrics.org\/es\/transferencias-de-acciones-y-donaciones-planificadas\/#breadcrumb","itemListElement":[{"@type":"ListItem","position":1,"name":"Home","item":"https:\/\/everychildpediatrics.org\/es\/"},{"@type":"ListItem","position":2,"name":"Transferencias de existencias"}]},{"@type":"WebSite","@id":"https:\/\/everychildpediatrics.org\/es\/#website","url":"https:\/\/everychildpediatrics.org\/es\/","name":"Every Child Pediatrics","description":"La historia de cada ni\u00f1o merece un comienzo saludable","publisher":{"@id":"https:\/\/everychildpediatrics.org\/es\/#organization"},"alternateName":"ECP","potentialAction":[{"@type":"SearchAction","target":{"@type":"EntryPoint","urlTemplate":"https:\/\/everychildpediatrics.org\/es\/?s={search_term_string}"},"query-input":{"@type":"PropertyValueSpecification","valueRequired":true,"valueName":"search_term_string"}}],"inLanguage":"es"},{"@type":"Organization","@id":"https:\/\/everychildpediatrics.org\/es\/#organization","name":"Every Child Pediatrics","alternateName":"ECP","url":"https:\/\/everychildpediatrics.org\/es\/","logo":{"@type":"ImageObject","inLanguage":"es","@id":"https:\/\/everychildpediatrics.org\/es\/#\/schema\/logo\/image\/","url":"https:\/\/everychildpediatrics.org\/wp-content\/uploads\/2022\/12\/Every-Child-Pediatrics-logo.svg","contentUrl":"https:\/\/everychildpediatrics.org\/wp-content\/uploads\/2022\/12\/Every-Child-Pediatrics-logo.svg","width":360,"height":360,"caption":"Every Child Pediatrics"},"image":{"@id":"https:\/\/everychildpediatrics.org\/es\/#\/schema\/logo\/image\/"},"sameAs":["https:\/\/www.facebook.com\/everychildpediatrics","https:\/\/x.com\/everychildpeds"]}]}},"_links":{"self":[{"href":"https:\/\/everychildpediatrics.org\/es\/wp-json\/wp\/v2\/pages\/17040","targetHints":{"allow":["GET"]}}],"collection":[{"href":"https:\/\/everychildpediatrics.org\/es\/wp-json\/wp\/v2\/pages"}],"about":[{"href":"https:\/\/everychildpediatrics.org\/es\/wp-json\/wp\/v2\/types\/page"}],"author":[{"embeddable":true,"href":"https:\/\/everychildpediatrics.org\/es\/wp-json\/wp\/v2\/users\/7"}],"replies":[{"embeddable":true,"href":"https:\/\/everychildpediatrics.org\/es\/wp-json\/wp\/v2\/comments?post=17040"}],"version-history":[{"count":5,"href":"https:\/\/everychildpediatrics.org\/es\/wp-json\/wp\/v2\/pages\/17040\/revisions"}],"predecessor-version":[{"id":17614,"href":"https:\/\/everychildpediatrics.org\/es\/wp-json\/wp\/v2\/pages\/17040\/revisions\/17614"}],"wp:featuredmedia":[{"embeddable":true,"href":"https:\/\/everychildpediatrics.org\/es\/wp-json\/wp\/v2\/media\/17030"}],"wp:attachment":[{"href":"https:\/\/everychildpediatrics.org\/es\/wp-json\/wp\/v2\/media?parent=17040"}],"curies":[{"name":"wp","href":"https:\/\/api.w.org\/{rel}","templated":true}]}}