{"id":4858,"date":"2023-02-09T20:11:09","date_gmt":"2023-02-10T03:11:09","guid":{"rendered":"https:\/\/everychildpediatrics.org\/surveys\/"},"modified":"2023-05-09T02:06:38","modified_gmt":"2023-05-09T08:06:38","slug":"surveys","status":"publish","type":"page","link":"https:\/\/everychildpediatrics.org\/es\/surveys\/","title":{"rendered":"Encuestas"},"content":{"rendered":"\t\t<div data-elementor-type=\"wp-page\" data-elementor-id=\"4858\" class=\"elementor elementor-4858 elementor-34\" data-elementor-post-type=\"page\">\n\t\t\t\t\t\t<section class=\"elementor-section elementor-top-section elementor-element elementor-element-38a5bcd elementor-section-boxed elementor-section-height-default elementor-section-height-default\" data-id=\"38a5bcd\" data-element_type=\"section\" data-e-type=\"section\">\n\t\t\t\t\t\t<div class=\"elementor-container elementor-column-gap-default\">\n\t\t\t\t\t<div class=\"elementor-column elementor-col-100 elementor-top-column elementor-element elementor-element-b5700f5\" data-id=\"b5700f5\" data-element_type=\"column\" data-e-type=\"column\">\n\t\t\t<div class=\"elementor-widget-wrap elementor-element-populated\">\n\t\t\t\t\t\t<div class=\"elementor-element elementor-element-917b662 elementor-widget elementor-widget-heading\" data-id=\"917b662\" data-element_type=\"widget\" data-e-type=\"widget\" data-widget_type=\"heading.default\">\n\t\t\t\t<div class=\"elementor-widget-container\">\n\t\t\t\t\t<h2 class=\"elementor-heading-title elementor-size-default\">Bienvenido a Every Child Pediatrics,  <br>su nuevo Hogar M\u00e9dico.<\/h2>\t\t\t\t<\/div>\n\t\t\t\t<\/div>\n\t\t\t\t\t<\/div>\n\t\t<\/div>\n\t\t\t\t\t<\/div>\n\t\t<\/section>\n\t\t\t\t<section class=\"elementor-section elementor-top-section elementor-element elementor-element-57fcf7bf elementor-section-boxed elementor-section-height-default elementor-section-height-default\" data-id=\"57fcf7bf\" data-element_type=\"section\" data-e-type=\"section\">\n\t\t\t\t\t\t<div class=\"elementor-container elementor-column-gap-default\">\n\t\t\t\t\t<div class=\"elementor-column elementor-col-50 elementor-top-column elementor-element elementor-element-f8a23e9\" data-id=\"f8a23e9\" data-element_type=\"column\" data-e-type=\"column\">\n\t\t\t<div class=\"elementor-widget-wrap elementor-element-populated\">\n\t\t\t\t\t\t<div class=\"elementor-element elementor-element-3ff5d477 elementor-widget elementor-widget-text-editor\" data-id=\"3ff5d477\" data-element_type=\"widget\" data-e-type=\"widget\" data-widget_type=\"text-editor.default\">\n\t\t\t\t<div class=\"elementor-widget-container\">\n\t\t\t\t\t\t\t\t\t<h3>Encuesta a nuevos pacientes<\/h3>\n\n<hr>\n\n<p>Gracias por elegir Every Child Pediatrics como su proveedor m\u00e9dico. Nuestra misi\u00f3n es proporcionar asistencia sanitaria de alta calidad, accesible y asequible a todos los ni\u00f1os, independientemente de su situaci\u00f3n en cuanto al seguro o de su capacidad de pago.<\/p>\n\n<p>Como parte de nuestra bienvenida e incorporaci\u00f3n, pedimos a nuestros pacientes que rellenen una Encuesta de Bienvenida para aprender de nuestras familias y mejorar continuamente nuestra eficiencia. T\u00f3mese 5 minutos para rellenar la encuesta utilizando el enlace que figura a continuaci\u00f3n. Gracias, y bienvenidos a Pediatr\u00eda Every Child.<\/p>\n<a href=\"https:\/\/forms.office.com\/Pages\/ResponsePage.aspx?id=GL2_XcTzVkSeJR0AKGtyDA1hE6r5neJDqqcPOM23sTpURU00RTY3OTlRUlZXTVdZMjNXUlNRTUsyVi4u\" target=\"_blank\" rel=\"noopener\">Ver encuesta para nuevos pacientes<\/a>\t\t\t\t\t\t\t\t<\/div>\n\t\t\t\t<\/div>\n\t\t\t\t\t<\/div>\n\t\t<\/div>\n\t\t\t\t<div class=\"elementor-column elementor-col-50 elementor-top-column elementor-element elementor-element-2f4347f2\" data-id=\"2f4347f2\" data-element_type=\"column\" data-e-type=\"column\">\n\t\t\t<div class=\"elementor-widget-wrap elementor-element-populated\">\n\t\t\t\t\t\t<div class=\"elementor-element elementor-element-18e03262 elementor-widget elementor-widget-text-editor\" data-id=\"18e03262\" data-element_type=\"widget\" data-e-type=\"widget\" data-widget_type=\"text-editor.default\">\n\t\t\t\t<div class=\"elementor-widget-container\">\n\t\t\t\t\t\t\t\t\t<h3>Encuesta de satisfacci\u00f3n de los pacientes<\/h3>\n<hr>\n<p>Sus comentarios son importantes para nosotros. Esperamos tener noticias suyas despu\u00e9s de su visita a Every Child Pediatrics.<\/p>\n<p>Every Child Pediatrics se compromete a proporcionar atenci\u00f3n m\u00e9dica de alta calidad a todos nuestros pacientes. Con el fin de mejorar continuamente nuestro enfoque para ofrecer la mejor atenci\u00f3n posible, \u00a1queremos saber de usted!<\/p>\n<p>Por favor, no dedique m\u00e1s de 5 minutos a compartir su experiencia y c\u00f3mo podemos mejorar nuestros servicios.<\/p>\n<p>Acceda a nuestra encuesta para pacientes. Este formulario es para que los padres\/pacientes lo completen con respecto a su cita reciente en Every Child Pediatrics. Gracias.<\/p>\n<p><a href=\"https:\/\/forms.office.com\/Pages\/ResponsePage.aspx?id=GL2_XcTzVkSeJR0AKGtyDA1hE6r5neJDqqcPOM23sTpUQ0xaVE5VTEZZSTBaSEFaSktRUkxMMVFTMC4u\" target=\"_blank\" rel=\"noopener\">Ver la encuesta de satisfacci\u00f3n del paciente<\/a><\/p>\n\t\t\t\t\t\t\t\t<\/div>\n\t\t\t\t<\/div>\n\t\t\t\t\t<\/div>\n\t\t<\/div>\n\t\t\t\t\t<\/div>\n\t\t<\/section>\n\t\t\t\t<\/div>\n\t\t","protected":false},"excerpt":{"rendered":"<p>Bienvenido a Every Child Pediatrics, su nuevo Hogar M\u00e9dico. Encuesta a nuevos pacientes Gracias por elegir Every Child Pediatrics como su proveedor m\u00e9dico. Nuestra misi\u00f3n es proporcionar asistencia sanitaria de alta calidad, accesible y asequible a todos los ni\u00f1os, independientemente de su situaci\u00f3n en cuanto al seguro o de su capacidad de pago. Como parte [&hellip;]<\/p>\n","protected":false},"author":7,"featured_media":4855,"parent":0,"menu_order":30,"comment_status":"closed","ping_status":"closed","template":"","meta":{"inline_featured_image":false,"footnotes":""},"class_list":["post-4858","page","type-page","status-publish","has-post-thumbnail","hentry"],"yoast_head":"<!-- This site is optimized with the Yoast SEO plugin v27.3 - https:\/\/yoast.com\/product\/yoast-seo-wordpress\/ -->\n<title>Encuestas | Every Child Pediatrics<\/title>\n<meta name=\"description\" content=\"Encuestas at Every Child Pediatrics. Learn more about our organization, services, programs, careers and more.\" \/>\n<meta name=\"robots\" content=\"index, follow, max-snippet:-1, max-image-preview:large, max-video-preview:-1\" \/>\n<link rel=\"canonical\" href=\"https:\/\/everychildpediatrics.org\/es\/surveys\/\" \/>\n<meta property=\"og:locale\" content=\"es_ES\" \/>\n<meta property=\"og:type\" content=\"article\" \/>\n<meta property=\"og:title\" content=\"Encuestas | Every Child Pediatrics\" \/>\n<meta property=\"og:description\" content=\"Encuestas at Every Child Pediatrics. Learn more about our organization, services, programs, careers and more.\" \/>\n<meta property=\"og:url\" content=\"https:\/\/everychildpediatrics.org\/es\/surveys\/\" \/>\n<meta property=\"og:site_name\" content=\"Every Child Pediatrics\" \/>\n<meta property=\"article:publisher\" content=\"https:\/\/www.facebook.com\/everychildpediatrics\" \/>\n<meta property=\"article:modified_time\" content=\"2023-05-09T08:06:38+00:00\" \/>\n<meta property=\"og:image\" content=\"https:\/\/everychildpediatrics.org\/wp-content\/uploads\/2023\/02\/Doctor-handing-childrens-nutritional-drink-to-toddler-1024x303.png\" \/>\n\t<meta property=\"og:image:width\" content=\"1024\" \/>\n\t<meta property=\"og:image:height\" content=\"303\" \/>\n\t<meta property=\"og:image:type\" content=\"image\/png\" \/>\n<meta name=\"twitter:card\" content=\"summary_large_image\" \/>\n<meta name=\"twitter:site\" content=\"@everychildpeds\" \/>\n<meta name=\"twitter:label1\" content=\"Tiempo de lectura\" \/>\n\t<meta name=\"twitter:data1\" content=\"1 minuto\" \/>\n<script type=\"application\/ld+json\" class=\"yoast-schema-graph\">{\"@context\":\"https:\\\/\\\/schema.org\",\"@graph\":[{\"@type\":\"WebPage\",\"@id\":\"https:\\\/\\\/everychildpediatrics.org\\\/es\\\/surveys\\\/\",\"url\":\"https:\\\/\\\/everychildpediatrics.org\\\/es\\\/surveys\\\/\",\"name\":\"Encuestas | Every Child Pediatrics\",\"isPartOf\":{\"@id\":\"https:\\\/\\\/everychildpediatrics.org\\\/es\\\/#website\"},\"primaryImageOfPage\":{\"@id\":\"https:\\\/\\\/everychildpediatrics.org\\\/es\\\/surveys\\\/#primaryimage\"},\"image\":{\"@id\":\"https:\\\/\\\/everychildpediatrics.org\\\/es\\\/surveys\\\/#primaryimage\"},\"thumbnailUrl\":\"https:\\\/\\\/everychildpediatrics.org\\\/wp-content\\\/uploads\\\/2023\\\/02\\\/Doctor-handing-childrens-nutritional-drink-to-toddler.png\",\"datePublished\":\"2023-02-10T03:11:09+00:00\",\"dateModified\":\"2023-05-09T08:06:38+00:00\",\"description\":\"Encuestas at Every Child Pediatrics. Learn more about our organization, services, programs, careers and more.\",\"breadcrumb\":{\"@id\":\"https:\\\/\\\/everychildpediatrics.org\\\/es\\\/surveys\\\/#breadcrumb\"},\"inLanguage\":\"es\",\"potentialAction\":[{\"@type\":\"ReadAction\",\"target\":[\"https:\\\/\\\/everychildpediatrics.org\\\/es\\\/surveys\\\/\"]}]},{\"@type\":\"ImageObject\",\"inLanguage\":\"es\",\"@id\":\"https:\\\/\\\/everychildpediatrics.org\\\/es\\\/surveys\\\/#primaryimage\",\"url\":\"https:\\\/\\\/everychildpediatrics.org\\\/wp-content\\\/uploads\\\/2023\\\/02\\\/Doctor-handing-childrens-nutritional-drink-to-toddler.png\",\"contentUrl\":\"https:\\\/\\\/everychildpediatrics.org\\\/wp-content\\\/uploads\\\/2023\\\/02\\\/Doctor-handing-childrens-nutritional-drink-to-toddler.png\",\"width\":2000,\"height\":591},{\"@type\":\"BreadcrumbList\",\"@id\":\"https:\\\/\\\/everychildpediatrics.org\\\/es\\\/surveys\\\/#breadcrumb\",\"itemListElement\":[{\"@type\":\"ListItem\",\"position\":1,\"name\":\"Home\",\"item\":\"https:\\\/\\\/everychildpediatrics.org\\\/es\\\/\"},{\"@type\":\"ListItem\",\"position\":2,\"name\":\"Encuestas\"}]},{\"@type\":\"WebSite\",\"@id\":\"https:\\\/\\\/everychildpediatrics.org\\\/es\\\/#website\",\"url\":\"https:\\\/\\\/everychildpediatrics.org\\\/es\\\/\",\"name\":\"Every Child Pediatrics\",\"description\":\"La historia de cada ni\u00f1o merece un comienzo saludable\",\"publisher\":{\"@id\":\"https:\\\/\\\/everychildpediatrics.org\\\/es\\\/#organization\"},\"alternateName\":\"ECP\",\"potentialAction\":[{\"@type\":\"SearchAction\",\"target\":{\"@type\":\"EntryPoint\",\"urlTemplate\":\"https:\\\/\\\/everychildpediatrics.org\\\/es\\\/?s={search_term_string}\"},\"query-input\":{\"@type\":\"PropertyValueSpecification\",\"valueRequired\":true,\"valueName\":\"search_term_string\"}}],\"inLanguage\":\"es\"},{\"@type\":\"Organization\",\"@id\":\"https:\\\/\\\/everychildpediatrics.org\\\/es\\\/#organization\",\"name\":\"Every Child Pediatrics\",\"alternateName\":\"ECP\",\"url\":\"https:\\\/\\\/everychildpediatrics.org\\\/es\\\/\",\"logo\":{\"@type\":\"ImageObject\",\"inLanguage\":\"es\",\"@id\":\"https:\\\/\\\/everychildpediatrics.org\\\/es\\\/#\\\/schema\\\/logo\\\/image\\\/\",\"url\":\"https:\\\/\\\/everychildpediatrics.org\\\/wp-content\\\/uploads\\\/2022\\\/12\\\/Every-Child-Pediatrics-logo.svg\",\"contentUrl\":\"https:\\\/\\\/everychildpediatrics.org\\\/wp-content\\\/uploads\\\/2022\\\/12\\\/Every-Child-Pediatrics-logo.svg\",\"width\":360,\"height\":360,\"caption\":\"Every Child Pediatrics\"},\"image\":{\"@id\":\"https:\\\/\\\/everychildpediatrics.org\\\/es\\\/#\\\/schema\\\/logo\\\/image\\\/\"},\"sameAs\":[\"https:\\\/\\\/www.facebook.com\\\/everychildpediatrics\",\"https:\\\/\\\/x.com\\\/everychildpeds\"]}]}<\/script>\n<!-- \/ Yoast SEO plugin. -->","yoast_head_json":{"title":"Encuestas | Every Child Pediatrics","description":"Encuestas at Every Child Pediatrics. Learn more about our organization, services, programs, careers and more.","robots":{"index":"index","follow":"follow","max-snippet":"max-snippet:-1","max-image-preview":"max-image-preview:large","max-video-preview":"max-video-preview:-1"},"canonical":"https:\/\/everychildpediatrics.org\/es\/surveys\/","og_locale":"es_ES","og_type":"article","og_title":"Encuestas | Every Child Pediatrics","og_description":"Encuestas at Every Child Pediatrics. Learn more about our organization, services, programs, careers and more.","og_url":"https:\/\/everychildpediatrics.org\/es\/surveys\/","og_site_name":"Every Child Pediatrics","article_publisher":"https:\/\/www.facebook.com\/everychildpediatrics","article_modified_time":"2023-05-09T08:06:38+00:00","og_image":[{"width":1024,"height":303,"url":"https:\/\/everychildpediatrics.org\/wp-content\/uploads\/2023\/02\/Doctor-handing-childrens-nutritional-drink-to-toddler-1024x303.png","type":"image\/png"}],"twitter_card":"summary_large_image","twitter_site":"@everychildpeds","twitter_misc":{"Tiempo de lectura":"1 minuto"},"schema":{"@context":"https:\/\/schema.org","@graph":[{"@type":"WebPage","@id":"https:\/\/everychildpediatrics.org\/es\/surveys\/","url":"https:\/\/everychildpediatrics.org\/es\/surveys\/","name":"Encuestas | Every Child Pediatrics","isPartOf":{"@id":"https:\/\/everychildpediatrics.org\/es\/#website"},"primaryImageOfPage":{"@id":"https:\/\/everychildpediatrics.org\/es\/surveys\/#primaryimage"},"image":{"@id":"https:\/\/everychildpediatrics.org\/es\/surveys\/#primaryimage"},"thumbnailUrl":"https:\/\/everychildpediatrics.org\/wp-content\/uploads\/2023\/02\/Doctor-handing-childrens-nutritional-drink-to-toddler.png","datePublished":"2023-02-10T03:11:09+00:00","dateModified":"2023-05-09T08:06:38+00:00","description":"Encuestas at Every Child Pediatrics. Learn more about our organization, services, programs, careers and more.","breadcrumb":{"@id":"https:\/\/everychildpediatrics.org\/es\/surveys\/#breadcrumb"},"inLanguage":"es","potentialAction":[{"@type":"ReadAction","target":["https:\/\/everychildpediatrics.org\/es\/surveys\/"]}]},{"@type":"ImageObject","inLanguage":"es","@id":"https:\/\/everychildpediatrics.org\/es\/surveys\/#primaryimage","url":"https:\/\/everychildpediatrics.org\/wp-content\/uploads\/2023\/02\/Doctor-handing-childrens-nutritional-drink-to-toddler.png","contentUrl":"https:\/\/everychildpediatrics.org\/wp-content\/uploads\/2023\/02\/Doctor-handing-childrens-nutritional-drink-to-toddler.png","width":2000,"height":591},{"@type":"BreadcrumbList","@id":"https:\/\/everychildpediatrics.org\/es\/surveys\/#breadcrumb","itemListElement":[{"@type":"ListItem","position":1,"name":"Home","item":"https:\/\/everychildpediatrics.org\/es\/"},{"@type":"ListItem","position":2,"name":"Encuestas"}]},{"@type":"WebSite","@id":"https:\/\/everychildpediatrics.org\/es\/#website","url":"https:\/\/everychildpediatrics.org\/es\/","name":"Every Child Pediatrics","description":"La historia de cada ni\u00f1o merece un comienzo saludable","publisher":{"@id":"https:\/\/everychildpediatrics.org\/es\/#organization"},"alternateName":"ECP","potentialAction":[{"@type":"SearchAction","target":{"@type":"EntryPoint","urlTemplate":"https:\/\/everychildpediatrics.org\/es\/?s={search_term_string}"},"query-input":{"@type":"PropertyValueSpecification","valueRequired":true,"valueName":"search_term_string"}}],"inLanguage":"es"},{"@type":"Organization","@id":"https:\/\/everychildpediatrics.org\/es\/#organization","name":"Every Child Pediatrics","alternateName":"ECP","url":"https:\/\/everychildpediatrics.org\/es\/","logo":{"@type":"ImageObject","inLanguage":"es","@id":"https:\/\/everychildpediatrics.org\/es\/#\/schema\/logo\/image\/","url":"https:\/\/everychildpediatrics.org\/wp-content\/uploads\/2022\/12\/Every-Child-Pediatrics-logo.svg","contentUrl":"https:\/\/everychildpediatrics.org\/wp-content\/uploads\/2022\/12\/Every-Child-Pediatrics-logo.svg","width":360,"height":360,"caption":"Every Child Pediatrics"},"image":{"@id":"https:\/\/everychildpediatrics.org\/es\/#\/schema\/logo\/image\/"},"sameAs":["https:\/\/www.facebook.com\/everychildpediatrics","https:\/\/x.com\/everychildpeds"]}]}},"_links":{"self":[{"href":"https:\/\/everychildpediatrics.org\/es\/wp-json\/wp\/v2\/pages\/4858","targetHints":{"allow":["GET"]}}],"collection":[{"href":"https:\/\/everychildpediatrics.org\/es\/wp-json\/wp\/v2\/pages"}],"about":[{"href":"https:\/\/everychildpediatrics.org\/es\/wp-json\/wp\/v2\/types\/page"}],"author":[{"embeddable":true,"href":"https:\/\/everychildpediatrics.org\/es\/wp-json\/wp\/v2\/users\/7"}],"replies":[{"embeddable":true,"href":"https:\/\/everychildpediatrics.org\/es\/wp-json\/wp\/v2\/comments?post=4858"}],"version-history":[{"count":0,"href":"https:\/\/everychildpediatrics.org\/es\/wp-json\/wp\/v2\/pages\/4858\/revisions"}],"wp:featuredmedia":[{"embeddable":true,"href":"https:\/\/everychildpediatrics.org\/es\/wp-json\/wp\/v2\/media\/4855"}],"wp:attachment":[{"href":"https:\/\/everychildpediatrics.org\/es\/wp-json\/wp\/v2\/media?parent=4858"}],"curies":[{"name":"wp","href":"https:\/\/api.w.org\/{rel}","templated":true}]}}