{"id":4861,"date":"2023-02-09T20:10:20","date_gmt":"2023-02-10T03:10:20","guid":{"rendered":"https:\/\/everychildpediatrics.org\/resources-tools\/teen-resources\/"},"modified":"2025-04-07T10:50:55","modified_gmt":"2025-04-07T16:50:55","slug":"teen-resources","status":"publish","type":"page","link":"https:\/\/everychildpediatrics.org\/es\/resources-tools\/teen-resources\/","title":{"rendered":"Recursos para adolescentes"},"content":{"rendered":"\t\t<div data-elementor-type=\"wp-page\" data-elementor-id=\"4861\" class=\"elementor elementor-4861 elementor-31\" data-elementor-post-type=\"page\">\n\t\t\t\t\t\t<section class=\"elementor-section elementor-top-section elementor-element elementor-element-b7877e9 elementor-section-boxed elementor-section-height-default elementor-section-height-default\" data-id=\"b7877e9\" data-element_type=\"section\" data-e-type=\"section\">\n\t\t\t\t\t\t<div class=\"elementor-container elementor-column-gap-default\">\n\t\t\t\t\t<div class=\"elementor-column elementor-col-100 elementor-top-column elementor-element elementor-element-24bc03b\" data-id=\"24bc03b\" data-element_type=\"column\" data-e-type=\"column\">\n\t\t\t<div class=\"elementor-widget-wrap elementor-element-populated\">\n\t\t\t\t\t\t<div class=\"elementor-element elementor-element-36a70a6 elementor-widget elementor-widget-text-editor\" data-id=\"36a70a6\" data-element_type=\"widget\" data-e-type=\"widget\" data-widget_type=\"text-editor.default\">\n\t\t\t\t<div class=\"elementor-widget-container\">\n\t\t\t\t\t\t\t\t\t<p>Every Child Pediatrics se compromete a cuidar de nuestros adolescentes. Cuando los preadolescentes y adolescentes alcanzan la pubertad, pueden surgir una serie de problemas. A continuaci\u00f3n encontrar\u00e1s recursos para ayudar a los adolescentes con los problemas m\u00e1s acuciantes. Para m\u00e1s informaci\u00f3n, p\u00f3ngase en contacto con su m\u00e9dico.<\/p>\t\t\t\t\t\t\t\t<\/div>\n\t\t\t\t<\/div>\n\t\t\t\t\t<\/div>\n\t\t<\/div>\n\t\t\t\t\t<\/div>\n\t\t<\/section>\n\t\t\t\t<section class=\"elementor-section elementor-top-section elementor-element elementor-element-4ac21153 elementor-section-boxed elementor-section-height-default elementor-section-height-default\" data-id=\"4ac21153\" data-element_type=\"section\" data-e-type=\"section\">\n\t\t\t\t\t\t<div class=\"elementor-container elementor-column-gap-default\">\n\t\t\t\t\t<div class=\"elementor-column elementor-col-50 elementor-top-column elementor-element elementor-element-2279c8c6\" data-id=\"2279c8c6\" data-element_type=\"column\" data-e-type=\"column\">\n\t\t\t<div class=\"elementor-widget-wrap elementor-element-populated\">\n\t\t\t\t\t\t<div class=\"elementor-element elementor-element-1a372c9 elementor-widget elementor-widget-text-editor\" data-id=\"1a372c9\" data-element_type=\"widget\" data-e-type=\"widget\" data-widget_type=\"text-editor.default\">\n\t\t\t\t<div class=\"elementor-widget-container\">\n\t\t\t\t\t\t\t\t\t<h3>Pubertad<\/h3><hr><p><a href=\"https:\/\/amaze.org\/?topic=puberty\">Sorprenda a<\/a><\/p><p><a href=\"https:\/\/www.youtube.com\/playlist?list=PLD6886FF6CC42A83E\">Siempre<\/a><\/p><p><a href=\"https:\/\/www.healthychildren.org\/English\/ages-stages\/gradeschool\/puberty\/Pages\/Physical-Development-Girls-What-to-Expect.aspx\">Ni\u00f1os sanos (ni\u00f1as)<\/a><\/p><p><a href=\"https:\/\/www.healthychildren.org\/English\/ages-stages\/gradeschool\/puberty\/Pages\/Concerns-Boys-Have-About-Puberty.aspx\">Salud Infantil (Ni\u00f1os)<\/a><\/p><p><a href=\"https:\/\/www.amazon.com\/Care-Keeping-You-Younger-Revised\/dp\/1609580834\">American Girl: El cuidado y la conservaci\u00f3n de ti<\/a><\/p><p><a href=\"https:\/\/www.amazon.com\/Guy-Stuff-Body-Book-Boys\/dp\/1683370260\">Cosas de chicos: El libro del cuerpo para chicos<\/a><\/p>\t\t\t\t\t\t\t\t<\/div>\n\t\t\t\t<\/div>\n\t\t\t\t\t<\/div>\n\t\t<\/div>\n\t\t\t\t<div class=\"elementor-column elementor-col-50 elementor-top-column elementor-element elementor-element-262a1ac9\" data-id=\"262a1ac9\" data-element_type=\"column\" data-e-type=\"column\">\n\t\t\t<div class=\"elementor-widget-wrap elementor-element-populated\">\n\t\t\t\t\t\t<div class=\"elementor-element elementor-element-2653d88e elementor-widget elementor-widget-text-editor\" data-id=\"2653d88e\" data-element_type=\"widget\" data-e-type=\"widget\" data-widget_type=\"text-editor.default\">\n\t\t\t\t<div class=\"elementor-widget-container\">\n\t\t\t\t\t\t\t\t\t<h3>Medios de comunicaci\u00f3n social<\/h3><hr><p><a href=\"https:\/\/www.healthychildren.org\/English\/family-life\/Media\/Pages\/default.aspx\">Ni\u00f1os sanos<\/a><\/p><p><a href=\"https:\/\/kidshealth.org\/en\/parents\/screentime-teens.html\">KidsHealth<\/a><\/p>\t\t\t\t\t\t\t\t<\/div>\n\t\t\t\t<\/div>\n\t\t\t\t\t<\/div>\n\t\t<\/div>\n\t\t\t\t\t<\/div>\n\t\t<\/section>\n\t\t\t\t<section class=\"elementor-section elementor-top-section elementor-element elementor-element-d70de43 elementor-section-boxed elementor-section-height-default elementor-section-height-default\" data-id=\"d70de43\" data-element_type=\"section\" data-e-type=\"section\">\n\t\t\t\t\t\t<div class=\"elementor-container elementor-column-gap-default\">\n\t\t\t\t\t<div class=\"elementor-column elementor-col-50 elementor-top-column elementor-element elementor-element-e4a53a9\" data-id=\"e4a53a9\" data-element_type=\"column\" data-e-type=\"column\">\n\t\t\t<div class=\"elementor-widget-wrap elementor-element-populated\">\n\t\t\t\t\t\t<div class=\"elementor-element elementor-element-0cc8f07 elementor-widget elementor-widget-text-editor\" data-id=\"0cc8f07\" data-element_type=\"widget\" data-e-type=\"widget\" data-widget_type=\"text-editor.default\">\n\t\t\t\t<div class=\"elementor-widget-container\">\n\t\t\t\t\t\t\t\t\t<h3>Prevenci\u00f3n del suicidio<\/h3><hr><p><a href=\"https:\/\/suicidepreventionlifeline.org\/\">L\u00ednea de prevenci\u00f3n del suicidio<\/a><\/p><p><span style=\"font-weight: 400;\">L\u00ednea Nacional de Prevenci\u00f3n del Suicidio: <\/span><a href=\"tel:+1-800-273-8255\">1-800-273-8255<\/a><\/p><p><span style=\"font-weight: 400;\">L\u00ednea directa de crisis de Colorado: <\/span><a href=\"tel:+1-844-493-8255\">1-844-493-8255<\/a><\/p><p><span style=\"font-weight: 400;\">L\u00ednea de ayuda Trevor (para j\u00f3venes LQBTQIA+): <\/span><strong><a href=\"tel:+1-866-488-7836\">1-866-488-7836<\/a><\/strong> <br><span style=\"font-weight: 400;\">o env\u00eda un mensaje de texto con la palabra <\/span><b>\u201cTrevor\u201d<\/b><span style=\"font-weight: 400;\"> al <\/span><strong><a href=\"sms:+12023041200\">1-202-304-1200<\/a><\/strong><\/p>\t\t\t\t\t\t\t\t<\/div>\n\t\t\t\t<\/div>\n\t\t\t\t\t<\/div>\n\t\t<\/div>\n\t\t\t\t<div class=\"elementor-column elementor-col-50 elementor-top-column elementor-element elementor-element-e3acb61\" data-id=\"e3acb61\" data-element_type=\"column\" data-e-type=\"column\">\n\t\t\t<div class=\"elementor-widget-wrap elementor-element-populated\">\n\t\t\t\t\t\t<div class=\"elementor-element elementor-element-f3ec203 elementor-widget elementor-widget-text-editor\" data-id=\"f3ec203\" data-element_type=\"widget\" data-e-type=\"widget\" data-widget_type=\"text-editor.default\">\n\t\t\t\t<div class=\"elementor-widget-container\">\n\t\t\t\t\t\t\t\t\t<h3>Drogas y alcohol<\/h3><hr><p><a href=\"https:\/\/kidshealth.org\/en\/teens\/drug-alcohol\/\">KidsHealth<\/a><\/p><p><a href=\"https:\/\/youngmenshealthsite.org\/guides\/marijuana\/\">Marihuana<\/a><\/p><p><a href=\"https:\/\/e-cigarettes.surgeongeneral.gov\/\">Cigarrillos electr\u00f3nicos<\/a><\/p>\t\t\t\t\t\t\t\t<\/div>\n\t\t\t\t<\/div>\n\t\t\t\t\t<\/div>\n\t\t<\/div>\n\t\t\t\t\t<\/div>\n\t\t<\/section>\n\t\t\t\t<section class=\"elementor-section elementor-top-section elementor-element elementor-element-febd2f1 elementor-section-boxed elementor-section-height-default elementor-section-height-default\" data-id=\"febd2f1\" data-element_type=\"section\" data-e-type=\"section\">\n\t\t\t\t\t\t<div class=\"elementor-container elementor-column-gap-default\">\n\t\t\t\t\t<div class=\"elementor-column elementor-col-50 elementor-top-column elementor-element elementor-element-49e5cb4\" data-id=\"49e5cb4\" data-element_type=\"column\" data-e-type=\"column\">\n\t\t\t<div class=\"elementor-widget-wrap elementor-element-populated\">\n\t\t\t\t\t\t<div class=\"elementor-element elementor-element-0f4f077 elementor-widget elementor-widget-text-editor\" data-id=\"0f4f077\" data-element_type=\"widget\" data-e-type=\"widget\" data-widget_type=\"text-editor.default\">\n\t\t\t\t<div class=\"elementor-widget-container\">\n\t\t\t\t\t\t\t\t\t<h3>Anticoncepci\u00f3n y sensibilizaci\u00f3n sobre las ITS<\/h3><hr><p><a href=\"https:\/\/amaze.org\/?topic=stds-and-hiv\">Sorprenda a<\/a><\/p><p><a href=\"https:\/\/www.bedsider.org\/methods\">Bedsider<\/a><\/p><p><a href=\"https:\/\/bc4u.org\/\">BC4U<\/a><\/p><p><a href=\"https:\/\/youngmenshealthsite.org\/sexual-health-index\/\">Salud de los hombres j\u00f3venes<\/a><\/p>\t\t\t\t\t\t\t\t<\/div>\n\t\t\t\t<\/div>\n\t\t\t\t\t<\/div>\n\t\t<\/div>\n\t\t\t\t<div class=\"elementor-column elementor-col-50 elementor-top-column elementor-element elementor-element-6580b84\" data-id=\"6580b84\" data-element_type=\"column\" data-e-type=\"column\">\n\t\t\t<div class=\"elementor-widget-wrap elementor-element-populated\">\n\t\t\t\t\t\t<div class=\"elementor-element elementor-element-0e1ae0c elementor-widget elementor-widget-text-editor\" data-id=\"0e1ae0c\" data-element_type=\"widget\" data-e-type=\"widget\" data-widget_type=\"text-editor.default\">\n\t\t\t\t<div class=\"elementor-widget-container\">\n\t\t\t\t\t\t\t\t\t<h3>Comunidad LGBTQIA<\/h3><hr><p><a href=\"https:\/\/www.thetrevorproject.org\/\">Proyecto Trevor<\/a><\/p><p><a href=\"https:\/\/www.childrenscolorado.org\/doctors-and-departments\/departments\/endocrinology\/true-gender-diversity-center\/\">Cl\u00ednica TRUE del Hospital Infantil de Colorado<\/a><\/p>\t\t\t\t\t\t\t\t<\/div>\n\t\t\t\t<\/div>\n\t\t\t\t\t<\/div>\n\t\t<\/div>\n\t\t\t\t\t<\/div>\n\t\t<\/section>\n\t\t\t\t<\/div>\n\t\t","protected":false},"excerpt":{"rendered":"<p>Every Child Pediatrics se compromete a cuidar de nuestros adolescentes. Cuando los preadolescentes y adolescentes alcanzan la pubertad, pueden surgir una serie de problemas. A continuaci\u00f3n encontrar\u00e1s recursos para ayudar a los adolescentes con los problemas m\u00e1s acuciantes. Para m\u00e1s informaci\u00f3n, p\u00f3ngase en contacto con su m\u00e9dico. Pubertad Sorprenda a Siempre Ni\u00f1os sanos (ni\u00f1as) Salud [&hellip;]<\/p>\n","protected":false},"author":7,"featured_media":4855,"parent":4859,"menu_order":0,"comment_status":"closed","ping_status":"closed","template":"","meta":{"inline_featured_image":false,"footnotes":""},"class_list":["post-4861","page","type-page","status-publish","has-post-thumbnail","hentry"],"yoast_head":"<!-- This site is optimized with the Yoast SEO plugin v27.3 - https:\/\/yoast.com\/product\/yoast-seo-wordpress\/ -->\n<title>Recursos para adolescentes | Every Child Pediatrics<\/title>\n<meta name=\"description\" content=\"Recursos para adolescentes at Every Child Pediatrics. Learn more about our organization, services, programs, careers and more.\" \/>\n<meta name=\"robots\" content=\"index, follow, max-snippet:-1, max-image-preview:large, max-video-preview:-1\" \/>\n<link rel=\"canonical\" href=\"https:\/\/everychildpediatrics.org\/es\/resources-tools\/teen-resources\/\" \/>\n<meta property=\"og:locale\" content=\"es_ES\" \/>\n<meta property=\"og:type\" content=\"article\" \/>\n<meta property=\"og:title\" content=\"Recursos para adolescentes | Every Child Pediatrics\" \/>\n<meta property=\"og:description\" content=\"Recursos para adolescentes at Every Child Pediatrics. Learn more about our organization, services, programs, careers and more.\" \/>\n<meta property=\"og:url\" content=\"https:\/\/everychildpediatrics.org\/es\/resources-tools\/teen-resources\/\" \/>\n<meta property=\"og:site_name\" content=\"Every Child Pediatrics\" \/>\n<meta property=\"article:publisher\" content=\"https:\/\/www.facebook.com\/everychildpediatrics\" \/>\n<meta property=\"article:modified_time\" content=\"2025-04-07T16:50:55+00:00\" \/>\n<meta property=\"og:image\" content=\"https:\/\/everychildpediatrics.org\/wp-content\/uploads\/2023\/02\/Doctor-handing-childrens-nutritional-drink-to-toddler.png\" \/>\n\t<meta property=\"og:image:width\" content=\"2000\" \/>\n\t<meta property=\"og:image:height\" content=\"591\" \/>\n\t<meta property=\"og:image:type\" content=\"image\/png\" \/>\n<meta name=\"twitter:card\" content=\"summary_large_image\" \/>\n<meta name=\"twitter:site\" content=\"@everychildpeds\" \/>\n<meta name=\"twitter:label1\" content=\"Tiempo de lectura\" \/>\n\t<meta name=\"twitter:data1\" content=\"1 minuto\" \/>\n<script type=\"application\/ld+json\" class=\"yoast-schema-graph\">{\"@context\":\"https:\\\/\\\/schema.org\",\"@graph\":[{\"@type\":\"WebPage\",\"@id\":\"https:\\\/\\\/everychildpediatrics.org\\\/es\\\/resources-tools\\\/teen-resources\\\/\",\"url\":\"https:\\\/\\\/everychildpediatrics.org\\\/es\\\/resources-tools\\\/teen-resources\\\/\",\"name\":\"Recursos para adolescentes | Every Child Pediatrics\",\"isPartOf\":{\"@id\":\"https:\\\/\\\/everychildpediatrics.org\\\/es\\\/#website\"},\"primaryImageOfPage\":{\"@id\":\"https:\\\/\\\/everychildpediatrics.org\\\/es\\\/resources-tools\\\/teen-resources\\\/#primaryimage\"},\"image\":{\"@id\":\"https:\\\/\\\/everychildpediatrics.org\\\/es\\\/resources-tools\\\/teen-resources\\\/#primaryimage\"},\"thumbnailUrl\":\"https:\\\/\\\/everychildpediatrics.org\\\/wp-content\\\/uploads\\\/2023\\\/02\\\/Doctor-handing-childrens-nutritional-drink-to-toddler.png\",\"datePublished\":\"2023-02-10T03:10:20+00:00\",\"dateModified\":\"2025-04-07T16:50:55+00:00\",\"description\":\"Recursos para adolescentes at Every Child Pediatrics. Learn more about our organization, services, programs, careers and more.\",\"breadcrumb\":{\"@id\":\"https:\\\/\\\/everychildpediatrics.org\\\/es\\\/resources-tools\\\/teen-resources\\\/#breadcrumb\"},\"inLanguage\":\"es\",\"potentialAction\":[{\"@type\":\"ReadAction\",\"target\":[\"https:\\\/\\\/everychildpediatrics.org\\\/es\\\/resources-tools\\\/teen-resources\\\/\"]}]},{\"@type\":\"ImageObject\",\"inLanguage\":\"es\",\"@id\":\"https:\\\/\\\/everychildpediatrics.org\\\/es\\\/resources-tools\\\/teen-resources\\\/#primaryimage\",\"url\":\"https:\\\/\\\/everychildpediatrics.org\\\/wp-content\\\/uploads\\\/2023\\\/02\\\/Doctor-handing-childrens-nutritional-drink-to-toddler.png\",\"contentUrl\":\"https:\\\/\\\/everychildpediatrics.org\\\/wp-content\\\/uploads\\\/2023\\\/02\\\/Doctor-handing-childrens-nutritional-drink-to-toddler.png\",\"width\":2000,\"height\":591},{\"@type\":\"BreadcrumbList\",\"@id\":\"https:\\\/\\\/everychildpediatrics.org\\\/es\\\/resources-tools\\\/teen-resources\\\/#breadcrumb\",\"itemListElement\":[{\"@type\":\"ListItem\",\"position\":1,\"name\":\"Home\",\"item\":\"https:\\\/\\\/everychildpediatrics.org\\\/es\\\/\"},{\"@type\":\"ListItem\",\"position\":2,\"name\":\"Recursos y herramientas\",\"item\":\"https:\\\/\\\/everychildpediatrics.org\\\/es\\\/resources-tools\\\/\"},{\"@type\":\"ListItem\",\"position\":3,\"name\":\"Recursos para adolescentes\"}]},{\"@type\":\"WebSite\",\"@id\":\"https:\\\/\\\/everychildpediatrics.org\\\/es\\\/#website\",\"url\":\"https:\\\/\\\/everychildpediatrics.org\\\/es\\\/\",\"name\":\"Every Child Pediatrics\",\"description\":\"La historia de cada ni\u00f1o merece un comienzo saludable\",\"publisher\":{\"@id\":\"https:\\\/\\\/everychildpediatrics.org\\\/es\\\/#organization\"},\"alternateName\":\"ECP\",\"potentialAction\":[{\"@type\":\"SearchAction\",\"target\":{\"@type\":\"EntryPoint\",\"urlTemplate\":\"https:\\\/\\\/everychildpediatrics.org\\\/es\\\/?s={search_term_string}\"},\"query-input\":{\"@type\":\"PropertyValueSpecification\",\"valueRequired\":true,\"valueName\":\"search_term_string\"}}],\"inLanguage\":\"es\"},{\"@type\":\"Organization\",\"@id\":\"https:\\\/\\\/everychildpediatrics.org\\\/es\\\/#organization\",\"name\":\"Every Child Pediatrics\",\"alternateName\":\"ECP\",\"url\":\"https:\\\/\\\/everychildpediatrics.org\\\/es\\\/\",\"logo\":{\"@type\":\"ImageObject\",\"inLanguage\":\"es\",\"@id\":\"https:\\\/\\\/everychildpediatrics.org\\\/es\\\/#\\\/schema\\\/logo\\\/image\\\/\",\"url\":\"https:\\\/\\\/everychildpediatrics.org\\\/wp-content\\\/uploads\\\/2022\\\/12\\\/Every-Child-Pediatrics-logo.svg\",\"contentUrl\":\"https:\\\/\\\/everychildpediatrics.org\\\/wp-content\\\/uploads\\\/2022\\\/12\\\/Every-Child-Pediatrics-logo.svg\",\"width\":360,\"height\":360,\"caption\":\"Every Child Pediatrics\"},\"image\":{\"@id\":\"https:\\\/\\\/everychildpediatrics.org\\\/es\\\/#\\\/schema\\\/logo\\\/image\\\/\"},\"sameAs\":[\"https:\\\/\\\/www.facebook.com\\\/everychildpediatrics\",\"https:\\\/\\\/x.com\\\/everychildpeds\"]}]}<\/script>\n<!-- \/ Yoast SEO plugin. -->","yoast_head_json":{"title":"Recursos para adolescentes | Every Child Pediatrics","description":"Recursos para adolescentes at Every Child Pediatrics. Learn more about our organization, services, programs, careers and more.","robots":{"index":"index","follow":"follow","max-snippet":"max-snippet:-1","max-image-preview":"max-image-preview:large","max-video-preview":"max-video-preview:-1"},"canonical":"https:\/\/everychildpediatrics.org\/es\/resources-tools\/teen-resources\/","og_locale":"es_ES","og_type":"article","og_title":"Recursos para adolescentes | Every Child Pediatrics","og_description":"Recursos para adolescentes at Every Child Pediatrics. Learn more about our organization, services, programs, careers and more.","og_url":"https:\/\/everychildpediatrics.org\/es\/resources-tools\/teen-resources\/","og_site_name":"Every Child Pediatrics","article_publisher":"https:\/\/www.facebook.com\/everychildpediatrics","article_modified_time":"2025-04-07T16:50:55+00:00","og_image":[{"width":2000,"height":591,"url":"https:\/\/everychildpediatrics.org\/wp-content\/uploads\/2023\/02\/Doctor-handing-childrens-nutritional-drink-to-toddler.png","type":"image\/png"}],"twitter_card":"summary_large_image","twitter_site":"@everychildpeds","twitter_misc":{"Tiempo de lectura":"1 minuto"},"schema":{"@context":"https:\/\/schema.org","@graph":[{"@type":"WebPage","@id":"https:\/\/everychildpediatrics.org\/es\/resources-tools\/teen-resources\/","url":"https:\/\/everychildpediatrics.org\/es\/resources-tools\/teen-resources\/","name":"Recursos para adolescentes | Every Child Pediatrics","isPartOf":{"@id":"https:\/\/everychildpediatrics.org\/es\/#website"},"primaryImageOfPage":{"@id":"https:\/\/everychildpediatrics.org\/es\/resources-tools\/teen-resources\/#primaryimage"},"image":{"@id":"https:\/\/everychildpediatrics.org\/es\/resources-tools\/teen-resources\/#primaryimage"},"thumbnailUrl":"https:\/\/everychildpediatrics.org\/wp-content\/uploads\/2023\/02\/Doctor-handing-childrens-nutritional-drink-to-toddler.png","datePublished":"2023-02-10T03:10:20+00:00","dateModified":"2025-04-07T16:50:55+00:00","description":"Recursos para adolescentes at Every Child Pediatrics. Learn more about our organization, services, programs, careers and more.","breadcrumb":{"@id":"https:\/\/everychildpediatrics.org\/es\/resources-tools\/teen-resources\/#breadcrumb"},"inLanguage":"es","potentialAction":[{"@type":"ReadAction","target":["https:\/\/everychildpediatrics.org\/es\/resources-tools\/teen-resources\/"]}]},{"@type":"ImageObject","inLanguage":"es","@id":"https:\/\/everychildpediatrics.org\/es\/resources-tools\/teen-resources\/#primaryimage","url":"https:\/\/everychildpediatrics.org\/wp-content\/uploads\/2023\/02\/Doctor-handing-childrens-nutritional-drink-to-toddler.png","contentUrl":"https:\/\/everychildpediatrics.org\/wp-content\/uploads\/2023\/02\/Doctor-handing-childrens-nutritional-drink-to-toddler.png","width":2000,"height":591},{"@type":"BreadcrumbList","@id":"https:\/\/everychildpediatrics.org\/es\/resources-tools\/teen-resources\/#breadcrumb","itemListElement":[{"@type":"ListItem","position":1,"name":"Home","item":"https:\/\/everychildpediatrics.org\/es\/"},{"@type":"ListItem","position":2,"name":"Recursos y herramientas","item":"https:\/\/everychildpediatrics.org\/es\/resources-tools\/"},{"@type":"ListItem","position":3,"name":"Recursos para adolescentes"}]},{"@type":"WebSite","@id":"https:\/\/everychildpediatrics.org\/es\/#website","url":"https:\/\/everychildpediatrics.org\/es\/","name":"Every Child Pediatrics","description":"La historia de cada ni\u00f1o merece un comienzo saludable","publisher":{"@id":"https:\/\/everychildpediatrics.org\/es\/#organization"},"alternateName":"ECP","potentialAction":[{"@type":"SearchAction","target":{"@type":"EntryPoint","urlTemplate":"https:\/\/everychildpediatrics.org\/es\/?s={search_term_string}"},"query-input":{"@type":"PropertyValueSpecification","valueRequired":true,"valueName":"search_term_string"}}],"inLanguage":"es"},{"@type":"Organization","@id":"https:\/\/everychildpediatrics.org\/es\/#organization","name":"Every Child Pediatrics","alternateName":"ECP","url":"https:\/\/everychildpediatrics.org\/es\/","logo":{"@type":"ImageObject","inLanguage":"es","@id":"https:\/\/everychildpediatrics.org\/es\/#\/schema\/logo\/image\/","url":"https:\/\/everychildpediatrics.org\/wp-content\/uploads\/2022\/12\/Every-Child-Pediatrics-logo.svg","contentUrl":"https:\/\/everychildpediatrics.org\/wp-content\/uploads\/2022\/12\/Every-Child-Pediatrics-logo.svg","width":360,"height":360,"caption":"Every Child Pediatrics"},"image":{"@id":"https:\/\/everychildpediatrics.org\/es\/#\/schema\/logo\/image\/"},"sameAs":["https:\/\/www.facebook.com\/everychildpediatrics","https:\/\/x.com\/everychildpeds"]}]}},"_links":{"self":[{"href":"https:\/\/everychildpediatrics.org\/es\/wp-json\/wp\/v2\/pages\/4861","targetHints":{"allow":["GET"]}}],"collection":[{"href":"https:\/\/everychildpediatrics.org\/es\/wp-json\/wp\/v2\/pages"}],"about":[{"href":"https:\/\/everychildpediatrics.org\/es\/wp-json\/wp\/v2\/types\/page"}],"author":[{"embeddable":true,"href":"https:\/\/everychildpediatrics.org\/es\/wp-json\/wp\/v2\/users\/7"}],"replies":[{"embeddable":true,"href":"https:\/\/everychildpediatrics.org\/es\/wp-json\/wp\/v2\/comments?post=4861"}],"version-history":[{"count":5,"href":"https:\/\/everychildpediatrics.org\/es\/wp-json\/wp\/v2\/pages\/4861\/revisions"}],"predecessor-version":[{"id":7321,"href":"https:\/\/everychildpediatrics.org\/es\/wp-json\/wp\/v2\/pages\/4861\/revisions\/7321"}],"up":[{"embeddable":true,"href":"https:\/\/everychildpediatrics.org\/es\/wp-json\/wp\/v2\/pages\/4859"}],"wp:featuredmedia":[{"embeddable":true,"href":"https:\/\/everychildpediatrics.org\/es\/wp-json\/wp\/v2\/media\/4855"}],"wp:attachment":[{"href":"https:\/\/everychildpediatrics.org\/es\/wp-json\/wp\/v2\/media?parent=4861"}],"curies":[{"name":"wp","href":"https:\/\/api.w.org\/{rel}","templated":true}]}}