{"id":4862,"date":"2023-02-09T20:10:04","date_gmt":"2023-02-10T03:10:04","guid":{"rendered":"https:\/\/everychildpediatrics.org\/resources-tools\/vaccine-statement-resources\/"},"modified":"2026-02-05T09:57:43","modified_gmt":"2026-02-05T16:57:43","slug":"vaccine-statement-resources","status":"publish","type":"page","link":"https:\/\/everychildpediatrics.org\/es\/resources-tools\/vaccine-statement-resources\/","title":{"rendered":"Vacunas y recursos"},"content":{"rendered":"\t\t<div data-elementor-type=\"wp-page\" data-elementor-id=\"4862\" class=\"elementor elementor-4862 elementor-30\" data-elementor-post-type=\"page\">\n\t\t\t\t\t\t<section class=\"elementor-section elementor-top-section elementor-element elementor-element-e9a8c27 elementor-section-boxed elementor-section-height-default elementor-section-height-default\" data-id=\"e9a8c27\" data-element_type=\"section\" data-e-type=\"section\">\n\t\t\t\t\t\t<div class=\"elementor-container elementor-column-gap-default\">\n\t\t\t\t\t<div class=\"elementor-column elementor-col-100 elementor-top-column elementor-element elementor-element-ac7f124\" data-id=\"ac7f124\" data-element_type=\"column\" data-e-type=\"column\">\n\t\t\t<div class=\"elementor-widget-wrap elementor-element-populated\">\n\t\t\t\t\t\t<section class=\"elementor-section elementor-inner-section elementor-element elementor-element-5b6012b elementor-section-boxed elementor-section-height-default elementor-section-height-default\" data-id=\"5b6012b\" data-element_type=\"section\" data-e-type=\"section\">\n\t\t\t\t\t\t<div class=\"elementor-container elementor-column-gap-default\">\n\t\t\t\t\t<div class=\"elementor-column elementor-col-50 elementor-inner-column elementor-element elementor-element-2dec81a\" data-id=\"2dec81a\" data-element_type=\"column\" data-e-type=\"column\">\n\t\t\t<div class=\"elementor-widget-wrap elementor-element-populated\">\n\t\t\t\t\t\t<div class=\"elementor-element elementor-element-1f8aba4d elementor-widget elementor-widget-text-editor\" data-id=\"1f8aba4d\" data-element_type=\"widget\" data-e-type=\"widget\" data-widget_type=\"text-editor.default\">\n\t\t\t\t<div class=\"elementor-widget-container\">\n\t\t\t\t\t\t\t\t\t<h4>Nuestra declaraci\u00f3n sobre la vacuna<\/h4><p>Creemos firmemente en los beneficios de la vacunaci\u00f3n infantil sistem\u00e1tica, y nuestra pol\u00edtica es recomendar el calendario de vacunaci\u00f3n completo, tal como recomiendan la Academia Americana de Pediatr\u00eda (AAP) y los Centros para el Control y la Prevenci\u00f3n de Enfermedades (CDC). Sabemos que las vacunas han logrado reducir las tasas de enfermedades prevenibles mediante vacunaci\u00f3n, y en ocasiones las han eliminado.<\/p><p>Queremos ayudarle a tomar la mejor decisi\u00f3n para su hijo. Sabiendo que hay informaci\u00f3n err\u00f3nea en Internet, recomendamos los sitios web que figuran a continuaci\u00f3n para obtener informaci\u00f3n sobre las vacunas. Le animamos a que haga preguntas y hable de las ventajas de las vacunas con su pediatra.<\/p>\t\t\t\t\t\t\t\t<\/div>\n\t\t\t\t<\/div>\n\t\t\t\t<div class=\"elementor-element elementor-element-cea3dbc elementor-widget elementor-widget-text-editor\" data-id=\"cea3dbc\" data-element_type=\"widget\" data-e-type=\"widget\" data-widget_type=\"text-editor.default\">\n\t\t\t\t<div class=\"elementor-widget-container\">\n\t\t\t\t\t\t\t\t\t<h4>C\u00f3mo funcionan las vacunas<\/h4><p>Cuando un virus o una enfermedad penetran en el organismo, el sistema inmunitario se encarga de identificarlo como una amenaza y de combatirlo. Las vacunas est\u00e1n dise\u00f1adas para entrenar el sistema inmunitario. Ense\u00f1an al organismo de tu hijo a protegerse para que, cuando aparezca la versi\u00f3n real de una enfermedad, su sistema inmunitario ya haya creado las defensas que necesita para defenderse de la infecci\u00f3n.<\/p>\t\t\t\t\t\t\t\t<\/div>\n\t\t\t\t<\/div>\n\t\t\t\t<div class=\"elementor-element elementor-element-a46a82e elementor-widget elementor-widget-text-editor\" data-id=\"a46a82e\" data-element_type=\"widget\" data-e-type=\"widget\" data-widget_type=\"text-editor.default\">\n\t\t\t\t<div class=\"elementor-widget-container\">\n\t\t\t\t\t\t\t\t\t<h4>Profundamente investigado y sometido a pruebas constantes<\/h4><p>Antes de que una vacuna est\u00e9 disponible para el p\u00fablico en general, su seguridad y eficacia deben evaluarse exhaustivamente mediante ensayos cl\u00ednicos en los que participen miles de personas. M\u00e9dicos y cient\u00edficos formados en docenas de disciplinas revisan minuciosamente miles de p\u00e1ginas de datos de estos ensayos para evaluar y garantizar que la vacuna es segura y funciona bien para prevenir la enfermedad. La norma es a\u00fan m\u00e1s rigurosa para las vacunas utilizadas en ni\u00f1os peque\u00f1os. Adem\u00e1s, los Centros para el Control y la Prevenci\u00f3n de Enfermedades (CDC) siguen controlando la seguridad de todas las vacunas una vez aprobadas.<\/p>\t\t\t\t\t\t\t\t<\/div>\n\t\t\t\t<\/div>\n\t\t\t\t<div class=\"elementor-element elementor-element-34f6a92 elementor-widget elementor-widget-text-editor\" data-id=\"34f6a92\" data-element_type=\"widget\" data-e-type=\"widget\" data-widget_type=\"text-editor.default\">\n\t\t\t\t<div class=\"elementor-widget-container\">\n\t\t\t\t\t\t\t\t\t<h4>Las vacunas salvan vidas y previenen enfermedades<\/h4><p>Las vacunas protegen contra la propagaci\u00f3n de enfermedades peligrosas. Salvan millones de vidas en todo el mundo cada a\u00f1o. No vacunar a los ni\u00f1os los pone en riesgo de contraer y propagar enfermedades peligrosas, lo que tambi\u00e9n pone en peligro a otros ni\u00f1os que se encuentren con ellos.<\/p>\t\t\t\t\t\t\t\t<\/div>\n\t\t\t\t<\/div>\n\t\t\t\t<div class=\"elementor-element elementor-element-784fca7 elementor-widget elementor-widget-text-editor\" data-id=\"784fca7\" data-element_type=\"widget\" data-e-type=\"widget\" data-widget_type=\"text-editor.default\">\n\t\t\t\t<div class=\"elementor-widget-container\">\n\t\t\t\t\t\t\t\t\t<h4>Conclusi\u00f3n<\/h4><p>Las vacunas funcionan mejor cuando protegen a toda la comunidad, especialmente a las personas vulnerables que no pueden recibir vacunas o no pueden combatir f\u00e1cilmente las infecciones, como los beb\u00e9s, los ancianos y las personas con sistemas inmunitarios d\u00e9biles.<\/p><p>La mayor\u00eda de las reacciones a las vacunas, como un brazo dolorido o un poco de fiebre, son leves y no duran mucho. Las enfermedades que previenen son a menudo graves y pueden ser mortales. Vacunarse es mucho mejor que contraer la enfermedad.<\/p>\t\t\t\t\t\t\t\t<\/div>\n\t\t\t\t<\/div>\n\t\t\t\t\t<\/div>\n\t\t<\/div>\n\t\t\t\t<div class=\"elementor-column elementor-col-50 elementor-inner-column elementor-element elementor-element-f5bacfb\" data-id=\"f5bacfb\" data-element_type=\"column\" data-e-type=\"column\">\n\t\t\t<div class=\"elementor-widget-wrap elementor-element-populated\">\n\t\t\t\t\t\t<div class=\"elementor-element elementor-element-b52f021 elementor-widget elementor-widget-text-editor\" data-id=\"b52f021\" data-element_type=\"widget\" data-e-type=\"widget\" data-widget_type=\"text-editor.default\">\n\t\t\t\t<div class=\"elementor-widget-container\">\n\t\t\t\t\t\t\t\t\t<h3 style=\"text-align: center;\">Reducir la ansiedad y el dolor provocados por las vacunas<\/h3><hr><p><strong>Menos de 2 a\u00f1os:<\/strong><br><a href=\"https:\/\/everychildpediatrics.org\/wp-content\/uploads\/2026\/02\/Vaccine-Anxiety_0mo-2yrs_English.pdf\" target=\"_blank\" rel=\"noopener\">Recursos en ingl\u00e9s<\/a><br><a href=\"https:\/\/everychildpediatrics.org\/wp-content\/uploads\/2026\/02\/Vaccine-Anxiety_0mo-2yrs_Spanish.pdf\" target=\"_blank\" rel=\"noopener\">Recursos en espa\u00f1ol<\/a><\/p><p><strong>De 3 a 8 a\u00f1os:<\/strong><br><a href=\"https:\/\/everychildpediatrics.org\/wp-content\/uploads\/2026\/02\/Vaccine-Anxiety_3-8yrs_English.pdf\" target=\"_blank\" rel=\"noopener\">Recursos en ingl\u00e9s<\/a><br><a href=\"https:\/\/everychildpediatrics.org\/wp-content\/uploads\/2026\/02\/Vaccine-Anxiety_3-8yrs_Spanish.pdf\" target=\"_blank\" rel=\"noopener\">Recursos en espa\u00f1ol<\/a><\/p><p><strong>A partir de 9 a\u00f1os:<\/strong><br><a href=\"https:\/\/everychildpediatrics.org\/wp-content\/uploads\/2026\/02\/Vaccine-Anxiety_9yrs_English.pdf\" target=\"_blank\" rel=\"noopener\">Recursos en ingl\u00e9s<\/a><br><a href=\"https:\/\/everychildpediatrics.org\/wp-content\/uploads\/2026\/02\/Vaccine-Anxiety_9yrs_Spanish.pdf\" target=\"_blank\" rel=\"noopener\">Recursos en espa\u00f1ol<\/a><\/p>\t\t\t\t\t\t\t\t<\/div>\n\t\t\t\t<\/div>\n\t\t\t\t<div class=\"elementor-element elementor-element-12cb6cf7 elementor-widget elementor-widget-text-editor\" data-id=\"12cb6cf7\" data-element_type=\"widget\" data-e-type=\"widget\" data-widget_type=\"text-editor.default\">\n\t\t\t\t<div class=\"elementor-widget-container\">\n\t\t\t\t\t\t\t\t\t<h3 style=\"text-align: center;\">Recursos en l\u00ednea de la vacuna <br><\/h3><hr><p>CDC: Vacunas para sus hijos<\/p><p><a href=\"https:\/\/www.healthychildren.org\/english\/safety-prevention\/immunizations\/Pages\/default.aspx\">HealthyChildren.org: Vacunas<\/a><\/p><p><a href=\"https:\/\/vaccineinformation.org\/\">Vaccineinformation.org: La informaci\u00f3n sobre vacunas que necesita<\/a><\/p><p><a href=\"https:\/\/www.chop.edu\/centers-programs\/vaccine-education-center\">Hospital Infantil de Filadelfia: Centro de Educaci\u00f3n sobre Vacunas<\/a><\/p><p><a href=\"https:\/\/vaccinateyourfamily.org\/\">Vacune a su familia<\/a><\/p>\t\t\t\t\t\t\t\t<\/div>\n\t\t\t\t<\/div>\n\t\t\t\t\t<\/div>\n\t\t<\/div>\n\t\t\t\t\t<\/div>\n\t\t<\/section>\n\t\t\t\t<div class=\"elementor-element elementor-element-4f8d289 elementor-widget elementor-widget-spacer\" data-id=\"4f8d289\" data-element_type=\"widget\" data-e-type=\"widget\" data-widget_type=\"spacer.default\">\n\t\t\t\t<div class=\"elementor-widget-container\">\n\t\t\t\t\t\t\t<div class=\"elementor-spacer\">\n\t\t\t<div class=\"elementor-spacer-inner\"><\/div>\n\t\t<\/div>\n\t\t\t\t\t\t<\/div>\n\t\t\t\t<\/div>\n\t\t\t\t\t<\/div>\n\t\t<\/div>\n\t\t\t\t\t<\/div>\n\t\t<\/section>\n\t\t\t\t<\/div>\n\t\t","protected":false},"excerpt":{"rendered":"<p>Nuestra declaraci\u00f3n sobre la vacuna Creemos firmemente en los beneficios de la vacunaci\u00f3n infantil sistem\u00e1tica, y nuestra pol\u00edtica es recomendar el calendario de vacunaci\u00f3n completo, tal como recomiendan la Academia Americana de Pediatr\u00eda (AAP) y los Centros para el Control y la Prevenci\u00f3n de Enfermedades (CDC). Sabemos que las vacunas han logrado reducir las tasas [&hellip;]<\/p>\n","protected":false},"author":7,"featured_media":4855,"parent":4859,"menu_order":0,"comment_status":"closed","ping_status":"closed","template":"","meta":{"inline_featured_image":false,"footnotes":""},"class_list":["post-4862","page","type-page","status-publish","has-post-thumbnail","hentry"],"yoast_head":"<!-- This site is optimized with the Yoast SEO plugin v27.3 - https:\/\/yoast.com\/product\/yoast-seo-wordpress\/ -->\n<title>Vacunas y recursos | Every Child Pediatrics<\/title>\n<meta name=\"description\" content=\"Vacunas y recursos at Every Child Pediatrics. Learn more about our organization, services, programs, careers and more.\" \/>\n<meta name=\"robots\" content=\"index, follow, max-snippet:-1, max-image-preview:large, max-video-preview:-1\" \/>\n<link rel=\"canonical\" href=\"https:\/\/everychildpediatrics.org\/es\/resources-tools\/vaccine-statement-resources\/\" \/>\n<meta property=\"og:locale\" content=\"es_ES\" \/>\n<meta property=\"og:type\" content=\"article\" \/>\n<meta property=\"og:title\" content=\"Vacunas y recursos | Every Child Pediatrics\" \/>\n<meta property=\"og:description\" content=\"Vacunas y recursos at Every Child Pediatrics. Learn more about our organization, services, programs, careers and more.\" \/>\n<meta property=\"og:url\" content=\"https:\/\/everychildpediatrics.org\/es\/resources-tools\/vaccine-statement-resources\/\" \/>\n<meta property=\"og:site_name\" content=\"Every Child Pediatrics\" \/>\n<meta property=\"article:publisher\" content=\"https:\/\/www.facebook.com\/everychildpediatrics\" \/>\n<meta property=\"article:modified_time\" content=\"2026-02-05T16:57:43+00:00\" \/>\n<meta property=\"og:image\" content=\"https:\/\/everychildpediatrics.org\/wp-content\/uploads\/2023\/02\/Doctor-handing-childrens-nutritional-drink-to-toddler.png\" \/>\n\t<meta property=\"og:image:width\" content=\"2000\" \/>\n\t<meta property=\"og:image:height\" content=\"591\" \/>\n\t<meta property=\"og:image:type\" content=\"image\/png\" \/>\n<meta name=\"twitter:card\" content=\"summary_large_image\" \/>\n<meta name=\"twitter:site\" content=\"@everychildpeds\" \/>\n<meta name=\"twitter:label1\" content=\"Tiempo de lectura\" \/>\n\t<meta name=\"twitter:data1\" content=\"3 minutos\" \/>\n<script type=\"application\/ld+json\" class=\"yoast-schema-graph\">{\"@context\":\"https:\\\/\\\/schema.org\",\"@graph\":[{\"@type\":\"WebPage\",\"@id\":\"https:\\\/\\\/everychildpediatrics.org\\\/es\\\/resources-tools\\\/vaccine-statement-resources\\\/\",\"url\":\"https:\\\/\\\/everychildpediatrics.org\\\/es\\\/resources-tools\\\/vaccine-statement-resources\\\/\",\"name\":\"Vacunas y recursos | Every Child Pediatrics\",\"isPartOf\":{\"@id\":\"https:\\\/\\\/everychildpediatrics.org\\\/es\\\/#website\"},\"primaryImageOfPage\":{\"@id\":\"https:\\\/\\\/everychildpediatrics.org\\\/es\\\/resources-tools\\\/vaccine-statement-resources\\\/#primaryimage\"},\"image\":{\"@id\":\"https:\\\/\\\/everychildpediatrics.org\\\/es\\\/resources-tools\\\/vaccine-statement-resources\\\/#primaryimage\"},\"thumbnailUrl\":\"https:\\\/\\\/everychildpediatrics.org\\\/wp-content\\\/uploads\\\/2023\\\/02\\\/Doctor-handing-childrens-nutritional-drink-to-toddler.png\",\"datePublished\":\"2023-02-10T03:10:04+00:00\",\"dateModified\":\"2026-02-05T16:57:43+00:00\",\"description\":\"Vacunas y recursos at Every Child Pediatrics. Learn more about our organization, services, programs, careers and more.\",\"breadcrumb\":{\"@id\":\"https:\\\/\\\/everychildpediatrics.org\\\/es\\\/resources-tools\\\/vaccine-statement-resources\\\/#breadcrumb\"},\"inLanguage\":\"es\",\"potentialAction\":[{\"@type\":\"ReadAction\",\"target\":[\"https:\\\/\\\/everychildpediatrics.org\\\/es\\\/resources-tools\\\/vaccine-statement-resources\\\/\"]}]},{\"@type\":\"ImageObject\",\"inLanguage\":\"es\",\"@id\":\"https:\\\/\\\/everychildpediatrics.org\\\/es\\\/resources-tools\\\/vaccine-statement-resources\\\/#primaryimage\",\"url\":\"https:\\\/\\\/everychildpediatrics.org\\\/wp-content\\\/uploads\\\/2023\\\/02\\\/Doctor-handing-childrens-nutritional-drink-to-toddler.png\",\"contentUrl\":\"https:\\\/\\\/everychildpediatrics.org\\\/wp-content\\\/uploads\\\/2023\\\/02\\\/Doctor-handing-childrens-nutritional-drink-to-toddler.png\",\"width\":2000,\"height\":591},{\"@type\":\"BreadcrumbList\",\"@id\":\"https:\\\/\\\/everychildpediatrics.org\\\/es\\\/resources-tools\\\/vaccine-statement-resources\\\/#breadcrumb\",\"itemListElement\":[{\"@type\":\"ListItem\",\"position\":1,\"name\":\"Home\",\"item\":\"https:\\\/\\\/everychildpediatrics.org\\\/es\\\/\"},{\"@type\":\"ListItem\",\"position\":2,\"name\":\"Recursos y herramientas\",\"item\":\"https:\\\/\\\/everychildpediatrics.org\\\/es\\\/resources-tools\\\/\"},{\"@type\":\"ListItem\",\"position\":3,\"name\":\"Vacunas y recursos\"}]},{\"@type\":\"WebSite\",\"@id\":\"https:\\\/\\\/everychildpediatrics.org\\\/es\\\/#website\",\"url\":\"https:\\\/\\\/everychildpediatrics.org\\\/es\\\/\",\"name\":\"Every Child Pediatrics\",\"description\":\"La historia de cada ni\u00f1o merece un comienzo saludable\",\"publisher\":{\"@id\":\"https:\\\/\\\/everychildpediatrics.org\\\/es\\\/#organization\"},\"alternateName\":\"ECP\",\"potentialAction\":[{\"@type\":\"SearchAction\",\"target\":{\"@type\":\"EntryPoint\",\"urlTemplate\":\"https:\\\/\\\/everychildpediatrics.org\\\/es\\\/?s={search_term_string}\"},\"query-input\":{\"@type\":\"PropertyValueSpecification\",\"valueRequired\":true,\"valueName\":\"search_term_string\"}}],\"inLanguage\":\"es\"},{\"@type\":\"Organization\",\"@id\":\"https:\\\/\\\/everychildpediatrics.org\\\/es\\\/#organization\",\"name\":\"Every Child Pediatrics\",\"alternateName\":\"ECP\",\"url\":\"https:\\\/\\\/everychildpediatrics.org\\\/es\\\/\",\"logo\":{\"@type\":\"ImageObject\",\"inLanguage\":\"es\",\"@id\":\"https:\\\/\\\/everychildpediatrics.org\\\/es\\\/#\\\/schema\\\/logo\\\/image\\\/\",\"url\":\"https:\\\/\\\/everychildpediatrics.org\\\/wp-content\\\/uploads\\\/2022\\\/12\\\/Every-Child-Pediatrics-logo.svg\",\"contentUrl\":\"https:\\\/\\\/everychildpediatrics.org\\\/wp-content\\\/uploads\\\/2022\\\/12\\\/Every-Child-Pediatrics-logo.svg\",\"width\":360,\"height\":360,\"caption\":\"Every Child Pediatrics\"},\"image\":{\"@id\":\"https:\\\/\\\/everychildpediatrics.org\\\/es\\\/#\\\/schema\\\/logo\\\/image\\\/\"},\"sameAs\":[\"https:\\\/\\\/www.facebook.com\\\/everychildpediatrics\",\"https:\\\/\\\/x.com\\\/everychildpeds\"]}]}<\/script>\n<!-- \/ Yoast SEO plugin. -->","yoast_head_json":{"title":"Vacunas y recursos | Every Child Pediatrics","description":"Vacunas y recursos at Every Child Pediatrics. Learn more about our organization, services, programs, careers and more.","robots":{"index":"index","follow":"follow","max-snippet":"max-snippet:-1","max-image-preview":"max-image-preview:large","max-video-preview":"max-video-preview:-1"},"canonical":"https:\/\/everychildpediatrics.org\/es\/resources-tools\/vaccine-statement-resources\/","og_locale":"es_ES","og_type":"article","og_title":"Vacunas y recursos | Every Child Pediatrics","og_description":"Vacunas y recursos at Every Child Pediatrics. Learn more about our organization, services, programs, careers and more.","og_url":"https:\/\/everychildpediatrics.org\/es\/resources-tools\/vaccine-statement-resources\/","og_site_name":"Every Child Pediatrics","article_publisher":"https:\/\/www.facebook.com\/everychildpediatrics","article_modified_time":"2026-02-05T16:57:43+00:00","og_image":[{"width":2000,"height":591,"url":"https:\/\/everychildpediatrics.org\/wp-content\/uploads\/2023\/02\/Doctor-handing-childrens-nutritional-drink-to-toddler.png","type":"image\/png"}],"twitter_card":"summary_large_image","twitter_site":"@everychildpeds","twitter_misc":{"Tiempo de lectura":"3 minutos"},"schema":{"@context":"https:\/\/schema.org","@graph":[{"@type":"WebPage","@id":"https:\/\/everychildpediatrics.org\/es\/resources-tools\/vaccine-statement-resources\/","url":"https:\/\/everychildpediatrics.org\/es\/resources-tools\/vaccine-statement-resources\/","name":"Vacunas y recursos | Every Child Pediatrics","isPartOf":{"@id":"https:\/\/everychildpediatrics.org\/es\/#website"},"primaryImageOfPage":{"@id":"https:\/\/everychildpediatrics.org\/es\/resources-tools\/vaccine-statement-resources\/#primaryimage"},"image":{"@id":"https:\/\/everychildpediatrics.org\/es\/resources-tools\/vaccine-statement-resources\/#primaryimage"},"thumbnailUrl":"https:\/\/everychildpediatrics.org\/wp-content\/uploads\/2023\/02\/Doctor-handing-childrens-nutritional-drink-to-toddler.png","datePublished":"2023-02-10T03:10:04+00:00","dateModified":"2026-02-05T16:57:43+00:00","description":"Vacunas y recursos at Every Child Pediatrics. Learn more about our organization, services, programs, careers and more.","breadcrumb":{"@id":"https:\/\/everychildpediatrics.org\/es\/resources-tools\/vaccine-statement-resources\/#breadcrumb"},"inLanguage":"es","potentialAction":[{"@type":"ReadAction","target":["https:\/\/everychildpediatrics.org\/es\/resources-tools\/vaccine-statement-resources\/"]}]},{"@type":"ImageObject","inLanguage":"es","@id":"https:\/\/everychildpediatrics.org\/es\/resources-tools\/vaccine-statement-resources\/#primaryimage","url":"https:\/\/everychildpediatrics.org\/wp-content\/uploads\/2023\/02\/Doctor-handing-childrens-nutritional-drink-to-toddler.png","contentUrl":"https:\/\/everychildpediatrics.org\/wp-content\/uploads\/2023\/02\/Doctor-handing-childrens-nutritional-drink-to-toddler.png","width":2000,"height":591},{"@type":"BreadcrumbList","@id":"https:\/\/everychildpediatrics.org\/es\/resources-tools\/vaccine-statement-resources\/#breadcrumb","itemListElement":[{"@type":"ListItem","position":1,"name":"Home","item":"https:\/\/everychildpediatrics.org\/es\/"},{"@type":"ListItem","position":2,"name":"Recursos y herramientas","item":"https:\/\/everychildpediatrics.org\/es\/resources-tools\/"},{"@type":"ListItem","position":3,"name":"Vacunas y recursos"}]},{"@type":"WebSite","@id":"https:\/\/everychildpediatrics.org\/es\/#website","url":"https:\/\/everychildpediatrics.org\/es\/","name":"Every Child Pediatrics","description":"La historia de cada ni\u00f1o merece un comienzo saludable","publisher":{"@id":"https:\/\/everychildpediatrics.org\/es\/#organization"},"alternateName":"ECP","potentialAction":[{"@type":"SearchAction","target":{"@type":"EntryPoint","urlTemplate":"https:\/\/everychildpediatrics.org\/es\/?s={search_term_string}"},"query-input":{"@type":"PropertyValueSpecification","valueRequired":true,"valueName":"search_term_string"}}],"inLanguage":"es"},{"@type":"Organization","@id":"https:\/\/everychildpediatrics.org\/es\/#organization","name":"Every Child Pediatrics","alternateName":"ECP","url":"https:\/\/everychildpediatrics.org\/es\/","logo":{"@type":"ImageObject","inLanguage":"es","@id":"https:\/\/everychildpediatrics.org\/es\/#\/schema\/logo\/image\/","url":"https:\/\/everychildpediatrics.org\/wp-content\/uploads\/2022\/12\/Every-Child-Pediatrics-logo.svg","contentUrl":"https:\/\/everychildpediatrics.org\/wp-content\/uploads\/2022\/12\/Every-Child-Pediatrics-logo.svg","width":360,"height":360,"caption":"Every Child Pediatrics"},"image":{"@id":"https:\/\/everychildpediatrics.org\/es\/#\/schema\/logo\/image\/"},"sameAs":["https:\/\/www.facebook.com\/everychildpediatrics","https:\/\/x.com\/everychildpeds"]}]}},"_links":{"self":[{"href":"https:\/\/everychildpediatrics.org\/es\/wp-json\/wp\/v2\/pages\/4862","targetHints":{"allow":["GET"]}}],"collection":[{"href":"https:\/\/everychildpediatrics.org\/es\/wp-json\/wp\/v2\/pages"}],"about":[{"href":"https:\/\/everychildpediatrics.org\/es\/wp-json\/wp\/v2\/types\/page"}],"author":[{"embeddable":true,"href":"https:\/\/everychildpediatrics.org\/es\/wp-json\/wp\/v2\/users\/7"}],"replies":[{"embeddable":true,"href":"https:\/\/everychildpediatrics.org\/es\/wp-json\/wp\/v2\/comments?post=4862"}],"version-history":[{"count":5,"href":"https:\/\/everychildpediatrics.org\/es\/wp-json\/wp\/v2\/pages\/4862\/revisions"}],"predecessor-version":[{"id":18807,"href":"https:\/\/everychildpediatrics.org\/es\/wp-json\/wp\/v2\/pages\/4862\/revisions\/18807"}],"up":[{"embeddable":true,"href":"https:\/\/everychildpediatrics.org\/es\/wp-json\/wp\/v2\/pages\/4859"}],"wp:featuredmedia":[{"embeddable":true,"href":"https:\/\/everychildpediatrics.org\/es\/wp-json\/wp\/v2\/media\/4855"}],"wp:attachment":[{"href":"https:\/\/everychildpediatrics.org\/es\/wp-json\/wp\/v2\/media?parent=4862"}],"curies":[{"name":"wp","href":"https:\/\/api.w.org\/{rel}","templated":true}]}}