{"id":4881,"date":"2022-09-14T13:40:46","date_gmt":"2022-09-14T19:40:46","guid":{"rendered":"https:\/\/everychildpediatrics.org\/privacy-policy\/"},"modified":"2023-05-10T13:27:39","modified_gmt":"2023-05-10T19:27:39","slug":"privacy-policy","status":"publish","type":"page","link":"https:\/\/everychildpediatrics.org\/es\/privacy-policy\/","title":{"rendered":"Pol\u00edtica de privacidad"},"content":{"rendered":"\t\t<div data-elementor-type=\"wp-page\" data-elementor-id=\"4881\" class=\"elementor elementor-4881 elementor-3\" data-elementor-post-type=\"page\">\n\t\t\t\t\t\t<section class=\"elementor-section elementor-top-section elementor-element elementor-element-29416a37 elementor-section-boxed elementor-section-height-default elementor-section-height-default\" data-id=\"29416a37\" data-element_type=\"section\" data-e-type=\"section\">\n\t\t\t\t\t\t<div class=\"elementor-container elementor-column-gap-default\">\n\t\t\t\t\t<div class=\"elementor-column elementor-col-100 elementor-top-column elementor-element elementor-element-3390f3dc\" data-id=\"3390f3dc\" data-element_type=\"column\" data-e-type=\"column\">\n\t\t\t<div class=\"elementor-widget-wrap elementor-element-populated\">\n\t\t\t\t\t\t<div class=\"elementor-element elementor-element-70bd9e54 elementor-widget elementor-widget-text-editor\" data-id=\"70bd9e54\" data-element_type=\"widget\" data-e-type=\"widget\" data-widget_type=\"text-editor.default\">\n\t\t\t\t<div class=\"elementor-widget-container\">\n\t\t\t\t\t\t\t\t\t<p><\/p>\n<p>Para cada visitante de nuestro sitio web, nuestro servidor web reconoce autom\u00e1ticamente s\u00f3lo el nombre de dominio del consumidor, pero no la direcci\u00f3n de correo electr\u00f3nico (cuando es posible). S\u00f3lo recogemos el nombre de dominio, pero no la direcci\u00f3n de correo electr\u00f3nico de los visitantes de nuestro sitio web, a menos que usted nos la proporcione. No se recoger\u00e1 ninguna informaci\u00f3n personal a menos que usted la proporcione.<\/p>\n<p><\/p>\n<p><\/p>\n<p>Supervisamos los patrones de uso del sitio para recopilar datos que nos permitan mejorar la experiencia que ofrecemos a nuestros visitantes. Esta supervisi\u00f3n puede incluir la colocaci\u00f3n y el seguimiento de cookies, el seguimiento de clics o la solicitud de que una persona responda a una encuesta sobre su experiencia en l\u00ednea.<\/p>\n<p><\/p>\n<p><\/p>\n<p>De vez en cuando, podemos utilizar la informaci\u00f3n de los clientes para usos nuevos e imprevistos que no se hayan comunicado previamente en nuestro aviso de privacidad. Si nuestras pr\u00e1cticas en materia de informaci\u00f3n cambian en alg\u00fan momento en el futuro, publicaremos los cambios de pol\u00edtica en nuestro sitio web para notificarle dichos cambios y ofrecerle la posibilidad de excluirse de estos nuevos usos. Si le preocupa c\u00f3mo se utiliza su informaci\u00f3n, le recomendamos que visite peri\u00f3dicamente nuestro sitio web.<\/p>\n<p><\/p>\n<p><\/p>\n<p>Una visita t\u00edpica a nuestro sitio web no requiere que el usuario env\u00ede informaci\u00f3n personal. No obstante, si decide facilitarnos su direcci\u00f3n de correo electr\u00f3nico o suscribirse a una publicaci\u00f3n en l\u00ednea con sus datos de contacto, le responderemos con la informaci\u00f3n que nos solicite y otra que consideremos que pueda interesarle. Los visitantes del sitio pueden optar por no recibir comunicaciones adicionales en el propio formulario de inscripci\u00f3n si no desean que nos pongamos en contacto con ellos m\u00e1s que en respuesta directa a su solicitud. Los clientes pueden impedir que su informaci\u00f3n se utilice para fines distintos de aquellos para los que se recogi\u00f3 originalmente poni\u00e9ndose en contacto con nosotros utilizando la informaci\u00f3n que se facilita a continuaci\u00f3n.<\/p>\n<p><\/p>\n<p><\/p>\n<p>Con respecto a la seguridad, cuando transferimos y recibimos ciertos tipos de informaci\u00f3n sensible, como informaci\u00f3n financiera o sanitaria, redirigimos a los visitantes a un servidor seguro. Disponemos de medidas de seguridad adecuadas en nuestras instalaciones f\u00edsicas para proteger contra la p\u00e9rdida, el uso indebido o la alteraci\u00f3n de la informaci\u00f3n que hemos recopilado de usted.<\/p>\n<p><\/p>\n<p><\/p>\n<p>Utilizamos un tercero para publicar anuncios en nuestro nombre en Internet. El tercero tambi\u00e9n puede recopilar informaci\u00f3n an\u00f3nima sobre las visitas a nuestro sitio web. Esto se consigue principalmente mediante el uso de un dispositivo tecnol\u00f3gico, com\u00fanmente denominado Web beacon o Action Tag, que colocamos en varias p\u00e1ginas de nuestro sitio web y que permite a terceros recopilar informaci\u00f3n an\u00f3nima.<\/p>\n<p><\/p>\n<p><\/p>\n<p><strong>Webmaster<\/strong>:<br>Pediatr\u00eda Every Child<br>9197 Grant St.<br>Ste. 100<br>Thornton, CO 80229<br><strong>Correo electr\u00f3nico<\/strong>: <a href=\"mailto:communications@everychildpediatrics.org\" rel=\"nofollow\">communications@everychildpediatrics.org<\/a><\/p>\n<p><\/p>\n<p><\/p>\n<div class=\"wp-block-spacer\" style=\"height: 50px;\" aria-hidden=\"true\"> <\/div>\n<p><\/p>\n<p><\/p>\n<h3 class=\"wp-block-heading\">Condiciones de uso de las redes sociales<\/h3>\n<p><\/p>\n<p><\/p>\n<p>Every Child Pediatrics y sus cuentas p\u00fablicas en las redes sociales existen para facilitar un compromiso significativo con los pacientes, sus familias, nuestros empleados, los proveedores de referencia y el p\u00fablico en general. Nuestra presencia en las redes sociales incluye Facebook, Twitter, YouTube, Instagram y LinkedIn. Pretendemos crear una atm\u00f3sfera en la que todos los participantes puedan compartir sus ideas en un entorno seguro y acogedor. Nuestras cuentas en las redes sociales deben ser acogedoras, apropiadas y mostrar c\u00f3mo capacitamos a las familias y cuidamos de todos los ni\u00f1os, independientemente de su capacidad de pago.<\/p>\n<p><\/p>\n<p><\/p>\n<div class=\"wp-block-spacer\" style=\"height: 20px;\" aria-hidden=\"true\"> <\/div>\n<p><\/p>\n<p><\/p>\n<h4 class=\"wp-block-heading\">\u00bfQu\u00e9 significan nuestras Condiciones de uso para los usuarios de las redes sociales?<\/h4>\n<p><\/p>\n<p><\/p>\n<p>Esta pol\u00edtica cubre todas las redes sociales y sitios comunitarios gestionados y operados por Every Child Pediatrics. Al utilizar un canal de medios sociales de la marca Every Child Pediatrics, usted acepta estas Condiciones de uso.<\/p>\n<p><\/p>\n<p><\/p>\n<div class=\"wp-block-spacer\" style=\"height: 20px;\" aria-hidden=\"true\"> <\/div>\n<p><\/p>\n<p><\/p>\n<h4 class=\"wp-block-heading\">\u00bfQu\u00e9 est\u00e1 prohibido en nuestros canales de redes sociales?<\/h4>\n<p><\/p>\n<p><\/p>\n<p>Si participa en cualquier canal de las redes sociales de Every Child Pediatrics, no podr\u00e1 hacerlo:<\/p>\n<p><\/p>\n<p><\/p>\n<ul>\n<li style=\"list-style-type: none;\">\n<ul><\/ul>\n<\/li>\n<\/ul>\n<p> <\/p>\n<ul>\n<li style=\"list-style-type: none;\">\n<ul>\n<li>Promover actividades ilegales<\/li>\n<\/ul>\n<\/li>\n<\/ul>\n<p><\/p>\n<p><\/p>\n<ul>\n<li style=\"list-style-type: none;\">\n<ul>\n<li>Publicar o distribuir cualquier lenguaje vulgar, irrespetuoso, ilegal, inoportuno, amenazador, acosador, abusivo, calumnioso, odioso, hiriente o indecente o im\u00e1genes que menosprecien a un miembro del personal mencionado por su nombre y apellidos o a cualquier otra persona o entidad.<\/li>\n<\/ul>\n<\/li>\n<\/ul>\n<p><\/p>\n<p><\/p>\n<ul>\n<li style=\"list-style-type: none;\">\n<ul>\n<li>Publicar informaci\u00f3n err\u00f3nea o enga\u00f1osa, incluyendo pero no limit\u00e1ndose a informaci\u00f3n err\u00f3nea o enga\u00f1osa sobre las operaciones de Every Child Pediatrics, directrices\/recomendaciones de salud p\u00fablica, y\/o condiciones m\u00e9dicas, tratamientos o medicamentos.<\/li>\n<\/ul>\n<\/li>\n<\/ul>\n<p><\/p>\n<p><\/p>\n<ul>\n<li style=\"list-style-type: none;\">\n<ul>\n<li>Publicar causas de recaudaci\u00f3n de fondos que (i) no benefician a Every Child Pediatrics y (ii) no sean aprobados previamente y por escrito por Every Child Pediatrics<\/li>\n<\/ul>\n<\/li>\n<\/ul>\n<p><\/p>\n<p><\/p>\n<ul>\n<li style=\"list-style-type: none;\">\n<ul>\n<li>Utilizar cualquier medio social o comunidad en l\u00ednea para fines comerciales de cualquier tipo, incluidos la publicidad y las ventas, incluso si se revela como representante de dicha entidad comercial.<\/li>\n<\/ul>\n<\/li>\n<\/ul>\n<p><\/p>\n<p><\/p>\n<ul>\n<li style=\"list-style-type: none;\">\n<ul>\n<li>Publicar contenidos que incluyan consejos m\u00e9dicos no solicitados y\/o no verificados.<\/li>\n<\/ul>\n<\/li>\n<\/ul>\n<p><\/p>\n<p><\/p>\n<ul>\n<li style=\"list-style-type: none;\">\n<ul>\n<li>Publicar o distribuir software u otros materiales que contengan virus u otros componentes da\u00f1inos.<\/li>\n<\/ul>\n<\/li>\n<\/ul>\n<p><\/p>\n<p><\/p>\n<ul>\n<li style=\"list-style-type: none;\">\n<ul>\n<li>Publicar material o hacer declaraciones que no pertenezcan en general al tema designado de cualquier sala de chat, tabl\u00f3n de anuncios o hilo de discusi\u00f3n.<\/li>\n<\/ul>\n<\/li>\n<\/ul>\n<p><\/p>\n<p><\/p>\n<ul>\n<li style=\"list-style-type: none;\">\n<ul>\n<li>Publicar o distribuir cualquier material que infrinja y\/o viole cualquier derecho de un tercero o infrinja las leyes locales, estatales, nacionales o internacionales, incluidos los derechos de propiedad intelectual o los derechos de privacidad o publicidad de terceros.<\/li>\n<\/ul>\n<\/li>\n<\/ul>\n<p><\/p>\n<p><\/p>\n<ul>\n<li style=\"list-style-type: none;\">\n<ul>\n<li>Continuar publicando comentarios despu\u00e9s de recibir una advertencia, ya que esto puede dar lugar a que Every Child Pediatrics cancele su acceso a ese canal de medios sociales.<\/li>\n<\/ul>\n<\/li>\n<\/ul>\n<p><\/p>\n<p><\/p>\n<ul>\n<li style=\"list-style-type: none;\">\n<ul>\n<li>Publicar cartas en cadena o estafas piramidales<\/li>\n<\/ul>\n<\/li>\n<\/ul>\n<p><\/p>\n<p><\/p>\n<ul>\n<li style=\"list-style-type: none;\">\n<ul>\n<li>Hacerse pasar por otra persona<\/li>\n<\/ul>\n<\/li>\n<\/ul>\n<p><\/p>\n<p><\/p>\n<ul>\n<li style=\"list-style-type: none;\">\n<ul>\n<li>Recoger o recopilar de cualquier otro modo informaci\u00f3n sobre otras personas, incluidas direcciones de correo electr\u00f3nico, sin su consentimiento.<\/li>\n<\/ul>\n<\/li>\n<\/ul>\n<p><\/p>\n<p><\/p>\n<ul>\n<li style=\"list-style-type: none;\">\n<ul>\n<li>Permitir que cualquier otra persona o entidad utilice su identificaci\u00f3n<\/li>\n<\/ul>\n<\/li>\n<\/ul>\n<p><\/p>\n<p><\/p>\n<ul>\n<li style=\"list-style-type: none;\">\n<ul>\n<li>Publicar material escrito en may\u00fasculas o con una ortograf\u00eda y\/o gram\u00e1tica extremadamente pobres.<\/li>\n<\/ul>\n<\/li>\n<\/ul>\n<p><\/p>\n<p><\/p>\n<ul>\n<li style=\"list-style-type: none;\">\n<ul>\n<li>Publicar la misma nota m\u00e1s de una vez o \u00abspam\u00bb<\/li>\n<\/ul>\n<\/li>\n<\/ul>\n<p><\/p>\n<p><\/p>\n<ul>\n<li style=\"list-style-type: none;\">\n<ul>\n<li>Infrinja las condiciones de cualquier canal social en el que participe.<\/li>\n<\/ul>\n<\/li>\n<\/ul>\n<p><\/p>\n<p><\/p>\n<ul>\n<li style=\"list-style-type: none;\">\n<ul>\n<li>Participar en cualquier otra conducta que restrinja o inhiba a otra persona del uso o disfrute de la comunidad online, o que a juicio de Every Child Pediatrics, exponga a Every Child Pediatrics o a cualquiera de sus clientes o proveedores a cualquier responsabilidad o perjuicio.<\/li>\n<\/ul>\n<\/li>\n<\/ul>\n<p><\/p>\n<p><\/p>\n<p><\/p>\n<div class=\"wp-block-spacer\" style=\"height: 20px;\" aria-hidden=\"true\"> <\/div>\n<p><\/p>\n<p><\/p>\n<h4 class=\"wp-block-heading\">\u00bfCu\u00e1les son los derechos de Every Child Pediatrics como propietario de estos canales de medios sociales?<\/h4>\n<p><\/p>\n<p><\/p>\n<p>La informaci\u00f3n compartida dentro de cualquier \u00e1rea de los medios sociales que est\u00e1n asociados con Every Child Pediatrics son m\u00ednimamente revisados por Every Child Pediatrics.<\/p>\n<p><\/p>\n<p><\/p>\n<p>Every Child Pediatrics se reserva el derecho (pero no est\u00e1 obligado) a hacer todo o parte de lo siguiente:<\/p>\n<p><\/p>\n<p><\/p>\n<ul>\n<li style=\"list-style-type: none;\">\n<ul><\/ul>\n<\/li>\n<\/ul>\n<p> <\/p>\n<ul>\n<li style=\"list-style-type: none;\">\n<ul>\n<li>Investigar una alegaci\u00f3n de que una o varias comunicaciones no se ajustan a las Condiciones de uso y determinar, a su entera discreci\u00f3n, la eliminaci\u00f3n o solicitud de eliminaci\u00f3n de la o las comunicaciones.<\/li>\n<\/ul>\n<\/li>\n<\/ul>\n<p><\/p>\n<p><\/p>\n<ul>\n<li style=\"list-style-type: none;\">\n<ul>\n<li>Retirar publicaciones de cualquier canal de redes sociales afiliado en cualquier momento y por cualquier motivo.<\/li>\n<\/ul>\n<\/li>\n<\/ul>\n<p><\/p>\n<p><\/p>\n<ul>\n<li style=\"list-style-type: none;\">\n<ul>\n<li>Rescindir el acceso de un usuario a las redes sociales y\/o al sitio web de Every Child Pediatrics en caso de incumplimiento de las presentes condiciones de uso.<\/li>\n<\/ul>\n<\/li>\n<\/ul>\n<p><\/p>\n<p><\/p>\n<ul>\n<li style=\"list-style-type: none;\">\n<ul>\n<li>Supervisar o divulgar cualquier comunicaci\u00f3n que se produzca en los medios sociales afiliados a Every Child Pediatrics.<\/li>\n<\/ul>\n<\/li>\n<\/ul>\n<p><\/p>\n<p><\/p>\n<p><\/p>\n<p>Tenga en cuenta que Every Child Pediatrics puede optar por comentar o no comentar en cualquier publicaci\u00f3n o tema. Nuestra participaci\u00f3n o no participaci\u00f3n no refleja en absoluto nuestras creencias.<\/p>\n<p><\/p>\n<p><\/p>\n<p>Asimismo, Every Child Pediatrics podr\u00e1 utilizar cualquier comentario o imagen publicados en cualquier canal de medios sociales de la marca para fines de marketing y otros fines.<\/p>\n<p><\/p>\n<p><\/p>\n<div class=\"wp-block-spacer\" style=\"height: 20px;\" aria-hidden=\"true\"> <\/div>\n<p><\/p>\n<p><\/p>\n<h4 class=\"wp-block-heading\">Consideraciones adicionales<\/h4>\n<p><\/p>\n<p><\/p>\n<p>Every Child Pediatrics y sus afiliados no ser\u00e1n y no pueden ser responsables del contenido o exactitud de cualquier informaci\u00f3n, y no ser\u00e1n responsables de cualquier decisi\u00f3n tomada basada en dicha informaci\u00f3n.<\/p>\n<p><\/p>\n<p><\/p>\n<p>Nuestras p\u00e1ginas en las redes sociales pueden contener enlaces a otros sitios web, algunos de los cuales son operados por Every Child Pediatrics o sus afiliados y otros que son operados por terceros. Estos enlaces se facilitan para su comodidad y como v\u00eda adicional de acceso a la informaci\u00f3n contenida en ellos. No hemos revisado necesariamente toda la informaci\u00f3n de esos otros sitios web y no somos responsables de su contenido ni de los productos o servicios que puedan ofrecerse a trav\u00e9s de ellos. La inclusi\u00f3n de enlaces a otros sitios no debe considerarse como una aprobaci\u00f3n de su contenido. Es posible que se apliquen condiciones diferentes al uso de los sitios web enlazados.<\/p>\n<p><\/p>\n<p><\/p>\n<p>Si tiene conocimiento de una violaci\u00f3n de los derechos de autor, env\u00ede un correo electr\u00f3nico <a href=\"mailto:communications@everychildpediatrics.org\" rel=\"nofollow\">a communications@everychildpediatrics.org.<\/a><\/p>\n<p><\/p>\n<p><\/p>\n<p>Si se siente amenazado o cree que otra persona est\u00e1 en peligro, p\u00f3ngase inmediatamente en contacto con las fuerzas de seguridad locales. Si cree que puede tener una urgencia m\u00e9dica, llame inmediatamente al 911.<\/p>\n<p><\/p>\t\t\t\t\t\t\t\t<\/div>\n\t\t\t\t<\/div>\n\t\t\t\t\t<\/div>\n\t\t<\/div>\n\t\t\t\t\t<\/div>\n\t\t<\/section>\n\t\t\t\t<\/div>\n\t\t","protected":false},"excerpt":{"rendered":"<p>Para cada visitante de nuestro sitio web, nuestro servidor web reconoce autom\u00e1ticamente s\u00f3lo el nombre de dominio del consumidor, pero no la direcci\u00f3n de correo electr\u00f3nico (cuando es posible). S\u00f3lo recogemos el nombre de dominio, pero no la direcci\u00f3n de correo electr\u00f3nico de los visitantes de nuestro sitio web, a menos que usted nos la [&hellip;]<\/p>\n","protected":false},"author":7,"featured_media":0,"parent":0,"menu_order":100,"comment_status":"closed","ping_status":"closed","template":"","meta":{"inline_featured_image":false,"footnotes":""},"class_list":["post-4881","page","type-page","status-publish","hentry"],"yoast_head":"<!-- This site is optimized with the Yoast SEO plugin v27.3 - https:\/\/yoast.com\/product\/yoast-seo-wordpress\/ -->\n<title>Pol\u00edtica de privacidad | Every Child Pediatrics<\/title>\n<meta name=\"description\" content=\"Pol\u00edtica de privacidad at Every Child Pediatrics. Learn more about our organization, services, programs, careers and more.\" \/>\n<meta name=\"robots\" content=\"index, follow, max-snippet:-1, max-image-preview:large, max-video-preview:-1\" \/>\n<link rel=\"canonical\" href=\"https:\/\/everychildpediatrics.org\/es\/privacy-policy\/\" \/>\n<meta property=\"og:locale\" content=\"es_ES\" \/>\n<meta property=\"og:type\" content=\"article\" \/>\n<meta property=\"og:title\" content=\"Pol\u00edtica de privacidad | Every Child Pediatrics\" \/>\n<meta property=\"og:description\" content=\"Pol\u00edtica de privacidad at Every Child Pediatrics. Learn more about our organization, services, programs, careers and more.\" \/>\n<meta property=\"og:url\" content=\"https:\/\/everychildpediatrics.org\/es\/privacy-policy\/\" \/>\n<meta property=\"og:site_name\" content=\"Every Child Pediatrics\" \/>\n<meta property=\"article:publisher\" content=\"https:\/\/www.facebook.com\/everychildpediatrics\" \/>\n<meta property=\"article:modified_time\" content=\"2023-05-10T19:27:39+00:00\" \/>\n<meta property=\"og:image\" content=\"https:\/\/everychildpediatrics.org\/wp-content\/uploads\/2023\/05\/ECP-Site-Image-Default-1200x675-1.png\" \/>\n\t<meta property=\"og:image:width\" content=\"1200\" \/>\n\t<meta property=\"og:image:height\" content=\"675\" \/>\n\t<meta property=\"og:image:type\" content=\"image\/png\" \/>\n<meta name=\"twitter:card\" content=\"summary_large_image\" \/>\n<meta name=\"twitter:site\" content=\"@everychildpeds\" \/>\n<meta name=\"twitter:label1\" content=\"Tiempo de lectura\" \/>\n\t<meta name=\"twitter:data1\" content=\"6 minutos\" \/>\n<script type=\"application\/ld+json\" class=\"yoast-schema-graph\">{\"@context\":\"https:\\\/\\\/schema.org\",\"@graph\":[{\"@type\":\"WebPage\",\"@id\":\"https:\\\/\\\/everychildpediatrics.org\\\/es\\\/privacy-policy\\\/\",\"url\":\"https:\\\/\\\/everychildpediatrics.org\\\/es\\\/privacy-policy\\\/\",\"name\":\"Pol\u00edtica de privacidad | Every Child Pediatrics\",\"isPartOf\":{\"@id\":\"https:\\\/\\\/everychildpediatrics.org\\\/es\\\/#website\"},\"datePublished\":\"2022-09-14T19:40:46+00:00\",\"dateModified\":\"2023-05-10T19:27:39+00:00\",\"description\":\"Pol\u00edtica de privacidad at Every Child Pediatrics. Learn more about our organization, services, programs, careers and more.\",\"breadcrumb\":{\"@id\":\"https:\\\/\\\/everychildpediatrics.org\\\/es\\\/privacy-policy\\\/#breadcrumb\"},\"inLanguage\":\"es\",\"potentialAction\":[{\"@type\":\"ReadAction\",\"target\":[\"https:\\\/\\\/everychildpediatrics.org\\\/es\\\/privacy-policy\\\/\"]}]},{\"@type\":\"BreadcrumbList\",\"@id\":\"https:\\\/\\\/everychildpediatrics.org\\\/es\\\/privacy-policy\\\/#breadcrumb\",\"itemListElement\":[{\"@type\":\"ListItem\",\"position\":1,\"name\":\"Home\",\"item\":\"https:\\\/\\\/everychildpediatrics.org\\\/es\\\/\"},{\"@type\":\"ListItem\",\"position\":2,\"name\":\"Pol\u00edtica de privacidad\"}]},{\"@type\":\"WebSite\",\"@id\":\"https:\\\/\\\/everychildpediatrics.org\\\/es\\\/#website\",\"url\":\"https:\\\/\\\/everychildpediatrics.org\\\/es\\\/\",\"name\":\"Every Child Pediatrics\",\"description\":\"La historia de cada ni\u00f1o merece un comienzo saludable\",\"publisher\":{\"@id\":\"https:\\\/\\\/everychildpediatrics.org\\\/es\\\/#organization\"},\"alternateName\":\"ECP\",\"potentialAction\":[{\"@type\":\"SearchAction\",\"target\":{\"@type\":\"EntryPoint\",\"urlTemplate\":\"https:\\\/\\\/everychildpediatrics.org\\\/es\\\/?s={search_term_string}\"},\"query-input\":{\"@type\":\"PropertyValueSpecification\",\"valueRequired\":true,\"valueName\":\"search_term_string\"}}],\"inLanguage\":\"es\"},{\"@type\":\"Organization\",\"@id\":\"https:\\\/\\\/everychildpediatrics.org\\\/es\\\/#organization\",\"name\":\"Every Child Pediatrics\",\"alternateName\":\"ECP\",\"url\":\"https:\\\/\\\/everychildpediatrics.org\\\/es\\\/\",\"logo\":{\"@type\":\"ImageObject\",\"inLanguage\":\"es\",\"@id\":\"https:\\\/\\\/everychildpediatrics.org\\\/es\\\/#\\\/schema\\\/logo\\\/image\\\/\",\"url\":\"https:\\\/\\\/everychildpediatrics.org\\\/wp-content\\\/uploads\\\/2022\\\/12\\\/Every-Child-Pediatrics-logo.svg\",\"contentUrl\":\"https:\\\/\\\/everychildpediatrics.org\\\/wp-content\\\/uploads\\\/2022\\\/12\\\/Every-Child-Pediatrics-logo.svg\",\"width\":360,\"height\":360,\"caption\":\"Every Child Pediatrics\"},\"image\":{\"@id\":\"https:\\\/\\\/everychildpediatrics.org\\\/es\\\/#\\\/schema\\\/logo\\\/image\\\/\"},\"sameAs\":[\"https:\\\/\\\/www.facebook.com\\\/everychildpediatrics\",\"https:\\\/\\\/x.com\\\/everychildpeds\"]}]}<\/script>\n<!-- \/ Yoast SEO plugin. -->","yoast_head_json":{"title":"Pol\u00edtica de privacidad | Every Child Pediatrics","description":"Pol\u00edtica de privacidad at Every Child Pediatrics. Learn more about our organization, services, programs, careers and more.","robots":{"index":"index","follow":"follow","max-snippet":"max-snippet:-1","max-image-preview":"max-image-preview:large","max-video-preview":"max-video-preview:-1"},"canonical":"https:\/\/everychildpediatrics.org\/es\/privacy-policy\/","og_locale":"es_ES","og_type":"article","og_title":"Pol\u00edtica de privacidad | Every Child Pediatrics","og_description":"Pol\u00edtica de privacidad at Every Child Pediatrics. Learn more about our organization, services, programs, careers and more.","og_url":"https:\/\/everychildpediatrics.org\/es\/privacy-policy\/","og_site_name":"Every Child Pediatrics","article_publisher":"https:\/\/www.facebook.com\/everychildpediatrics","article_modified_time":"2023-05-10T19:27:39+00:00","og_image":[{"width":1200,"height":675,"url":"https:\/\/everychildpediatrics.org\/wp-content\/uploads\/2023\/05\/ECP-Site-Image-Default-1200x675-1.png","type":"image\/png"}],"twitter_card":"summary_large_image","twitter_site":"@everychildpeds","twitter_misc":{"Tiempo de lectura":"6 minutos"},"schema":{"@context":"https:\/\/schema.org","@graph":[{"@type":"WebPage","@id":"https:\/\/everychildpediatrics.org\/es\/privacy-policy\/","url":"https:\/\/everychildpediatrics.org\/es\/privacy-policy\/","name":"Pol\u00edtica de privacidad | Every Child Pediatrics","isPartOf":{"@id":"https:\/\/everychildpediatrics.org\/es\/#website"},"datePublished":"2022-09-14T19:40:46+00:00","dateModified":"2023-05-10T19:27:39+00:00","description":"Pol\u00edtica de privacidad at Every Child Pediatrics. Learn more about our organization, services, programs, careers and more.","breadcrumb":{"@id":"https:\/\/everychildpediatrics.org\/es\/privacy-policy\/#breadcrumb"},"inLanguage":"es","potentialAction":[{"@type":"ReadAction","target":["https:\/\/everychildpediatrics.org\/es\/privacy-policy\/"]}]},{"@type":"BreadcrumbList","@id":"https:\/\/everychildpediatrics.org\/es\/privacy-policy\/#breadcrumb","itemListElement":[{"@type":"ListItem","position":1,"name":"Home","item":"https:\/\/everychildpediatrics.org\/es\/"},{"@type":"ListItem","position":2,"name":"Pol\u00edtica de privacidad"}]},{"@type":"WebSite","@id":"https:\/\/everychildpediatrics.org\/es\/#website","url":"https:\/\/everychildpediatrics.org\/es\/","name":"Every Child Pediatrics","description":"La historia de cada ni\u00f1o merece un comienzo saludable","publisher":{"@id":"https:\/\/everychildpediatrics.org\/es\/#organization"},"alternateName":"ECP","potentialAction":[{"@type":"SearchAction","target":{"@type":"EntryPoint","urlTemplate":"https:\/\/everychildpediatrics.org\/es\/?s={search_term_string}"},"query-input":{"@type":"PropertyValueSpecification","valueRequired":true,"valueName":"search_term_string"}}],"inLanguage":"es"},{"@type":"Organization","@id":"https:\/\/everychildpediatrics.org\/es\/#organization","name":"Every Child Pediatrics","alternateName":"ECP","url":"https:\/\/everychildpediatrics.org\/es\/","logo":{"@type":"ImageObject","inLanguage":"es","@id":"https:\/\/everychildpediatrics.org\/es\/#\/schema\/logo\/image\/","url":"https:\/\/everychildpediatrics.org\/wp-content\/uploads\/2022\/12\/Every-Child-Pediatrics-logo.svg","contentUrl":"https:\/\/everychildpediatrics.org\/wp-content\/uploads\/2022\/12\/Every-Child-Pediatrics-logo.svg","width":360,"height":360,"caption":"Every Child Pediatrics"},"image":{"@id":"https:\/\/everychildpediatrics.org\/es\/#\/schema\/logo\/image\/"},"sameAs":["https:\/\/www.facebook.com\/everychildpediatrics","https:\/\/x.com\/everychildpeds"]}]}},"_links":{"self":[{"href":"https:\/\/everychildpediatrics.org\/es\/wp-json\/wp\/v2\/pages\/4881","targetHints":{"allow":["GET"]}}],"collection":[{"href":"https:\/\/everychildpediatrics.org\/es\/wp-json\/wp\/v2\/pages"}],"about":[{"href":"https:\/\/everychildpediatrics.org\/es\/wp-json\/wp\/v2\/types\/page"}],"author":[{"embeddable":true,"href":"https:\/\/everychildpediatrics.org\/es\/wp-json\/wp\/v2\/users\/7"}],"replies":[{"embeddable":true,"href":"https:\/\/everychildpediatrics.org\/es\/wp-json\/wp\/v2\/comments?post=4881"}],"version-history":[{"count":0,"href":"https:\/\/everychildpediatrics.org\/es\/wp-json\/wp\/v2\/pages\/4881\/revisions"}],"wp:attachment":[{"href":"https:\/\/everychildpediatrics.org\/es\/wp-json\/wp\/v2\/media?parent=4881"}],"curies":[{"name":"wp","href":"https:\/\/api.w.org\/{rel}","templated":true}]}}