{"id":4882,"date":"2023-02-09T20:13:00","date_gmt":"2023-02-10T03:13:00","guid":{"rendered":"https:\/\/everychildpediatrics.org\/terms-of-use\/"},"modified":"2023-05-10T13:28:59","modified_gmt":"2023-05-10T19:28:59","slug":"terms-of-use","status":"publish","type":"page","link":"https:\/\/everychildpediatrics.org\/es\/terms-of-use\/","title":{"rendered":"Condiciones de uso"},"content":{"rendered":"\t\t<div data-elementor-type=\"wp-page\" data-elementor-id=\"4882\" class=\"elementor elementor-4882 elementor-42\" data-elementor-post-type=\"page\">\n\t\t\t\t\t\t<section class=\"elementor-section elementor-top-section elementor-element elementor-element-54443c5a elementor-section-boxed elementor-section-height-default elementor-section-height-default\" data-id=\"54443c5a\" data-element_type=\"section\" data-e-type=\"section\">\n\t\t\t\t\t\t<div class=\"elementor-container elementor-column-gap-default\">\n\t\t\t\t\t<div class=\"elementor-column elementor-col-100 elementor-top-column elementor-element elementor-element-9e44381\" data-id=\"9e44381\" data-element_type=\"column\" data-e-type=\"column\">\n\t\t\t<div class=\"elementor-widget-wrap elementor-element-populated\">\n\t\t\t\t\t\t<div class=\"elementor-element elementor-element-6f5eaa45 elementor-widget elementor-widget-text-editor\" data-id=\"6f5eaa45\" data-element_type=\"widget\" data-e-type=\"widget\" data-widget_type=\"text-editor.default\">\n\t\t\t\t<div class=\"elementor-widget-container\">\n\t\t\t\t\t\t\t\t\t<p><\/p>\n<p>El sitio web de Every Child Pediatrics est\u00e1 dise\u00f1ado \u00fanicamente con fines educativos. Ni Every Child Pediatrics ni sus colaboradores de informaci\u00f3n hacen ninguna representaci\u00f3n o garant\u00eda expresa o impl\u00edcita de que la informaci\u00f3n contenida es en todos los aspectos exacta, completa o actualizada. La atenci\u00f3n pedi\u00e1trica mejora constantemente y se enfrenta a nuevos retos. Las nuevas ideas, pr\u00e1cticas e investigaciones provocan cambios continuos en nuestra comprensi\u00f3n y nuestras recomendaciones. Sin embargo, la posibilidad de error humano y los cambios en las ciencias m\u00e9dicas impiden a los autores y a Every Child Pediatrics ofrecer estas p\u00e1ginas como algo m\u00e1s que puntos de partida para las decisiones sobre cuidados que padres, pediatras, profesionales sanitarios y ni\u00f1os deben tomar conjuntamente.<\/p>\n<p><\/p>\n<p><\/p>\n<p>La informaci\u00f3n proporcionada en el sitio web de Every Child Pediatrics no sustituye la relaci\u00f3n profesional entre un profesional sanitario y un paciente. La informaci\u00f3n facilitada en este sitio web no constituye un diagn\u00f3stico de una enfermedad ni una recomendaci\u00f3n de tratamiento. Usted asume toda la responsabilidad del uso que haga de esta informaci\u00f3n. Si le preocupa su salud o la de un ni\u00f1o, consulte inmediatamente al m\u00e9dico de su familia. No espere una respuesta de nuestros profesionales ni retrase la b\u00fasqueda de consejo m\u00e9dico a causa de la informaci\u00f3n encontrada en este sitio web.<\/p>\n<p><\/p>\n<p><\/p>\n<p>El sitio web de Every Child Pediatrics puede incluir enlaces que proporcionan acceso directo a otros sitios de Internet. Every Child Pediatrics no asume ninguna responsabilidad por el contenido o la informaci\u00f3n contenida en esos otros sitios, y no ejerce ning\u00fan control editorial, de supervisi\u00f3n o de otro tipo sobre esos otros sitios y por lo tanto no asume ninguna responsabilidad por esos sitios, su contenido o sus pr\u00e1cticas de privacidad. Every Child Pediatrics se reserva el derecho de eliminar cualquier enlace de este sitio por cualquier o ninguna raz\u00f3n. La existencia de un enlace determinado tiene por \u00fanico objeto dar a entender su inter\u00e9s potencial para los usuarios de este sitio.<\/p>\n<p><\/p>\n<p><\/p>\n<p>Ciertas \u00e1reas del sitio pueden permitir la publicaci\u00f3n o el intercambio de informaci\u00f3n entre usuarios. Los usuarios que env\u00eden o publiquen informaci\u00f3n en este sitio otorgan a Every Child Pediatrics la autoridad y el derecho de utilizar cualquier env\u00edo de cualquier manera, y mediante dichos env\u00edos garantizan y declaran a Every Child Pediatrics que dichos env\u00edos no violan las leyes de derechos de autor de los Estados Unidos u otras leyes. Adem\u00e1s, Every Child Pediatrics se reserva el derecho de revisar, editar o eliminar cualquier publicaci\u00f3n o informaci\u00f3n (incluyendo, sin limitaci\u00f3n, aquellas que parezcan inapropiadas para los prop\u00f3sitos de este sitio).<\/p>\n<p><\/p>\n<p><\/p>\n<p>Todas las im\u00e1genes, textos y otros materiales publicados en este sitio est\u00e1n sujetos a derechos de autor propiedad de Every Child Pediatrics o de otras personas o entidades y est\u00e1n protegidos por las leyes de derechos de autor de los Estados Unidos. Fotograf\u00eda cl\u00ednica copyright Every Child Pediatrics. Queda expresamente prohibida la reproducci\u00f3n, retransmisi\u00f3n, distribuci\u00f3n o republicaci\u00f3n total o parcial de las im\u00e1genes, programas de texto y otros materiales que se encuentren en este sitio, a menos que Every Child Pediatrics o el propietario de los derechos de autor del material haya otorgado expresamente su consentimiento previo por escrito. Todos los dem\u00e1s derechos reservados. Este sitio se mantiene de conformidad con la legislaci\u00f3n estadounidense sobre derechos de autor. En consecuencia, los usuarios no deben enviar o publicar material protegido por derechos de autor en este sitio, a menos que el propietario de los derechos de autor del material haya concedido expresamente su consentimiento previo por escrito para dicho env\u00edo.<\/p>\n<p><\/p>\n<p><\/p>\n<p>Todas las marcas comerciales, marcas de servicio y logotipos a los que se hace referencia o que aparecen en este sitio son propiedad de sus respectivos due\u00f1os. Los nombres, marcas comerciales, marcas de servicio y logotipos de Every Child Pediatrics que aparecen en este sitio no pueden ser utilizados en ning\u00fan anuncio o publicidad, o de otra manera para indicar el patrocinio o afiliaci\u00f3n con cualquier producto o servicio, sin el permiso previo, expreso y por escrito de Every Child Pediatrics.<\/p>\n<p><\/p>\n<p><\/p>\n<p>Every Child Pediatrics no puede y no garantiza que los archivos disponibles para su descarga desde el sitio web est\u00e9n libres de infecci\u00f3n o virus, gusanos, troyanos u otros c\u00f3digos que manifiesten propiedades contaminantes o destructivas.<\/p>\n<p><\/p>\t\t\t\t\t\t\t\t<\/div>\n\t\t\t\t<\/div>\n\t\t\t\t\t<\/div>\n\t\t<\/div>\n\t\t\t\t\t<\/div>\n\t\t<\/section>\n\t\t\t\t<\/div>\n\t\t","protected":false},"excerpt":{"rendered":"<p>El sitio web de Every Child Pediatrics est\u00e1 dise\u00f1ado \u00fanicamente con fines educativos. Ni Every Child Pediatrics ni sus colaboradores de informaci\u00f3n hacen ninguna representaci\u00f3n o garant\u00eda expresa o impl\u00edcita de que la informaci\u00f3n contenida es en todos los aspectos exacta, completa o actualizada. La atenci\u00f3n pedi\u00e1trica mejora constantemente y se enfrenta a nuevos retos. [&hellip;]<\/p>\n","protected":false},"author":7,"featured_media":0,"parent":0,"menu_order":100,"comment_status":"closed","ping_status":"closed","template":"","meta":{"inline_featured_image":false,"footnotes":""},"class_list":["post-4882","page","type-page","status-publish","hentry"],"yoast_head":"<!-- This site is optimized with the Yoast SEO plugin v27.3 - https:\/\/yoast.com\/product\/yoast-seo-wordpress\/ -->\n<title>Condiciones de uso | Every Child Pediatrics<\/title>\n<meta name=\"description\" content=\"Condiciones de uso at Every Child Pediatrics. Learn more about our organization, services, programs, careers and more.\" \/>\n<meta name=\"robots\" content=\"index, follow, max-snippet:-1, max-image-preview:large, max-video-preview:-1\" \/>\n<link rel=\"canonical\" href=\"https:\/\/everychildpediatrics.org\/es\/terms-of-use\/\" \/>\n<meta property=\"og:locale\" content=\"es_ES\" \/>\n<meta property=\"og:type\" content=\"article\" \/>\n<meta property=\"og:title\" content=\"Condiciones de uso | Every Child Pediatrics\" \/>\n<meta property=\"og:description\" content=\"Condiciones de uso at Every Child Pediatrics. Learn more about our organization, services, programs, careers and more.\" \/>\n<meta property=\"og:url\" content=\"https:\/\/everychildpediatrics.org\/es\/terms-of-use\/\" \/>\n<meta property=\"og:site_name\" content=\"Every Child Pediatrics\" \/>\n<meta property=\"article:publisher\" content=\"https:\/\/www.facebook.com\/everychildpediatrics\" \/>\n<meta property=\"article:modified_time\" content=\"2023-05-10T19:28:59+00:00\" \/>\n<meta property=\"og:image\" content=\"https:\/\/everychildpediatrics.org\/wp-content\/uploads\/2023\/05\/ECP-Site-Image-Default-1200x675-1.png\" \/>\n\t<meta property=\"og:image:width\" content=\"1200\" \/>\n\t<meta property=\"og:image:height\" content=\"675\" \/>\n\t<meta property=\"og:image:type\" content=\"image\/png\" \/>\n<meta name=\"twitter:card\" content=\"summary_large_image\" \/>\n<meta name=\"twitter:site\" content=\"@everychildpeds\" \/>\n<meta name=\"twitter:label1\" content=\"Tiempo de lectura\" \/>\n\t<meta name=\"twitter:data1\" content=\"3 minutos\" \/>\n<script type=\"application\/ld+json\" class=\"yoast-schema-graph\">{\"@context\":\"https:\\\/\\\/schema.org\",\"@graph\":[{\"@type\":\"WebPage\",\"@id\":\"https:\\\/\\\/everychildpediatrics.org\\\/es\\\/terms-of-use\\\/\",\"url\":\"https:\\\/\\\/everychildpediatrics.org\\\/es\\\/terms-of-use\\\/\",\"name\":\"Condiciones de uso | Every Child Pediatrics\",\"isPartOf\":{\"@id\":\"https:\\\/\\\/everychildpediatrics.org\\\/es\\\/#website\"},\"datePublished\":\"2023-02-10T03:13:00+00:00\",\"dateModified\":\"2023-05-10T19:28:59+00:00\",\"description\":\"Condiciones de uso at Every Child Pediatrics. Learn more about our organization, services, programs, careers and more.\",\"breadcrumb\":{\"@id\":\"https:\\\/\\\/everychildpediatrics.org\\\/es\\\/terms-of-use\\\/#breadcrumb\"},\"inLanguage\":\"es\",\"potentialAction\":[{\"@type\":\"ReadAction\",\"target\":[\"https:\\\/\\\/everychildpediatrics.org\\\/es\\\/terms-of-use\\\/\"]}]},{\"@type\":\"BreadcrumbList\",\"@id\":\"https:\\\/\\\/everychildpediatrics.org\\\/es\\\/terms-of-use\\\/#breadcrumb\",\"itemListElement\":[{\"@type\":\"ListItem\",\"position\":1,\"name\":\"Home\",\"item\":\"https:\\\/\\\/everychildpediatrics.org\\\/es\\\/\"},{\"@type\":\"ListItem\",\"position\":2,\"name\":\"Condiciones de uso\"}]},{\"@type\":\"WebSite\",\"@id\":\"https:\\\/\\\/everychildpediatrics.org\\\/es\\\/#website\",\"url\":\"https:\\\/\\\/everychildpediatrics.org\\\/es\\\/\",\"name\":\"Every Child Pediatrics\",\"description\":\"La historia de cada ni\u00f1o merece un comienzo saludable\",\"publisher\":{\"@id\":\"https:\\\/\\\/everychildpediatrics.org\\\/es\\\/#organization\"},\"alternateName\":\"ECP\",\"potentialAction\":[{\"@type\":\"SearchAction\",\"target\":{\"@type\":\"EntryPoint\",\"urlTemplate\":\"https:\\\/\\\/everychildpediatrics.org\\\/es\\\/?s={search_term_string}\"},\"query-input\":{\"@type\":\"PropertyValueSpecification\",\"valueRequired\":true,\"valueName\":\"search_term_string\"}}],\"inLanguage\":\"es\"},{\"@type\":\"Organization\",\"@id\":\"https:\\\/\\\/everychildpediatrics.org\\\/es\\\/#organization\",\"name\":\"Every Child Pediatrics\",\"alternateName\":\"ECP\",\"url\":\"https:\\\/\\\/everychildpediatrics.org\\\/es\\\/\",\"logo\":{\"@type\":\"ImageObject\",\"inLanguage\":\"es\",\"@id\":\"https:\\\/\\\/everychildpediatrics.org\\\/es\\\/#\\\/schema\\\/logo\\\/image\\\/\",\"url\":\"https:\\\/\\\/everychildpediatrics.org\\\/wp-content\\\/uploads\\\/2022\\\/12\\\/Every-Child-Pediatrics-logo.svg\",\"contentUrl\":\"https:\\\/\\\/everychildpediatrics.org\\\/wp-content\\\/uploads\\\/2022\\\/12\\\/Every-Child-Pediatrics-logo.svg\",\"width\":360,\"height\":360,\"caption\":\"Every Child Pediatrics\"},\"image\":{\"@id\":\"https:\\\/\\\/everychildpediatrics.org\\\/es\\\/#\\\/schema\\\/logo\\\/image\\\/\"},\"sameAs\":[\"https:\\\/\\\/www.facebook.com\\\/everychildpediatrics\",\"https:\\\/\\\/x.com\\\/everychildpeds\"]}]}<\/script>\n<!-- \/ Yoast SEO plugin. -->","yoast_head_json":{"title":"Condiciones de uso | Every Child Pediatrics","description":"Condiciones de uso at Every Child Pediatrics. Learn more about our organization, services, programs, careers and more.","robots":{"index":"index","follow":"follow","max-snippet":"max-snippet:-1","max-image-preview":"max-image-preview:large","max-video-preview":"max-video-preview:-1"},"canonical":"https:\/\/everychildpediatrics.org\/es\/terms-of-use\/","og_locale":"es_ES","og_type":"article","og_title":"Condiciones de uso | Every Child Pediatrics","og_description":"Condiciones de uso at Every Child Pediatrics. Learn more about our organization, services, programs, careers and more.","og_url":"https:\/\/everychildpediatrics.org\/es\/terms-of-use\/","og_site_name":"Every Child Pediatrics","article_publisher":"https:\/\/www.facebook.com\/everychildpediatrics","article_modified_time":"2023-05-10T19:28:59+00:00","og_image":[{"width":1200,"height":675,"url":"https:\/\/everychildpediatrics.org\/wp-content\/uploads\/2023\/05\/ECP-Site-Image-Default-1200x675-1.png","type":"image\/png"}],"twitter_card":"summary_large_image","twitter_site":"@everychildpeds","twitter_misc":{"Tiempo de lectura":"3 minutos"},"schema":{"@context":"https:\/\/schema.org","@graph":[{"@type":"WebPage","@id":"https:\/\/everychildpediatrics.org\/es\/terms-of-use\/","url":"https:\/\/everychildpediatrics.org\/es\/terms-of-use\/","name":"Condiciones de uso | Every Child Pediatrics","isPartOf":{"@id":"https:\/\/everychildpediatrics.org\/es\/#website"},"datePublished":"2023-02-10T03:13:00+00:00","dateModified":"2023-05-10T19:28:59+00:00","description":"Condiciones de uso at Every Child Pediatrics. Learn more about our organization, services, programs, careers and more.","breadcrumb":{"@id":"https:\/\/everychildpediatrics.org\/es\/terms-of-use\/#breadcrumb"},"inLanguage":"es","potentialAction":[{"@type":"ReadAction","target":["https:\/\/everychildpediatrics.org\/es\/terms-of-use\/"]}]},{"@type":"BreadcrumbList","@id":"https:\/\/everychildpediatrics.org\/es\/terms-of-use\/#breadcrumb","itemListElement":[{"@type":"ListItem","position":1,"name":"Home","item":"https:\/\/everychildpediatrics.org\/es\/"},{"@type":"ListItem","position":2,"name":"Condiciones de uso"}]},{"@type":"WebSite","@id":"https:\/\/everychildpediatrics.org\/es\/#website","url":"https:\/\/everychildpediatrics.org\/es\/","name":"Every Child Pediatrics","description":"La historia de cada ni\u00f1o merece un comienzo saludable","publisher":{"@id":"https:\/\/everychildpediatrics.org\/es\/#organization"},"alternateName":"ECP","potentialAction":[{"@type":"SearchAction","target":{"@type":"EntryPoint","urlTemplate":"https:\/\/everychildpediatrics.org\/es\/?s={search_term_string}"},"query-input":{"@type":"PropertyValueSpecification","valueRequired":true,"valueName":"search_term_string"}}],"inLanguage":"es"},{"@type":"Organization","@id":"https:\/\/everychildpediatrics.org\/es\/#organization","name":"Every Child Pediatrics","alternateName":"ECP","url":"https:\/\/everychildpediatrics.org\/es\/","logo":{"@type":"ImageObject","inLanguage":"es","@id":"https:\/\/everychildpediatrics.org\/es\/#\/schema\/logo\/image\/","url":"https:\/\/everychildpediatrics.org\/wp-content\/uploads\/2022\/12\/Every-Child-Pediatrics-logo.svg","contentUrl":"https:\/\/everychildpediatrics.org\/wp-content\/uploads\/2022\/12\/Every-Child-Pediatrics-logo.svg","width":360,"height":360,"caption":"Every Child Pediatrics"},"image":{"@id":"https:\/\/everychildpediatrics.org\/es\/#\/schema\/logo\/image\/"},"sameAs":["https:\/\/www.facebook.com\/everychildpediatrics","https:\/\/x.com\/everychildpeds"]}]}},"_links":{"self":[{"href":"https:\/\/everychildpediatrics.org\/es\/wp-json\/wp\/v2\/pages\/4882","targetHints":{"allow":["GET"]}}],"collection":[{"href":"https:\/\/everychildpediatrics.org\/es\/wp-json\/wp\/v2\/pages"}],"about":[{"href":"https:\/\/everychildpediatrics.org\/es\/wp-json\/wp\/v2\/types\/page"}],"author":[{"embeddable":true,"href":"https:\/\/everychildpediatrics.org\/es\/wp-json\/wp\/v2\/users\/7"}],"replies":[{"embeddable":true,"href":"https:\/\/everychildpediatrics.org\/es\/wp-json\/wp\/v2\/comments?post=4882"}],"version-history":[{"count":0,"href":"https:\/\/everychildpediatrics.org\/es\/wp-json\/wp\/v2\/pages\/4882\/revisions"}],"wp:attachment":[{"href":"https:\/\/everychildpediatrics.org\/es\/wp-json\/wp\/v2\/media?parent=4882"}],"curies":[{"name":"wp","href":"https:\/\/api.w.org\/{rel}","templated":true}]}}