{"id":4883,"date":"2023-02-09T20:12:43","date_gmt":"2023-02-10T03:12:43","guid":{"rendered":"https:\/\/everychildpediatrics.org\/non-discrimination-policy\/"},"modified":"2023-05-10T13:30:23","modified_gmt":"2023-05-10T19:30:23","slug":"non-discrimination-policy","status":"publish","type":"page","link":"https:\/\/everychildpediatrics.org\/es\/non-discrimination-policy\/","title":{"rendered":"Pol\u00edtica de no discriminaci\u00f3n"},"content":{"rendered":"\t\t<div data-elementor-type=\"wp-page\" data-elementor-id=\"4883\" class=\"elementor elementor-4883 elementor-41\" data-elementor-post-type=\"page\">\n\t\t\t\t\t\t<section class=\"elementor-section elementor-top-section elementor-element elementor-element-5c559a57 elementor-section-boxed elementor-section-height-default elementor-section-height-default\" data-id=\"5c559a57\" data-element_type=\"section\" data-e-type=\"section\">\n\t\t\t\t\t\t<div class=\"elementor-container elementor-column-gap-default\">\n\t\t\t\t\t<div class=\"elementor-column elementor-col-100 elementor-top-column elementor-element elementor-element-1ec499ce\" data-id=\"1ec499ce\" data-element_type=\"column\" data-e-type=\"column\">\n\t\t\t<div class=\"elementor-widget-wrap elementor-element-populated\">\n\t\t\t\t\t\t<div class=\"elementor-element elementor-element-3be76245 elementor-widget elementor-widget-text-editor\" data-id=\"3be76245\" data-element_type=\"widget\" data-e-type=\"widget\" data-widget_type=\"text-editor.default\">\n\t\t\t\t<div class=\"elementor-widget-container\">\n\t\t\t\t\t\t\t\t\t\n<p>Every Child Pediatrics se compromete a ofrecer una atenci\u00f3n equitativa a todos nuestros pacientes. Nuestra pol\u00edtica de no discriminaci\u00f3n de pacientes se estableci\u00f3 para proteger el bienestar de todos los pacientes a nuestro cuidado. La evaluaci\u00f3n del estado del paciente se realizar\u00e1 sin tener en cuenta su edad, raza, etnia, religi\u00f3n, cultura\/credo, idioma, discapacidad f\u00edsica o mental, situaci\u00f3n socioecon\u00f3mica, sexo, orientaci\u00f3n sexual o identidad o expresi\u00f3n de g\u00e9nero.<\/p>\n\t\t\t\t\t\t\t\t<\/div>\n\t\t\t\t<\/div>\n\t\t\t\t\t<\/div>\n\t\t<\/div>\n\t\t\t\t\t<\/div>\n\t\t<\/section>\n\t\t\t\t<\/div>\n\t\t","protected":false},"excerpt":{"rendered":"<p>Every Child Pediatrics se compromete a ofrecer una atenci\u00f3n equitativa a todos nuestros pacientes. Nuestra pol\u00edtica de no discriminaci\u00f3n de pacientes se estableci\u00f3 para proteger el bienestar de todos los pacientes a nuestro cuidado. La evaluaci\u00f3n del estado del paciente se realizar\u00e1 sin tener en cuenta su edad, raza, etnia, religi\u00f3n, cultura\/credo, idioma, discapacidad f\u00edsica [&hellip;]<\/p>\n","protected":false},"author":7,"featured_media":0,"parent":0,"menu_order":100,"comment_status":"closed","ping_status":"closed","template":"","meta":{"inline_featured_image":false,"footnotes":""},"class_list":["post-4883","page","type-page","status-publish","hentry"],"yoast_head":"<!-- This site is optimized with the Yoast SEO plugin v27.3 - https:\/\/yoast.com\/product\/yoast-seo-wordpress\/ -->\n<title>Pol\u00edtica de no discriminaci\u00f3n | Every Child Pediatrics<\/title>\n<meta name=\"description\" content=\"Pol\u00edtica de no discriminaci\u00f3n at Every Child Pediatrics. Learn more about our organization, services, programs, careers and more.\" \/>\n<meta name=\"robots\" content=\"index, follow, max-snippet:-1, max-image-preview:large, max-video-preview:-1\" \/>\n<link rel=\"canonical\" href=\"https:\/\/everychildpediatrics.org\/es\/non-discrimination-policy\/\" \/>\n<meta property=\"og:locale\" content=\"es_ES\" \/>\n<meta property=\"og:type\" content=\"article\" \/>\n<meta property=\"og:title\" content=\"Pol\u00edtica de no discriminaci\u00f3n | Every Child Pediatrics\" \/>\n<meta property=\"og:description\" content=\"Pol\u00edtica de no discriminaci\u00f3n at Every Child Pediatrics. Learn more about our organization, services, programs, careers and more.\" \/>\n<meta property=\"og:url\" content=\"https:\/\/everychildpediatrics.org\/es\/non-discrimination-policy\/\" \/>\n<meta property=\"og:site_name\" content=\"Every Child Pediatrics\" \/>\n<meta property=\"article:publisher\" content=\"https:\/\/www.facebook.com\/everychildpediatrics\" \/>\n<meta property=\"article:modified_time\" content=\"2023-05-10T19:30:23+00:00\" \/>\n<meta property=\"og:image\" content=\"https:\/\/everychildpediatrics.org\/wp-content\/uploads\/2023\/05\/ECP-Site-Image-Default-1200x675-1.png\" \/>\n\t<meta property=\"og:image:width\" content=\"1200\" \/>\n\t<meta property=\"og:image:height\" content=\"675\" \/>\n\t<meta property=\"og:image:type\" content=\"image\/png\" \/>\n<meta name=\"twitter:card\" content=\"summary_large_image\" \/>\n<meta name=\"twitter:site\" content=\"@everychildpeds\" \/>\n<meta name=\"twitter:label1\" content=\"Tiempo de lectura\" \/>\n\t<meta name=\"twitter:data1\" content=\"1 minuto\" \/>\n<script type=\"application\/ld+json\" class=\"yoast-schema-graph\">{\"@context\":\"https:\\\/\\\/schema.org\",\"@graph\":[{\"@type\":\"WebPage\",\"@id\":\"https:\\\/\\\/everychildpediatrics.org\\\/es\\\/non-discrimination-policy\\\/\",\"url\":\"https:\\\/\\\/everychildpediatrics.org\\\/es\\\/non-discrimination-policy\\\/\",\"name\":\"Pol\u00edtica de no discriminaci\u00f3n | Every Child Pediatrics\",\"isPartOf\":{\"@id\":\"https:\\\/\\\/everychildpediatrics.org\\\/es\\\/#website\"},\"datePublished\":\"2023-02-10T03:12:43+00:00\",\"dateModified\":\"2023-05-10T19:30:23+00:00\",\"description\":\"Pol\u00edtica de no discriminaci\u00f3n at Every Child Pediatrics. Learn more about our organization, services, programs, careers and more.\",\"breadcrumb\":{\"@id\":\"https:\\\/\\\/everychildpediatrics.org\\\/es\\\/non-discrimination-policy\\\/#breadcrumb\"},\"inLanguage\":\"es\",\"potentialAction\":[{\"@type\":\"ReadAction\",\"target\":[\"https:\\\/\\\/everychildpediatrics.org\\\/es\\\/non-discrimination-policy\\\/\"]}]},{\"@type\":\"BreadcrumbList\",\"@id\":\"https:\\\/\\\/everychildpediatrics.org\\\/es\\\/non-discrimination-policy\\\/#breadcrumb\",\"itemListElement\":[{\"@type\":\"ListItem\",\"position\":1,\"name\":\"Home\",\"item\":\"https:\\\/\\\/everychildpediatrics.org\\\/es\\\/\"},{\"@type\":\"ListItem\",\"position\":2,\"name\":\"Pol\u00edtica de no discriminaci\u00f3n\"}]},{\"@type\":\"WebSite\",\"@id\":\"https:\\\/\\\/everychildpediatrics.org\\\/es\\\/#website\",\"url\":\"https:\\\/\\\/everychildpediatrics.org\\\/es\\\/\",\"name\":\"Every Child Pediatrics\",\"description\":\"La historia de cada ni\u00f1o merece un comienzo saludable\",\"publisher\":{\"@id\":\"https:\\\/\\\/everychildpediatrics.org\\\/es\\\/#organization\"},\"alternateName\":\"ECP\",\"potentialAction\":[{\"@type\":\"SearchAction\",\"target\":{\"@type\":\"EntryPoint\",\"urlTemplate\":\"https:\\\/\\\/everychildpediatrics.org\\\/es\\\/?s={search_term_string}\"},\"query-input\":{\"@type\":\"PropertyValueSpecification\",\"valueRequired\":true,\"valueName\":\"search_term_string\"}}],\"inLanguage\":\"es\"},{\"@type\":\"Organization\",\"@id\":\"https:\\\/\\\/everychildpediatrics.org\\\/es\\\/#organization\",\"name\":\"Every Child Pediatrics\",\"alternateName\":\"ECP\",\"url\":\"https:\\\/\\\/everychildpediatrics.org\\\/es\\\/\",\"logo\":{\"@type\":\"ImageObject\",\"inLanguage\":\"es\",\"@id\":\"https:\\\/\\\/everychildpediatrics.org\\\/es\\\/#\\\/schema\\\/logo\\\/image\\\/\",\"url\":\"https:\\\/\\\/everychildpediatrics.org\\\/wp-content\\\/uploads\\\/2022\\\/12\\\/Every-Child-Pediatrics-logo.svg\",\"contentUrl\":\"https:\\\/\\\/everychildpediatrics.org\\\/wp-content\\\/uploads\\\/2022\\\/12\\\/Every-Child-Pediatrics-logo.svg\",\"width\":360,\"height\":360,\"caption\":\"Every Child Pediatrics\"},\"image\":{\"@id\":\"https:\\\/\\\/everychildpediatrics.org\\\/es\\\/#\\\/schema\\\/logo\\\/image\\\/\"},\"sameAs\":[\"https:\\\/\\\/www.facebook.com\\\/everychildpediatrics\",\"https:\\\/\\\/x.com\\\/everychildpeds\"]}]}<\/script>\n<!-- \/ Yoast SEO plugin. -->","yoast_head_json":{"title":"Pol\u00edtica de no discriminaci\u00f3n | Every Child Pediatrics","description":"Pol\u00edtica de no discriminaci\u00f3n at Every Child Pediatrics. Learn more about our organization, services, programs, careers and more.","robots":{"index":"index","follow":"follow","max-snippet":"max-snippet:-1","max-image-preview":"max-image-preview:large","max-video-preview":"max-video-preview:-1"},"canonical":"https:\/\/everychildpediatrics.org\/es\/non-discrimination-policy\/","og_locale":"es_ES","og_type":"article","og_title":"Pol\u00edtica de no discriminaci\u00f3n | Every Child Pediatrics","og_description":"Pol\u00edtica de no discriminaci\u00f3n at Every Child Pediatrics. Learn more about our organization, services, programs, careers and more.","og_url":"https:\/\/everychildpediatrics.org\/es\/non-discrimination-policy\/","og_site_name":"Every Child Pediatrics","article_publisher":"https:\/\/www.facebook.com\/everychildpediatrics","article_modified_time":"2023-05-10T19:30:23+00:00","og_image":[{"width":1200,"height":675,"url":"https:\/\/everychildpediatrics.org\/wp-content\/uploads\/2023\/05\/ECP-Site-Image-Default-1200x675-1.png","type":"image\/png"}],"twitter_card":"summary_large_image","twitter_site":"@everychildpeds","twitter_misc":{"Tiempo de lectura":"1 minuto"},"schema":{"@context":"https:\/\/schema.org","@graph":[{"@type":"WebPage","@id":"https:\/\/everychildpediatrics.org\/es\/non-discrimination-policy\/","url":"https:\/\/everychildpediatrics.org\/es\/non-discrimination-policy\/","name":"Pol\u00edtica de no discriminaci\u00f3n | Every Child Pediatrics","isPartOf":{"@id":"https:\/\/everychildpediatrics.org\/es\/#website"},"datePublished":"2023-02-10T03:12:43+00:00","dateModified":"2023-05-10T19:30:23+00:00","description":"Pol\u00edtica de no discriminaci\u00f3n at Every Child Pediatrics. Learn more about our organization, services, programs, careers and more.","breadcrumb":{"@id":"https:\/\/everychildpediatrics.org\/es\/non-discrimination-policy\/#breadcrumb"},"inLanguage":"es","potentialAction":[{"@type":"ReadAction","target":["https:\/\/everychildpediatrics.org\/es\/non-discrimination-policy\/"]}]},{"@type":"BreadcrumbList","@id":"https:\/\/everychildpediatrics.org\/es\/non-discrimination-policy\/#breadcrumb","itemListElement":[{"@type":"ListItem","position":1,"name":"Home","item":"https:\/\/everychildpediatrics.org\/es\/"},{"@type":"ListItem","position":2,"name":"Pol\u00edtica de no discriminaci\u00f3n"}]},{"@type":"WebSite","@id":"https:\/\/everychildpediatrics.org\/es\/#website","url":"https:\/\/everychildpediatrics.org\/es\/","name":"Every Child Pediatrics","description":"La historia de cada ni\u00f1o merece un comienzo saludable","publisher":{"@id":"https:\/\/everychildpediatrics.org\/es\/#organization"},"alternateName":"ECP","potentialAction":[{"@type":"SearchAction","target":{"@type":"EntryPoint","urlTemplate":"https:\/\/everychildpediatrics.org\/es\/?s={search_term_string}"},"query-input":{"@type":"PropertyValueSpecification","valueRequired":true,"valueName":"search_term_string"}}],"inLanguage":"es"},{"@type":"Organization","@id":"https:\/\/everychildpediatrics.org\/es\/#organization","name":"Every Child Pediatrics","alternateName":"ECP","url":"https:\/\/everychildpediatrics.org\/es\/","logo":{"@type":"ImageObject","inLanguage":"es","@id":"https:\/\/everychildpediatrics.org\/es\/#\/schema\/logo\/image\/","url":"https:\/\/everychildpediatrics.org\/wp-content\/uploads\/2022\/12\/Every-Child-Pediatrics-logo.svg","contentUrl":"https:\/\/everychildpediatrics.org\/wp-content\/uploads\/2022\/12\/Every-Child-Pediatrics-logo.svg","width":360,"height":360,"caption":"Every Child Pediatrics"},"image":{"@id":"https:\/\/everychildpediatrics.org\/es\/#\/schema\/logo\/image\/"},"sameAs":["https:\/\/www.facebook.com\/everychildpediatrics","https:\/\/x.com\/everychildpeds"]}]}},"_links":{"self":[{"href":"https:\/\/everychildpediatrics.org\/es\/wp-json\/wp\/v2\/pages\/4883","targetHints":{"allow":["GET"]}}],"collection":[{"href":"https:\/\/everychildpediatrics.org\/es\/wp-json\/wp\/v2\/pages"}],"about":[{"href":"https:\/\/everychildpediatrics.org\/es\/wp-json\/wp\/v2\/types\/page"}],"author":[{"embeddable":true,"href":"https:\/\/everychildpediatrics.org\/es\/wp-json\/wp\/v2\/users\/7"}],"replies":[{"embeddable":true,"href":"https:\/\/everychildpediatrics.org\/es\/wp-json\/wp\/v2\/comments?post=4883"}],"version-history":[{"count":0,"href":"https:\/\/everychildpediatrics.org\/es\/wp-json\/wp\/v2\/pages\/4883\/revisions"}],"wp:attachment":[{"href":"https:\/\/everychildpediatrics.org\/es\/wp-json\/wp\/v2\/media?parent=4883"}],"curies":[{"name":"wp","href":"https:\/\/api.w.org\/{rel}","templated":true}]}}