{"id":4884,"date":"2023-02-09T20:19:11","date_gmt":"2023-02-10T03:19:11","guid":{"rendered":"https:\/\/everychildpediatrics.org\/patient-rights-responsibilities\/"},"modified":"2023-05-10T13:31:50","modified_gmt":"2023-05-10T19:31:50","slug":"patient-rights-responsibilities","status":"publish","type":"page","link":"https:\/\/everychildpediatrics.org\/es\/patient-rights-responsibilities\/","title":{"rendered":"Derechos y responsabilidades del paciente"},"content":{"rendered":"\t\t<div data-elementor-type=\"wp-page\" data-elementor-id=\"4884\" class=\"elementor elementor-4884 elementor-64\" data-elementor-post-type=\"page\">\n\t\t\t\t\t\t<section class=\"elementor-section elementor-top-section elementor-element elementor-element-63fb5fe1 elementor-section-boxed elementor-section-height-default elementor-section-height-default\" data-id=\"63fb5fe1\" data-element_type=\"section\" data-e-type=\"section\">\n\t\t\t\t\t\t<div class=\"elementor-container elementor-column-gap-default\">\n\t\t\t\t\t<div class=\"elementor-column elementor-col-100 elementor-top-column elementor-element elementor-element-24eff8c\" data-id=\"24eff8c\" data-element_type=\"column\" data-e-type=\"column\">\n\t\t\t<div class=\"elementor-widget-wrap elementor-element-populated\">\n\t\t\t\t\t\t<div class=\"elementor-element elementor-element-6a094b75 elementor-widget elementor-widget-text-editor\" data-id=\"6a094b75\" data-element_type=\"widget\" data-e-type=\"widget\" data-widget_type=\"text-editor.default\">\n\t\t\t\t<div class=\"elementor-widget-container\">\n\t\t\t\t\t\t\t\t\t\n<p>En Every Child Pediatrics, usted y su hijo son nuestra principal preocupaci\u00f3n. Le agradecemos la confianza que deposita en nosotros y nuestro objetivo es ofrecerle un servicio excelente a usted y a su hijo.<\/p>\n\n\n\n<div style=\"height:20px\" aria-hidden=\"true\" class=\"wp-block-spacer\"><\/div>\n\n\n\n<h3>Derechos del paciente a la comunicaci\u00f3n<\/h3>\n\n\n\n<ul>\n<li>Usted y\/o su hijo tienen derecho a:<\/li>\n\n\n\n<li>Comprender su plan de cuidados y tratamiento o el de su hijo.<\/li>\n\n\n\n<li>Conozca a los miembros del equipo sanitario que le atienden y tratan a usted o a su hijo.<\/li>\n\n\n\n<li>Que se informe a una persona y\/o a un m\u00e9dico de su elecci\u00f3n sobre su visita o la de su hijo y sobre el plan de cuidados.<\/li>\n\n\n\n<li>Obtenga informaci\u00f3n sobre su enfermedad o la de su hijo en palabras o en un idioma que entienda. Esta informaci\u00f3n incluye el diagn\u00f3stico, las pruebas, los procedimientos y las opciones de tratamiento, as\u00ed como los posibles riesgos y beneficios.<\/li>\n\n\n\n<li>Participe en las decisiones que se tomen sobre su tratamiento o el de su hijo.<\/li>\n\n\n\n<li>Que le digan lo que debe saber y lo que debe hacer cuando usted o su hijo vuelvan a casa.<\/li>\n\n\n\n<li>Haz que el personal de Every Child Pediatrics escuche lo que dices y responda a tus preguntas. Sepa que puede expresar sus sentimientos o temores y obtener respuestas comprensivas.<\/li>\n\n\n\n<li>Si\u00e9ntase libre de dar su opini\u00f3n sin preocuparse de que pueda afectar a su atenci\u00f3n o a la de su hijo.<\/li>\n<\/ul>\n\n\n\n<div style=\"height:20px\" aria-hidden=\"true\" class=\"wp-block-spacer\"><\/div>\n\n\n\n<h3>Responsabilidades de comunicaci\u00f3n con el paciente y la familia<\/h3>\n\n\n\n<ul>\n<li>Usted y\/o su hijo tienen la responsabilidad de:<\/li>\n\n\n\n<li>Informe inmediatamente al m\u00e9dico de su hijo o al personal de Every Child Pediatrics si necesita un idioma distinto del ingl\u00e9s para poder entender y dar su consentimiento informado para la atenci\u00f3n y el tratamiento de su hijo.<\/li>\n\n\n\n<li>Facilite informaci\u00f3n veraz y completa sobre su salud o la de su hijo. Inf\u00f3rmenos de cualquier cambio inesperado en su estado de salud o en el de su hijo.<\/li>\n\n\n\n<li>Para los padres\/representantes legalmente autorizados, cuando se les pida, dennos pruebas de que tienen derecho a dar su consentimiento para la admisi\u00f3n y el tratamiento m\u00e9dico\/quir\u00fargico de su hijo.<\/li>\n\n\n\n<li>Dar Every Child Pediatrics informaci\u00f3n precisa acerca de su \/ la cobertura de seguro actual de su hijo y \/ o elegibilidad para los programas estatales o federales y pagar las facturas de manera oportuna.<\/li>\n\n\n\n<li>Haz preguntas si no entiendes la informaci\u00f3n o las instrucciones.<\/li>\n\n\n\n<li>Acude a tus citas y s\u00e9 puntual. Si no puede acudir a su cita o a la de su hijo, llame lo antes posible para concertar una nueva.<\/li>\n\n\n\n<li>Informe a su m\u00e9dico, enfermero o representante de pacientes o al de su hijo si tiene alguna duda o no est\u00e1 satisfecho con la atenci\u00f3n que est\u00e1 recibiendo o que est\u00e1 recibiendo su hijo.<\/li>\n\n\n\n<li>Act\u00faa adecuadamente y s\u00e9 respetuoso cuando trates de resolver los desacuerdos.<\/li>\n\n\n\n<li>Respetar la privacidad de otros ni\u00f1os y familias que reciben atenci\u00f3n en Every Child Pediatrics.<\/li>\n\n\n\n<li>Mantenga los tel\u00e9fonos m\u00f3viles en modo silencio\/vibraci\u00f3n cuando est\u00e9 cerca de pacientes o del equipo sanitario.<\/li>\n\n\n\n<li>Pague las facturas m\u00e9dicas de las que sea responsable.<\/li>\n<\/ul>\n\n\n\n<div style=\"height:20px\" aria-hidden=\"true\" class=\"wp-block-spacer\"><\/div>\n\n\n\n<h3>Responsabilidades de seguridad del paciente y la familia<\/h3>\n\n\n\n<p>Usted y su hijo tienen la responsabilidad de:<\/p>\n\n\n\n<ul>\n<li>Aprende y sigue las normas de Every Child Pediatrics.<\/li>\n\n\n\n<li>Ayude al personal a hacer de Every Child Pediatrics un lugar seguro para todos comunic\u00e1ndonos sus preocupaciones sobre seguridad.<\/li>\n\n\n\n<li>No consumir drogas ilegales, marihuana, alcohol, tabaco, cigarrillos electr\u00f3nicos ni llevar pistolas u otras armas.<\/li>\n\n\n\n<li>No hacer fotos, v\u00eddeos ni grabaciones del personal, el equipo o cualquier persona ajena a la familia.<\/li>\n\n\n\n<li>Respete las normas para los visitantes. Los padres u otro adulto de la familia deben cuidar de los menores de 18 a\u00f1os que acudan a una visita cl\u00ednica. Los ni\u00f1os tambi\u00e9n deben respetar las normas.<\/li>\n\n\n\n<li>No permitir que nadie que est\u00e9 bajo los efectos del alcohol entre en una cl\u00ednica.<\/li>\n\n\n\n<li>V\u00edstase adecuadamente.<\/li>\n\n\n\n<li>No proferir insultos, amenazas o comportamientos que repercutan en la atenci\u00f3n al paciente.<\/li>\n\n\n\n<li>Sepa que si incumple las normas, se llamar\u00e1 a las autoridades y podr\u00e1 ser expulsado de la propiedad.<\/li>\n<\/ul>\n\n\n\n<div style=\"height:20px\" aria-hidden=\"true\" class=\"wp-block-spacer\"><\/div>\n\n\n\n<h3>Derechos de los mayores de 18 a\u00f1os<\/h3>\n\n\n\n<p>La pol\u00edtica de Every Child Pediatrics es respetar los derechos de las personas mayores de 18 a\u00f1os y de aquellas autorizadas por las leyes federales y estatales a tomar decisiones sobre la atenci\u00f3n sanitaria:<\/p>\n\n\n\n<ul>\n<li>Aceptar o rechazar un tratamiento m\u00e9dico.<\/li>\n<\/ul>\n\t\t\t\t\t\t\t\t<\/div>\n\t\t\t\t<\/div>\n\t\t\t\t\t<\/div>\n\t\t<\/div>\n\t\t\t\t\t<\/div>\n\t\t<\/section>\n\t\t\t\t<\/div>\n\t\t","protected":false},"excerpt":{"rendered":"<p>En Every Child Pediatrics, usted y su hijo son nuestra principal preocupaci\u00f3n. Le agradecemos la confianza que deposita en nosotros y nuestro objetivo es ofrecerle un servicio excelente a usted y a su hijo. Derechos del paciente a la comunicaci\u00f3n Usted y\/o su hijo tienen derecho a: Comprender su plan de cuidados y tratamiento o [&hellip;]<\/p>\n","protected":false},"author":7,"featured_media":0,"parent":0,"menu_order":100,"comment_status":"closed","ping_status":"closed","template":"","meta":{"inline_featured_image":false,"footnotes":""},"class_list":["post-4884","page","type-page","status-publish","hentry"],"yoast_head":"<!-- This site is optimized with the Yoast SEO plugin v27.3 - https:\/\/yoast.com\/product\/yoast-seo-wordpress\/ -->\n<title>Derechos y responsabilidades del paciente | Every Child Pediatrics<\/title>\n<meta name=\"description\" content=\"Derechos y responsabilidades del paciente at Every Child Pediatrics. Learn more about our organization, services, programs, careers and more.\" \/>\n<meta name=\"robots\" content=\"index, follow, max-snippet:-1, max-image-preview:large, max-video-preview:-1\" \/>\n<link rel=\"canonical\" href=\"https:\/\/everychildpediatrics.org\/es\/patient-rights-responsibilities\/\" \/>\n<meta property=\"og:locale\" content=\"es_ES\" \/>\n<meta property=\"og:type\" content=\"article\" \/>\n<meta property=\"og:title\" content=\"Derechos y responsabilidades del paciente | Every Child Pediatrics\" \/>\n<meta property=\"og:description\" content=\"Derechos y responsabilidades del paciente at Every Child Pediatrics. Learn more about our organization, services, programs, careers and more.\" \/>\n<meta property=\"og:url\" content=\"https:\/\/everychildpediatrics.org\/es\/patient-rights-responsibilities\/\" \/>\n<meta property=\"og:site_name\" content=\"Every Child Pediatrics\" \/>\n<meta property=\"article:publisher\" content=\"https:\/\/www.facebook.com\/everychildpediatrics\" \/>\n<meta property=\"article:modified_time\" content=\"2023-05-10T19:31:50+00:00\" \/>\n<meta property=\"og:image\" content=\"https:\/\/everychildpediatrics.org\/wp-content\/uploads\/2023\/05\/ECP-Site-Image-Default-1200x675-1.png\" \/>\n\t<meta property=\"og:image:width\" content=\"1200\" \/>\n\t<meta property=\"og:image:height\" content=\"675\" \/>\n\t<meta property=\"og:image:type\" content=\"image\/png\" \/>\n<meta name=\"twitter:card\" content=\"summary_large_image\" \/>\n<meta name=\"twitter:site\" content=\"@everychildpeds\" \/>\n<meta name=\"twitter:label1\" content=\"Tiempo de lectura\" \/>\n\t<meta name=\"twitter:data1\" content=\"3 minutos\" \/>\n<script type=\"application\/ld+json\" class=\"yoast-schema-graph\">{\"@context\":\"https:\\\/\\\/schema.org\",\"@graph\":[{\"@type\":\"WebPage\",\"@id\":\"https:\\\/\\\/everychildpediatrics.org\\\/es\\\/patient-rights-responsibilities\\\/\",\"url\":\"https:\\\/\\\/everychildpediatrics.org\\\/es\\\/patient-rights-responsibilities\\\/\",\"name\":\"Derechos y responsabilidades del paciente | Every Child Pediatrics\",\"isPartOf\":{\"@id\":\"https:\\\/\\\/everychildpediatrics.org\\\/es\\\/#website\"},\"datePublished\":\"2023-02-10T03:19:11+00:00\",\"dateModified\":\"2023-05-10T19:31:50+00:00\",\"description\":\"Derechos y responsabilidades del paciente at Every Child Pediatrics. Learn more about our organization, services, programs, careers and more.\",\"breadcrumb\":{\"@id\":\"https:\\\/\\\/everychildpediatrics.org\\\/es\\\/patient-rights-responsibilities\\\/#breadcrumb\"},\"inLanguage\":\"es\",\"potentialAction\":[{\"@type\":\"ReadAction\",\"target\":[\"https:\\\/\\\/everychildpediatrics.org\\\/es\\\/patient-rights-responsibilities\\\/\"]}]},{\"@type\":\"BreadcrumbList\",\"@id\":\"https:\\\/\\\/everychildpediatrics.org\\\/es\\\/patient-rights-responsibilities\\\/#breadcrumb\",\"itemListElement\":[{\"@type\":\"ListItem\",\"position\":1,\"name\":\"Home\",\"item\":\"https:\\\/\\\/everychildpediatrics.org\\\/es\\\/\"},{\"@type\":\"ListItem\",\"position\":2,\"name\":\"Derechos y responsabilidades del paciente\"}]},{\"@type\":\"WebSite\",\"@id\":\"https:\\\/\\\/everychildpediatrics.org\\\/es\\\/#website\",\"url\":\"https:\\\/\\\/everychildpediatrics.org\\\/es\\\/\",\"name\":\"Every Child Pediatrics\",\"description\":\"La historia de cada ni\u00f1o merece un comienzo saludable\",\"publisher\":{\"@id\":\"https:\\\/\\\/everychildpediatrics.org\\\/es\\\/#organization\"},\"alternateName\":\"ECP\",\"potentialAction\":[{\"@type\":\"SearchAction\",\"target\":{\"@type\":\"EntryPoint\",\"urlTemplate\":\"https:\\\/\\\/everychildpediatrics.org\\\/es\\\/?s={search_term_string}\"},\"query-input\":{\"@type\":\"PropertyValueSpecification\",\"valueRequired\":true,\"valueName\":\"search_term_string\"}}],\"inLanguage\":\"es\"},{\"@type\":\"Organization\",\"@id\":\"https:\\\/\\\/everychildpediatrics.org\\\/es\\\/#organization\",\"name\":\"Every Child Pediatrics\",\"alternateName\":\"ECP\",\"url\":\"https:\\\/\\\/everychildpediatrics.org\\\/es\\\/\",\"logo\":{\"@type\":\"ImageObject\",\"inLanguage\":\"es\",\"@id\":\"https:\\\/\\\/everychildpediatrics.org\\\/es\\\/#\\\/schema\\\/logo\\\/image\\\/\",\"url\":\"https:\\\/\\\/everychildpediatrics.org\\\/wp-content\\\/uploads\\\/2022\\\/12\\\/Every-Child-Pediatrics-logo.svg\",\"contentUrl\":\"https:\\\/\\\/everychildpediatrics.org\\\/wp-content\\\/uploads\\\/2022\\\/12\\\/Every-Child-Pediatrics-logo.svg\",\"width\":360,\"height\":360,\"caption\":\"Every Child Pediatrics\"},\"image\":{\"@id\":\"https:\\\/\\\/everychildpediatrics.org\\\/es\\\/#\\\/schema\\\/logo\\\/image\\\/\"},\"sameAs\":[\"https:\\\/\\\/www.facebook.com\\\/everychildpediatrics\",\"https:\\\/\\\/x.com\\\/everychildpeds\"]}]}<\/script>\n<!-- \/ Yoast SEO plugin. -->","yoast_head_json":{"title":"Derechos y responsabilidades del paciente | Every Child Pediatrics","description":"Derechos y responsabilidades del paciente at Every Child Pediatrics. Learn more about our organization, services, programs, careers and more.","robots":{"index":"index","follow":"follow","max-snippet":"max-snippet:-1","max-image-preview":"max-image-preview:large","max-video-preview":"max-video-preview:-1"},"canonical":"https:\/\/everychildpediatrics.org\/es\/patient-rights-responsibilities\/","og_locale":"es_ES","og_type":"article","og_title":"Derechos y responsabilidades del paciente | Every Child Pediatrics","og_description":"Derechos y responsabilidades del paciente at Every Child Pediatrics. Learn more about our organization, services, programs, careers and more.","og_url":"https:\/\/everychildpediatrics.org\/es\/patient-rights-responsibilities\/","og_site_name":"Every Child Pediatrics","article_publisher":"https:\/\/www.facebook.com\/everychildpediatrics","article_modified_time":"2023-05-10T19:31:50+00:00","og_image":[{"width":1200,"height":675,"url":"https:\/\/everychildpediatrics.org\/wp-content\/uploads\/2023\/05\/ECP-Site-Image-Default-1200x675-1.png","type":"image\/png"}],"twitter_card":"summary_large_image","twitter_site":"@everychildpeds","twitter_misc":{"Tiempo de lectura":"3 minutos"},"schema":{"@context":"https:\/\/schema.org","@graph":[{"@type":"WebPage","@id":"https:\/\/everychildpediatrics.org\/es\/patient-rights-responsibilities\/","url":"https:\/\/everychildpediatrics.org\/es\/patient-rights-responsibilities\/","name":"Derechos y responsabilidades del paciente | Every Child Pediatrics","isPartOf":{"@id":"https:\/\/everychildpediatrics.org\/es\/#website"},"datePublished":"2023-02-10T03:19:11+00:00","dateModified":"2023-05-10T19:31:50+00:00","description":"Derechos y responsabilidades del paciente at Every Child Pediatrics. Learn more about our organization, services, programs, careers and more.","breadcrumb":{"@id":"https:\/\/everychildpediatrics.org\/es\/patient-rights-responsibilities\/#breadcrumb"},"inLanguage":"es","potentialAction":[{"@type":"ReadAction","target":["https:\/\/everychildpediatrics.org\/es\/patient-rights-responsibilities\/"]}]},{"@type":"BreadcrumbList","@id":"https:\/\/everychildpediatrics.org\/es\/patient-rights-responsibilities\/#breadcrumb","itemListElement":[{"@type":"ListItem","position":1,"name":"Home","item":"https:\/\/everychildpediatrics.org\/es\/"},{"@type":"ListItem","position":2,"name":"Derechos y responsabilidades del paciente"}]},{"@type":"WebSite","@id":"https:\/\/everychildpediatrics.org\/es\/#website","url":"https:\/\/everychildpediatrics.org\/es\/","name":"Every Child Pediatrics","description":"La historia de cada ni\u00f1o merece un comienzo saludable","publisher":{"@id":"https:\/\/everychildpediatrics.org\/es\/#organization"},"alternateName":"ECP","potentialAction":[{"@type":"SearchAction","target":{"@type":"EntryPoint","urlTemplate":"https:\/\/everychildpediatrics.org\/es\/?s={search_term_string}"},"query-input":{"@type":"PropertyValueSpecification","valueRequired":true,"valueName":"search_term_string"}}],"inLanguage":"es"},{"@type":"Organization","@id":"https:\/\/everychildpediatrics.org\/es\/#organization","name":"Every Child Pediatrics","alternateName":"ECP","url":"https:\/\/everychildpediatrics.org\/es\/","logo":{"@type":"ImageObject","inLanguage":"es","@id":"https:\/\/everychildpediatrics.org\/es\/#\/schema\/logo\/image\/","url":"https:\/\/everychildpediatrics.org\/wp-content\/uploads\/2022\/12\/Every-Child-Pediatrics-logo.svg","contentUrl":"https:\/\/everychildpediatrics.org\/wp-content\/uploads\/2022\/12\/Every-Child-Pediatrics-logo.svg","width":360,"height":360,"caption":"Every Child Pediatrics"},"image":{"@id":"https:\/\/everychildpediatrics.org\/es\/#\/schema\/logo\/image\/"},"sameAs":["https:\/\/www.facebook.com\/everychildpediatrics","https:\/\/x.com\/everychildpeds"]}]}},"_links":{"self":[{"href":"https:\/\/everychildpediatrics.org\/es\/wp-json\/wp\/v2\/pages\/4884","targetHints":{"allow":["GET"]}}],"collection":[{"href":"https:\/\/everychildpediatrics.org\/es\/wp-json\/wp\/v2\/pages"}],"about":[{"href":"https:\/\/everychildpediatrics.org\/es\/wp-json\/wp\/v2\/types\/page"}],"author":[{"embeddable":true,"href":"https:\/\/everychildpediatrics.org\/es\/wp-json\/wp\/v2\/users\/7"}],"replies":[{"embeddable":true,"href":"https:\/\/everychildpediatrics.org\/es\/wp-json\/wp\/v2\/comments?post=4884"}],"version-history":[{"count":0,"href":"https:\/\/everychildpediatrics.org\/es\/wp-json\/wp\/v2\/pages\/4884\/revisions"}],"wp:attachment":[{"href":"https:\/\/everychildpediatrics.org\/es\/wp-json\/wp\/v2\/media?parent=4884"}],"curies":[{"name":"wp","href":"https:\/\/api.w.org\/{rel}","templated":true}]}}