{"id":6107,"date":"2023-08-18T15:13:06","date_gmt":"2023-08-18T21:13:06","guid":{"rendered":"https:\/\/everychildpediatrics.org\/?page_id=6107"},"modified":"2025-04-07T10:40:57","modified_gmt":"2025-04-07T16:40:57","slug":"instrucciones-para-el-portal-del-paciente","status":"publish","type":"page","link":"https:\/\/everychildpediatrics.org\/es\/instrucciones-para-el-portal-del-paciente\/","title":{"rendered":"Instrucciones para el Portal del Paciente"},"content":{"rendered":"\t\t<div data-elementor-type=\"wp-page\" data-elementor-id=\"6107\" class=\"elementor elementor-6107 elementor-6106\" data-elementor-post-type=\"page\">\n\t\t\t\t\t\t<section class=\"elementor-section elementor-top-section elementor-element elementor-element-ca01bde elementor-section-boxed elementor-section-height-default elementor-section-height-default\" data-id=\"ca01bde\" data-element_type=\"section\" data-e-type=\"section\">\n\t\t\t\t\t\t<div class=\"elementor-container elementor-column-gap-default\">\n\t\t\t\t\t<div class=\"elementor-column elementor-col-100 elementor-top-column elementor-element elementor-element-c1da3f2\" data-id=\"c1da3f2\" data-element_type=\"column\" data-e-type=\"column\">\n\t\t\t<div class=\"elementor-widget-wrap elementor-element-populated\">\n\t\t\t\t\t\t<div class=\"elementor-element elementor-element-5c9ff6a elementor-widget elementor-widget-text-editor\" data-id=\"5c9ff6a\" data-element_type=\"widget\" data-e-type=\"widget\" data-widget_type=\"text-editor.default\">\n\t\t\t\t<div class=\"elementor-widget-container\">\n\t\t\t\t\t\t\t\t\t<p><strong>REG\u00cdSTRESE EN EL PORTAL DEL PACIENTE<br><\/strong><\/p><p>Read in English <a class=\"wpml-ls-link\" href=\"https:\/\/everychildpediatrics.org\/es\/instrucciones-para-el-portal-del-paciente\/\">here<\/a>.  <\/p><p>El Portal del Paciente de Every Child Pediatrics le ayudar\u00e1 a obtener formularios, resultados de pruebas y otra informaci\u00f3n del proveedor m\u00e9dico de su hijo.<\/p><p>Ventajas de utilizar el Portal del Paciente:<\/p><ul><li>Ver una lista de las vacunas que su hijo ha recibido en Every Child Pediatrics<\/li><li>Recibir cartas de su proveedor de atenci\u00f3n sanitaria, incluidos los formularios de ex\u00e1menes f\u00edsicos para guarder\u00edas y deportes.<\/li><li>Consulte su lista de medicamentos activos y las instrucciones de uso<\/li><li>Acceda al peso m\u00e1s reciente de su hijo y a un gr\u00e1fico de la evoluci\u00f3n de su peso a lo largo del tiempo<\/li><li>Reciba mensajes del m\u00e9dico de su hijo<\/li><li>Revise la farmacia que tenemos archivada para usted<\/li><li>Vea f\u00e1cil y r\u00e1pidamente los resultados de las pruebas de su hijo (de laboratorio y de imagen)<\/li><li>Consulte los res\u00famenes y folletos de su visita<\/li><li>Gesti\u00f3n de citas: ver recordatorios de citas, enviar una solicitud de cita, ver citas programadas (hist\u00f3ricas y futuras), etc.<\/li><li>Pague su factura ECP<\/li><li>Sepa que sus comunicaciones y documentos est\u00e1n seguros<\/li><\/ul><p>Si tiene varios hijos, comun\u00edquelo en recepci\u00f3n. Una vez que haya creado una cuenta en el portal del paciente, nuestro personal puede a\u00f1adir a sus hijos adicionales a su cuenta existente en el portal por usted.<\/p><p><strong>Aprenda a inscribirse a partir de una invitaci\u00f3n por correo electr\u00f3nico <a href=\"\/wp-content\/uploads\/2020\/05\/Email-Instructions.pdf\" rel=\"attachment wp-att-3907\">aqu\u00ed<\/a>.<\/strong><\/p><p><strong>Aprenda a inscribirse a partir de una invitaci\u00f3n de texto <a href=\"\/wp-content\/uploads\/2020\/05\/Text-Instructions.pdf\" rel=\"attachment wp-att-3908\">aqu\u00ed<\/a>.<\/strong><\/p><p><strong>Aprenda c\u00f3mo hacer una pregunta a trav\u00e9s del Portal del Paciente <a href=\"\/wp-content\/uploads\/2021\/01\/Ask-a-Question-1.pdf\" rel=\"attachment wp-att-4291\">aqu\u00ed<\/a>.<br><\/strong><\/p>\t\t\t\t\t\t\t\t<\/div>\n\t\t\t\t<\/div>\n\t\t\t\t<div class=\"elementor-element elementor-element-6d37d85 elementor-widget__width-auto elementor-widget elementor-widget-button\" data-id=\"6d37d85\" data-element_type=\"widget\" data-e-type=\"widget\" data-widget_type=\"button.default\">\n\t\t\t\t<div class=\"elementor-widget-container\">\n\t\t\t\t\t\t\t\t\t<div class=\"elementor-button-wrapper\">\n\t\t\t\t\t<a class=\"elementor-button elementor-button-link elementor-size-lg\" href=\"https:\/\/14034-1.portal.athenahealth.com\/\" target=\"_blank\">\n\t\t\t\t\t\t<span class=\"elementor-button-content-wrapper\">\n\t\t\t\t\t\t\t\t\t<span class=\"elementor-button-text\">visite el Portal del Paciente<\/span>\n\t\t\t\t\t<\/span>\n\t\t\t\t\t<\/a>\n\t\t\t\t<\/div>\n\t\t\t\t\t\t\t\t<\/div>\n\t\t\t\t<\/div>\n\t\t\t\t\t<\/div>\n\t\t<\/div>\n\t\t\t\t\t<\/div>\n\t\t<\/section>\n\t\t\t\t<\/div>\n\t\t","protected":false},"excerpt":{"rendered":"<p>REG\u00cdSTRESE EN EL PORTAL DEL PACIENTE Read in English here. El Portal del Paciente de Every Child Pediatrics le ayudar\u00e1 a obtener formularios, resultados de pruebas y otra informaci\u00f3n del proveedor m\u00e9dico de su hijo. Ventajas de utilizar el Portal del Paciente: Ver una lista de las vacunas que su hijo ha recibido en Every [&hellip;]<\/p>\n","protected":false},"author":7,"featured_media":0,"parent":0,"menu_order":0,"comment_status":"closed","ping_status":"closed","template":"","meta":{"inline_featured_image":false,"footnotes":""},"class_list":["post-6107","page","type-page","status-publish","hentry"],"yoast_head":"<!-- This site is optimized with the Yoast SEO plugin v27.3 - https:\/\/yoast.com\/product\/yoast-seo-wordpress\/ -->\n<title>Instrucciones para el Portal del Paciente | Every Child Pediatrics<\/title>\n<meta name=\"description\" content=\"Instrucciones para el Portal del Paciente at Every Child Pediatrics. Learn more about our organization, services, programs, careers and more.\" \/>\n<meta name=\"robots\" content=\"index, follow, max-snippet:-1, max-image-preview:large, max-video-preview:-1\" \/>\n<link rel=\"canonical\" href=\"https:\/\/everychildpediatrics.org\/es\/instrucciones-para-el-portal-del-paciente\/\" \/>\n<meta property=\"og:locale\" content=\"es_ES\" \/>\n<meta property=\"og:type\" content=\"article\" \/>\n<meta property=\"og:title\" content=\"Instrucciones para el Portal del Paciente | Every Child Pediatrics\" \/>\n<meta property=\"og:description\" content=\"Instrucciones para el Portal del Paciente at Every Child Pediatrics. Learn more about our organization, services, programs, careers and more.\" \/>\n<meta property=\"og:url\" content=\"https:\/\/everychildpediatrics.org\/es\/instrucciones-para-el-portal-del-paciente\/\" \/>\n<meta property=\"og:site_name\" content=\"Every Child Pediatrics\" \/>\n<meta property=\"article:publisher\" content=\"https:\/\/www.facebook.com\/everychildpediatrics\" \/>\n<meta property=\"article:modified_time\" content=\"2025-04-07T16:40:57+00:00\" \/>\n<meta property=\"og:image\" content=\"https:\/\/everychildpediatrics.org\/wp-content\/uploads\/2023\/05\/ECP-Site-Image-Default-1200x675-1.png\" \/>\n\t<meta property=\"og:image:width\" content=\"1200\" \/>\n\t<meta property=\"og:image:height\" content=\"675\" \/>\n\t<meta property=\"og:image:type\" content=\"image\/png\" \/>\n<meta name=\"twitter:card\" content=\"summary_large_image\" \/>\n<meta name=\"twitter:site\" content=\"@everychildpeds\" \/>\n<meta name=\"twitter:label1\" content=\"Tiempo de lectura\" \/>\n\t<meta name=\"twitter:data1\" content=\"2 minutos\" \/>\n<script type=\"application\/ld+json\" class=\"yoast-schema-graph\">{\"@context\":\"https:\\\/\\\/schema.org\",\"@graph\":[{\"@type\":\"WebPage\",\"@id\":\"https:\\\/\\\/everychildpediatrics.org\\\/es\\\/instrucciones-para-el-portal-del-paciente\\\/\",\"url\":\"https:\\\/\\\/everychildpediatrics.org\\\/es\\\/instrucciones-para-el-portal-del-paciente\\\/\",\"name\":\"Instrucciones para el Portal del Paciente | Every Child Pediatrics\",\"isPartOf\":{\"@id\":\"https:\\\/\\\/everychildpediatrics.org\\\/es\\\/#website\"},\"datePublished\":\"2023-08-18T21:13:06+00:00\",\"dateModified\":\"2025-04-07T16:40:57+00:00\",\"description\":\"Instrucciones para el Portal del Paciente at Every Child Pediatrics. Learn more about our organization, services, programs, careers and more.\",\"breadcrumb\":{\"@id\":\"https:\\\/\\\/everychildpediatrics.org\\\/es\\\/instrucciones-para-el-portal-del-paciente\\\/#breadcrumb\"},\"inLanguage\":\"es\",\"potentialAction\":[{\"@type\":\"ReadAction\",\"target\":[\"https:\\\/\\\/everychildpediatrics.org\\\/es\\\/instrucciones-para-el-portal-del-paciente\\\/\"]}]},{\"@type\":\"BreadcrumbList\",\"@id\":\"https:\\\/\\\/everychildpediatrics.org\\\/es\\\/instrucciones-para-el-portal-del-paciente\\\/#breadcrumb\",\"itemListElement\":[{\"@type\":\"ListItem\",\"position\":1,\"name\":\"Home\",\"item\":\"https:\\\/\\\/everychildpediatrics.org\\\/es\\\/\"},{\"@type\":\"ListItem\",\"position\":2,\"name\":\"Instrucciones para el Portal del Paciente\"}]},{\"@type\":\"WebSite\",\"@id\":\"https:\\\/\\\/everychildpediatrics.org\\\/es\\\/#website\",\"url\":\"https:\\\/\\\/everychildpediatrics.org\\\/es\\\/\",\"name\":\"Every Child Pediatrics\",\"description\":\"La historia de cada ni\u00f1o merece un comienzo saludable\",\"publisher\":{\"@id\":\"https:\\\/\\\/everychildpediatrics.org\\\/es\\\/#organization\"},\"alternateName\":\"ECP\",\"potentialAction\":[{\"@type\":\"SearchAction\",\"target\":{\"@type\":\"EntryPoint\",\"urlTemplate\":\"https:\\\/\\\/everychildpediatrics.org\\\/es\\\/?s={search_term_string}\"},\"query-input\":{\"@type\":\"PropertyValueSpecification\",\"valueRequired\":true,\"valueName\":\"search_term_string\"}}],\"inLanguage\":\"es\"},{\"@type\":\"Organization\",\"@id\":\"https:\\\/\\\/everychildpediatrics.org\\\/es\\\/#organization\",\"name\":\"Every Child Pediatrics\",\"alternateName\":\"ECP\",\"url\":\"https:\\\/\\\/everychildpediatrics.org\\\/es\\\/\",\"logo\":{\"@type\":\"ImageObject\",\"inLanguage\":\"es\",\"@id\":\"https:\\\/\\\/everychildpediatrics.org\\\/es\\\/#\\\/schema\\\/logo\\\/image\\\/\",\"url\":\"https:\\\/\\\/everychildpediatrics.org\\\/wp-content\\\/uploads\\\/2022\\\/12\\\/Every-Child-Pediatrics-logo.svg\",\"contentUrl\":\"https:\\\/\\\/everychildpediatrics.org\\\/wp-content\\\/uploads\\\/2022\\\/12\\\/Every-Child-Pediatrics-logo.svg\",\"width\":360,\"height\":360,\"caption\":\"Every Child Pediatrics\"},\"image\":{\"@id\":\"https:\\\/\\\/everychildpediatrics.org\\\/es\\\/#\\\/schema\\\/logo\\\/image\\\/\"},\"sameAs\":[\"https:\\\/\\\/www.facebook.com\\\/everychildpediatrics\",\"https:\\\/\\\/x.com\\\/everychildpeds\"]}]}<\/script>\n<!-- \/ Yoast SEO plugin. -->","yoast_head_json":{"title":"Instrucciones para el Portal del Paciente | Every Child Pediatrics","description":"Instrucciones para el Portal del Paciente at Every Child Pediatrics. Learn more about our organization, services, programs, careers and more.","robots":{"index":"index","follow":"follow","max-snippet":"max-snippet:-1","max-image-preview":"max-image-preview:large","max-video-preview":"max-video-preview:-1"},"canonical":"https:\/\/everychildpediatrics.org\/es\/instrucciones-para-el-portal-del-paciente\/","og_locale":"es_ES","og_type":"article","og_title":"Instrucciones para el Portal del Paciente | Every Child Pediatrics","og_description":"Instrucciones para el Portal del Paciente at Every Child Pediatrics. Learn more about our organization, services, programs, careers and more.","og_url":"https:\/\/everychildpediatrics.org\/es\/instrucciones-para-el-portal-del-paciente\/","og_site_name":"Every Child Pediatrics","article_publisher":"https:\/\/www.facebook.com\/everychildpediatrics","article_modified_time":"2025-04-07T16:40:57+00:00","og_image":[{"width":1200,"height":675,"url":"https:\/\/everychildpediatrics.org\/wp-content\/uploads\/2023\/05\/ECP-Site-Image-Default-1200x675-1.png","type":"image\/png"}],"twitter_card":"summary_large_image","twitter_site":"@everychildpeds","twitter_misc":{"Tiempo de lectura":"2 minutos"},"schema":{"@context":"https:\/\/schema.org","@graph":[{"@type":"WebPage","@id":"https:\/\/everychildpediatrics.org\/es\/instrucciones-para-el-portal-del-paciente\/","url":"https:\/\/everychildpediatrics.org\/es\/instrucciones-para-el-portal-del-paciente\/","name":"Instrucciones para el Portal del Paciente | Every Child Pediatrics","isPartOf":{"@id":"https:\/\/everychildpediatrics.org\/es\/#website"},"datePublished":"2023-08-18T21:13:06+00:00","dateModified":"2025-04-07T16:40:57+00:00","description":"Instrucciones para el Portal del Paciente at Every Child Pediatrics. Learn more about our organization, services, programs, careers and more.","breadcrumb":{"@id":"https:\/\/everychildpediatrics.org\/es\/instrucciones-para-el-portal-del-paciente\/#breadcrumb"},"inLanguage":"es","potentialAction":[{"@type":"ReadAction","target":["https:\/\/everychildpediatrics.org\/es\/instrucciones-para-el-portal-del-paciente\/"]}]},{"@type":"BreadcrumbList","@id":"https:\/\/everychildpediatrics.org\/es\/instrucciones-para-el-portal-del-paciente\/#breadcrumb","itemListElement":[{"@type":"ListItem","position":1,"name":"Home","item":"https:\/\/everychildpediatrics.org\/es\/"},{"@type":"ListItem","position":2,"name":"Instrucciones para el Portal del Paciente"}]},{"@type":"WebSite","@id":"https:\/\/everychildpediatrics.org\/es\/#website","url":"https:\/\/everychildpediatrics.org\/es\/","name":"Every Child Pediatrics","description":"La historia de cada ni\u00f1o merece un comienzo saludable","publisher":{"@id":"https:\/\/everychildpediatrics.org\/es\/#organization"},"alternateName":"ECP","potentialAction":[{"@type":"SearchAction","target":{"@type":"EntryPoint","urlTemplate":"https:\/\/everychildpediatrics.org\/es\/?s={search_term_string}"},"query-input":{"@type":"PropertyValueSpecification","valueRequired":true,"valueName":"search_term_string"}}],"inLanguage":"es"},{"@type":"Organization","@id":"https:\/\/everychildpediatrics.org\/es\/#organization","name":"Every Child Pediatrics","alternateName":"ECP","url":"https:\/\/everychildpediatrics.org\/es\/","logo":{"@type":"ImageObject","inLanguage":"es","@id":"https:\/\/everychildpediatrics.org\/es\/#\/schema\/logo\/image\/","url":"https:\/\/everychildpediatrics.org\/wp-content\/uploads\/2022\/12\/Every-Child-Pediatrics-logo.svg","contentUrl":"https:\/\/everychildpediatrics.org\/wp-content\/uploads\/2022\/12\/Every-Child-Pediatrics-logo.svg","width":360,"height":360,"caption":"Every Child Pediatrics"},"image":{"@id":"https:\/\/everychildpediatrics.org\/es\/#\/schema\/logo\/image\/"},"sameAs":["https:\/\/www.facebook.com\/everychildpediatrics","https:\/\/x.com\/everychildpeds"]}]}},"_links":{"self":[{"href":"https:\/\/everychildpediatrics.org\/es\/wp-json\/wp\/v2\/pages\/6107","targetHints":{"allow":["GET"]}}],"collection":[{"href":"https:\/\/everychildpediatrics.org\/es\/wp-json\/wp\/v2\/pages"}],"about":[{"href":"https:\/\/everychildpediatrics.org\/es\/wp-json\/wp\/v2\/types\/page"}],"author":[{"embeddable":true,"href":"https:\/\/everychildpediatrics.org\/es\/wp-json\/wp\/v2\/users\/7"}],"replies":[{"embeddable":true,"href":"https:\/\/everychildpediatrics.org\/es\/wp-json\/wp\/v2\/comments?post=6107"}],"version-history":[{"count":2,"href":"https:\/\/everychildpediatrics.org\/es\/wp-json\/wp\/v2\/pages\/6107\/revisions"}],"predecessor-version":[{"id":7311,"href":"https:\/\/everychildpediatrics.org\/es\/wp-json\/wp\/v2\/pages\/6107\/revisions\/7311"}],"wp:attachment":[{"href":"https:\/\/everychildpediatrics.org\/es\/wp-json\/wp\/v2\/media?parent=6107"}],"curies":[{"name":"wp","href":"https:\/\/api.w.org\/{rel}","templated":true}]}}