{"id":7430,"date":"2023-04-19T12:00:46","date_gmt":"2023-04-19T18:00:46","guid":{"rendered":"https:\/\/everychildpediatrics.org\/informacion-sobre-la-vacuna-covid-19\/"},"modified":"2025-06-06T14:11:48","modified_gmt":"2025-06-06T20:11:48","slug":"informacion-sobre-la-vacuna-covid-19","status":"publish","type":"page","link":"https:\/\/everychildpediatrics.org\/es\/informacion-sobre-la-vacuna-covid-19\/","title":{"rendered":"Informaci\u00f3n sobre la vacuna COVID-19"},"content":{"rendered":"\t\t<div data-elementor-type=\"wp-page\" data-elementor-id=\"7430\" class=\"elementor elementor-7430 elementor-4828\" data-elementor-post-type=\"page\">\n\t\t\t\t\t\t<section class=\"elementor-section elementor-top-section elementor-element elementor-element-c7675bf elementor-section-boxed elementor-section-height-default elementor-section-height-default\" data-id=\"c7675bf\" data-element_type=\"section\" data-e-type=\"section\">\n\t\t\t\t\t\t<div class=\"elementor-container elementor-column-gap-default\">\n\t\t\t\t\t<div class=\"elementor-column elementor-col-100 elementor-top-column elementor-element elementor-element-6224409\" data-id=\"6224409\" data-element_type=\"column\" data-e-type=\"column\">\n\t\t\t<div class=\"elementor-widget-wrap elementor-element-populated\">\n\t\t\t\t\t\t<div class=\"elementor-element elementor-element-50bb766 elementor-widget elementor-widget-text-editor\" data-id=\"50bb766\" data-element_type=\"widget\" data-e-type=\"widget\" data-widget_type=\"text-editor.default\">\n\t\t\t\t<div class=\"elementor-widget-container\">\n\t\t\t\t\t\t\t\t\t<h2>Every Child Pediatrics est\u00e1 proporcionando vacunas COVID-19 en nuestras cl\u00ednicas a pacientes a partir de 12 a\u00f1os y a sus familiares.<\/h2><p>El despliegue de la vacuna COVID-19 est\u00e1 siendo facilitado por el Estado de Colorado. <a href=\"https:\/\/covid19.colorado.gov\/for-coloradans\/vaccine\/vaccine-for-coloradans\"><strong>Consulta el CDPHE para obtener la informaci\u00f3n m\u00e1s actualizada.<\/strong><\/a>. Esta p\u00e1gina web se actualizar\u00e1 seg\u00fan sea necesario. <\/p><p><strong>QUI\u00c9N puede vacunarse:<\/strong><\/p><p>A partir de mayo de 2021: Las personas a partir de 12 a\u00f1os pueden recibir la vacuna COVID-19.<\/p><p>Para ver en qu\u00e9 fase se encuentra Colorado actualmente y ver una lista de qui\u00e9n cumple los requisitos para recibir la vacuna COVID-19 por fase, ve a la p\u00e1gina del <a href=\"https:\/\/covid19.colorado.gov\/for-coloradans\/vaccine\/find-out-when-youre-eligible-for-a-covid-19-vaccine\"><strong>p\u00e1gina del CDPHE sobre las Vacunas COVID-19 para los habitantes de Colorado.<\/strong><\/a><\/p><p>Para saber m\u00e1s sobre las distintas vacunas disponibles, y cu\u00e1les est\u00e1n aprobadas para los distintos grupos de edad, <a href=\"https:\/\/www.cdc.gov\/coronavirus\/2019-ncov\/vaccines\/different-vaccines.html\"><strong>visita la p\u00e1gina de los CDC aqu\u00ed<\/strong><\/a>.<\/p><h4>D\u00d3NDE vacunarse:<\/h4><p><strong>Si tu hijo cumple los requisitos para recibir la vacuna COVID-19, consulta a continuaci\u00f3n algunos recursos que pueden ayudarte a conseguir una cita para la vacuna COVID-19 para tu hijo:<\/strong><\/p><ul><li><strong>Centros de vacunaci\u00f3n masiva de Colorado<\/strong>: Programa de Vacunaci\u00f3n Masiva de Colorado \u201cVacunas para todos\u201d a trav\u00e9s de Centura Health. <u>Se podr\u00e1 vacunar con cita previa a quienes cumplan los requisitos. <\/u><a href=\"https:\/\/www.centura.org\/covid-19\/covid-19-vaccine-information\/vaccine-events\"><strong>Las citas se pueden concertar a trav\u00e9s de este enlace en Centura Health<\/strong><\/a><u><u>.<\/u><\/u><p> <\/p><\/li><li><strong>Hospitales HealthOne<\/strong>: Puedes <a href=\"https:\/\/healthonecares.com\/covid-19\/covid-19-vaccine-information\/\">ir aqu\u00ed para obtener informaci\u00f3n<\/a> para inscribirte en l\u00ednea o llamar para pedir cita para vacunarte contra el covid (\u00a1se necesita cita!).<\/li><li><a href=\"https:\/\/www.nationaljewish.org\/patients-visitors\/patient-info\/important-updates\/coronavirus-information-and-resources\/covid-19-vaccines?utm_source=Google&amp;utm_medium=Search&amp;utm_content=UnbrandedSearch&amp;gclid=Cj0KCQjwl9GCBhDvARIsAFunhsmeYDuCsPljSI4ju83VgLVtUqV-ShSbY9lR78Gxo36LNGMGeOrhtT0aApn0EALw_wcB\"><strong>El Hospital Nacional Jud\u00edo<\/strong><\/a> tambi\u00e9n es un centro de vacunaci\u00f3n COVID-19. Si eres paciente del NJ, ponte en contacto con tu m\u00e9dico del NJ. Si no, <a href=\"https:\/\/www.nationaljewish.org\/patients-visitors\/patient-info\/important-updates\/coronavirus-information-and-resources\/covid-19-vaccines\">haz clic aqu\u00ed para obtener m\u00e1s informaci\u00f3n<\/a> y para pedir cita para la vacuna COVID-19.  <\/li><li>La p\u00e1gina <a href=\"https:\/\/covid19.colorado.gov\/for-coloradans\/vaccine\/where-can-i-get-vaccinated\"><strong>p\u00e1gina del CDPHE sobre d\u00f3nde puedes vacunarte<\/strong><\/a> tiene mucha informaci\u00f3n sobre d\u00f3nde vacunarse en todo el estado de Colorado (incluidas algunas farmacias locales y sistemas hospitalarios).<\/li><li><a href=\"https:\/\/www.tchd.org\/FormCenter\/EPR-10\/COVID19-Vaccine-Appointment-113\"><strong>El Departamento de Salud de los Tres Condados tambi\u00e9n tiene un \u00e1rea en su sitio web<\/strong><\/a> para concertar una cita o inscribirte en una lista de espera.<\/li><li><a href=\"https:\/\/www.childrenscolorado.org\/conditions-and-advice\/parenting\/parenting-articles\/covid-vaccine-updates\/\"><strong>El Hospital Infantil de Colorado<\/strong><\/a> es un centro de vacunaci\u00f3n COVID-19. <a href=\"https:\/\/childrenscolorado.vaccine.mychart.com\/\">Visita su portal en l\u00ednea aqu\u00ed <\/a>para inscribirte en una cita para la vacuna COVID-19. <a href=\"https:\/\/www.childrenscolorado.org\/conditions-and-advice\/coronavirus-covid19-resources-updates\/get-vaccinated?utm_source=newsletter&amp;utm_medium=internal_comms&amp;utm_campaign=covid_vaccine_distro\">Haz clic aqu\u00ed para obtener m\u00e1s informaci\u00f3n<\/a> sobre c\u00f3mo recibir la vacuna COVID-19 en el Hospital Infantil de Colorado.<\/li><li>Consulta el <a href=\"https:\/\/www.vaccinespotter.org\/CO\/\"><strong>Buscador de la Vacuna COVID-19 <\/strong><\/a>para encontrar farmacias locales que puedan suministrar la Vacuna COVID-19. Las plazas de las farmacias suelen abrirse y llenarse r\u00e1pidamente, as\u00ed que consulta sus sitios web. <\/li><\/ul><p> <\/p><p>Si tu hijo es paciente de Every Child Pediatrics, <a href=\"https:\/\/covid19.colorado.gov\/for-coloradans\/vaccine\/vaccine-for-coloradans\" target=\"_blank\" rel=\"noopener\">cumple los criterios actuales para ser vacunado<\/a>, no ha recibido respuesta de su cl\u00ednica especializada y no ha podido conseguir una cita utilizando la informaci\u00f3n anterior, entonces llama a nuestra oficina y nuestro equipo de enfermer\u00eda intentar\u00e1 ayudarte (ver \u201cPara m\u00e1s informaci\u00f3n\u201d m\u00e1s abajo).<\/p><h4>PARA M\u00c1S INFORMACI\u00d3N:<\/h4><p>Visita <a href=\"https:\/\/covid19.colorado.gov\/for-coloradans\/vaccine\/vaccine-for-coloradans\" target=\"_blank\" rel=\"noopener\">el sitio web del CDPHE<\/a> para obtener m\u00e1s informaci\u00f3n sobre el despliegue de la vacuna COVID-19 en Colorado<\/p><p>Puedes llamar a la l\u00ednea directa de Vacunas COVID-19 del estado de Colorado al 1-877-CO VAX CO (1-877-268-2926) 24 horas al d\u00eda, 7 d\u00edas a la semana. Hay varios idiomas disponibles. Ten en cuenta que puede haber largos tiempos de espera debido a la demanda.  <\/p><p>Para m\u00e1s informaci\u00f3n sobre la vacuna COVID 19, visita<\/p><ul><li><a href=\"https:\/\/www.cdc.gov\/coronavirus\/2019-ncov\/vaccines\/safety\/safety-of-vaccines.html\"><strong>CDC<\/strong><\/a><\/li><li><a href=\"https:\/\/www.chop.edu\/centers-programs\/vaccine-education-center\/making-vaccines\/prevent-covid\"><strong>Preguntas frecuentes del Hospital Infantil de Filadelfia<\/strong><\/a><\/li><li><a href=\"https:\/\/www.childrenscolorado.org\/conditions-and-advice\/parenting\/parenting-articles\/covid-vaccine-updates\/\"><strong>Hospital Infantil de Colorado<\/strong><\/a><\/li><li><a href=\"https:\/\/www.immunizecolorado.org\/healthcare-professionals\/covid-19\/covid-19-vaccine-faq\"><strong>Inmunizar Colorado<\/strong><\/a><\/li><li><strong><a href=\"https:\/\/www.healthychildren.org\/english\/health-issues\/conditions\/covid-19\/pages\/the-science-behind-the-covid-19-vaccine-parent-faqs.aspx?_ga=2.91325402.1729713745.1634669611-1911383328.1634669611&amp;_gl=1*ql1fnu*_ga*mtkxmtm4mzmyoc4xnjm0njy5njex*_ga_fd9d3xzvqq*mtyzndy2otyxmc4xljeumtyzndy2otyync4w\">Academia Americana de Pediatr\u00eda &#8211; Ni\u00f1os sanos<\/a><\/strong><\/li><\/ul><p> <\/p><p>Si tu hijo es \/ t\u00fa eres paciente de Every Child Pediatrics y, tras revisar la informaci\u00f3n anterior, sigues teniendo preguntas, ponte en contacto con <a href=\"\/contact\">nuestras cl\u00ednicas<\/a> y nuestro equipo de enfermer\u00eda intentar\u00e1 ayudarte. Llama durante el horario laboral habitual (de lunes a viernes, de 8 a 17 h). Nuestro objetivo es responderte lo antes posible, pero si hay un gran volumen de llamadas, nuestro equipo puede tardar hasta una semana en responderte.  <\/p>\t\t\t\t\t\t\t\t<\/div>\n\t\t\t\t<\/div>\n\t\t\t\t\t<\/div>\n\t\t<\/div>\n\t\t\t\t\t<\/div>\n\t\t<\/section>\n\t\t\t\t<\/div>\n\t\t","protected":false},"excerpt":{"rendered":"<p>Every Child Pediatrics est\u00e1 proporcionando vacunas COVID-19 en nuestras cl\u00ednicas a pacientes a partir de 12 a\u00f1os y a sus familiares. El despliegue de la vacuna COVID-19 est\u00e1 siendo facilitado por el Estado de Colorado. Consulta el CDPHE para obtener la informaci\u00f3n m\u00e1s actualizada.. Esta p\u00e1gina web se actualizar\u00e1 seg\u00fan sea necesario. QUI\u00c9N puede vacunarse: [&hellip;]<\/p>\n","protected":false},"author":7,"featured_media":0,"parent":0,"menu_order":100,"comment_status":"closed","ping_status":"closed","template":"","meta":{"inline_featured_image":false,"footnotes":""},"class_list":["post-7430","page","type-page","status-publish","hentry"],"yoast_head":"<!-- This site is optimized with the Yoast SEO plugin v27.5 - https:\/\/yoast.com\/product\/yoast-seo-wordpress\/ -->\n<title>Informaci\u00f3n sobre la vacuna COVID-19 | Every Child Pediatrics<\/title>\n<meta name=\"description\" content=\"Informaci\u00f3n sobre la vacuna COVID-19 at Every Child Pediatrics. Learn more about our organization, services, programs, careers and more.\" \/>\n<meta name=\"robots\" content=\"index, follow, max-snippet:-1, max-image-preview:large, max-video-preview:-1\" \/>\n<link rel=\"canonical\" href=\"https:\/\/everychildpediatrics.org\/es\/informacion-sobre-la-vacuna-covid-19\/\" \/>\n<meta property=\"og:locale\" content=\"es_ES\" \/>\n<meta property=\"og:type\" content=\"article\" \/>\n<meta property=\"og:title\" content=\"Informaci\u00f3n sobre la vacuna COVID-19 | Every Child Pediatrics\" \/>\n<meta property=\"og:description\" content=\"Informaci\u00f3n sobre la vacuna COVID-19 at Every Child Pediatrics. Learn more about our organization, services, programs, careers and more.\" \/>\n<meta property=\"og:url\" content=\"https:\/\/everychildpediatrics.org\/es\/informacion-sobre-la-vacuna-covid-19\/\" \/>\n<meta property=\"og:site_name\" content=\"Every Child Pediatrics\" \/>\n<meta property=\"article:publisher\" content=\"https:\/\/www.facebook.com\/everychildpediatrics\" \/>\n<meta property=\"article:modified_time\" content=\"2025-06-06T20:11:48+00:00\" \/>\n<meta property=\"og:image\" content=\"https:\/\/everychildpediatrics.org\/wp-content\/uploads\/2023\/05\/ECP-Site-Image-Default-1200x675-1.png\" \/>\n\t<meta property=\"og:image:width\" content=\"1200\" \/>\n\t<meta property=\"og:image:height\" content=\"675\" \/>\n\t<meta property=\"og:image:type\" content=\"image\/png\" \/>\n<meta name=\"twitter:card\" content=\"summary_large_image\" \/>\n<meta name=\"twitter:site\" content=\"@everychildpeds\" \/>\n<meta name=\"twitter:label1\" content=\"Tiempo de lectura\" \/>\n\t<meta name=\"twitter:data1\" content=\"3 minutos\" \/>\n<script type=\"application\/ld+json\" class=\"yoast-schema-graph\">{\"@context\":\"https:\\\/\\\/schema.org\",\"@graph\":[{\"@type\":\"WebPage\",\"@id\":\"https:\\\/\\\/everychildpediatrics.org\\\/es\\\/informacion-sobre-la-vacuna-covid-19\\\/\",\"url\":\"https:\\\/\\\/everychildpediatrics.org\\\/es\\\/informacion-sobre-la-vacuna-covid-19\\\/\",\"name\":\"Informaci\u00f3n sobre la vacuna COVID-19 | Every Child Pediatrics\",\"isPartOf\":{\"@id\":\"https:\\\/\\\/everychildpediatrics.org\\\/es\\\/#website\"},\"datePublished\":\"2023-04-19T18:00:46+00:00\",\"dateModified\":\"2025-06-06T20:11:48+00:00\",\"description\":\"Informaci\u00f3n sobre la vacuna COVID-19 at Every Child Pediatrics. Learn more about our organization, services, programs, careers and more.\",\"breadcrumb\":{\"@id\":\"https:\\\/\\\/everychildpediatrics.org\\\/es\\\/informacion-sobre-la-vacuna-covid-19\\\/#breadcrumb\"},\"inLanguage\":\"es\",\"potentialAction\":[{\"@type\":\"ReadAction\",\"target\":[\"https:\\\/\\\/everychildpediatrics.org\\\/es\\\/informacion-sobre-la-vacuna-covid-19\\\/\"]}]},{\"@type\":\"BreadcrumbList\",\"@id\":\"https:\\\/\\\/everychildpediatrics.org\\\/es\\\/informacion-sobre-la-vacuna-covid-19\\\/#breadcrumb\",\"itemListElement\":[{\"@type\":\"ListItem\",\"position\":1,\"name\":\"Home\",\"item\":\"https:\\\/\\\/everychildpediatrics.org\\\/es\\\/\"},{\"@type\":\"ListItem\",\"position\":2,\"name\":\"Informaci\u00f3n sobre la vacuna COVID-19\"}]},{\"@type\":\"WebSite\",\"@id\":\"https:\\\/\\\/everychildpediatrics.org\\\/es\\\/#website\",\"url\":\"https:\\\/\\\/everychildpediatrics.org\\\/es\\\/\",\"name\":\"Every Child Pediatrics\",\"description\":\"La historia de cada ni\u00f1o merece un comienzo saludable\",\"publisher\":{\"@id\":\"https:\\\/\\\/everychildpediatrics.org\\\/es\\\/#organization\"},\"alternateName\":\"ECP\",\"potentialAction\":[{\"@type\":\"SearchAction\",\"target\":{\"@type\":\"EntryPoint\",\"urlTemplate\":\"https:\\\/\\\/everychildpediatrics.org\\\/es\\\/?s={search_term_string}\"},\"query-input\":{\"@type\":\"PropertyValueSpecification\",\"valueRequired\":true,\"valueName\":\"search_term_string\"}}],\"inLanguage\":\"es\"},{\"@type\":\"Organization\",\"@id\":\"https:\\\/\\\/everychildpediatrics.org\\\/es\\\/#organization\",\"name\":\"Every Child Pediatrics\",\"alternateName\":\"ECP\",\"url\":\"https:\\\/\\\/everychildpediatrics.org\\\/es\\\/\",\"logo\":{\"@type\":\"ImageObject\",\"inLanguage\":\"es\",\"@id\":\"https:\\\/\\\/everychildpediatrics.org\\\/es\\\/#\\\/schema\\\/logo\\\/image\\\/\",\"url\":\"https:\\\/\\\/everychildpediatrics.org\\\/wp-content\\\/uploads\\\/2022\\\/12\\\/Every-Child-Pediatrics-logo.svg\",\"contentUrl\":\"https:\\\/\\\/everychildpediatrics.org\\\/wp-content\\\/uploads\\\/2022\\\/12\\\/Every-Child-Pediatrics-logo.svg\",\"width\":360,\"height\":360,\"caption\":\"Every Child Pediatrics\"},\"image\":{\"@id\":\"https:\\\/\\\/everychildpediatrics.org\\\/es\\\/#\\\/schema\\\/logo\\\/image\\\/\"},\"sameAs\":[\"https:\\\/\\\/www.facebook.com\\\/everychildpediatrics\",\"https:\\\/\\\/x.com\\\/everychildpeds\"]}]}<\/script>\n<!-- \/ Yoast SEO plugin. -->","yoast_head_json":{"title":"Informaci\u00f3n sobre la vacuna COVID-19 | Every Child Pediatrics","description":"Informaci\u00f3n sobre la vacuna COVID-19 at Every Child Pediatrics. Learn more about our organization, services, programs, careers and more.","robots":{"index":"index","follow":"follow","max-snippet":"max-snippet:-1","max-image-preview":"max-image-preview:large","max-video-preview":"max-video-preview:-1"},"canonical":"https:\/\/everychildpediatrics.org\/es\/informacion-sobre-la-vacuna-covid-19\/","og_locale":"es_ES","og_type":"article","og_title":"Informaci\u00f3n sobre la vacuna COVID-19 | Every Child Pediatrics","og_description":"Informaci\u00f3n sobre la vacuna COVID-19 at Every Child Pediatrics. Learn more about our organization, services, programs, careers and more.","og_url":"https:\/\/everychildpediatrics.org\/es\/informacion-sobre-la-vacuna-covid-19\/","og_site_name":"Every Child Pediatrics","article_publisher":"https:\/\/www.facebook.com\/everychildpediatrics","article_modified_time":"2025-06-06T20:11:48+00:00","og_image":[{"width":1200,"height":675,"url":"https:\/\/everychildpediatrics.org\/wp-content\/uploads\/2023\/05\/ECP-Site-Image-Default-1200x675-1.png","type":"image\/png"}],"twitter_card":"summary_large_image","twitter_site":"@everychildpeds","twitter_misc":{"Tiempo de lectura":"3 minutos"},"schema":{"@context":"https:\/\/schema.org","@graph":[{"@type":"WebPage","@id":"https:\/\/everychildpediatrics.org\/es\/informacion-sobre-la-vacuna-covid-19\/","url":"https:\/\/everychildpediatrics.org\/es\/informacion-sobre-la-vacuna-covid-19\/","name":"Informaci\u00f3n sobre la vacuna COVID-19 | Every Child Pediatrics","isPartOf":{"@id":"https:\/\/everychildpediatrics.org\/es\/#website"},"datePublished":"2023-04-19T18:00:46+00:00","dateModified":"2025-06-06T20:11:48+00:00","description":"Informaci\u00f3n sobre la vacuna COVID-19 at Every Child Pediatrics. Learn more about our organization, services, programs, careers and more.","breadcrumb":{"@id":"https:\/\/everychildpediatrics.org\/es\/informacion-sobre-la-vacuna-covid-19\/#breadcrumb"},"inLanguage":"es","potentialAction":[{"@type":"ReadAction","target":["https:\/\/everychildpediatrics.org\/es\/informacion-sobre-la-vacuna-covid-19\/"]}]},{"@type":"BreadcrumbList","@id":"https:\/\/everychildpediatrics.org\/es\/informacion-sobre-la-vacuna-covid-19\/#breadcrumb","itemListElement":[{"@type":"ListItem","position":1,"name":"Home","item":"https:\/\/everychildpediatrics.org\/es\/"},{"@type":"ListItem","position":2,"name":"Informaci\u00f3n sobre la vacuna COVID-19"}]},{"@type":"WebSite","@id":"https:\/\/everychildpediatrics.org\/es\/#website","url":"https:\/\/everychildpediatrics.org\/es\/","name":"Every Child Pediatrics","description":"La historia de cada ni\u00f1o merece un comienzo saludable","publisher":{"@id":"https:\/\/everychildpediatrics.org\/es\/#organization"},"alternateName":"ECP","potentialAction":[{"@type":"SearchAction","target":{"@type":"EntryPoint","urlTemplate":"https:\/\/everychildpediatrics.org\/es\/?s={search_term_string}"},"query-input":{"@type":"PropertyValueSpecification","valueRequired":true,"valueName":"search_term_string"}}],"inLanguage":"es"},{"@type":"Organization","@id":"https:\/\/everychildpediatrics.org\/es\/#organization","name":"Every Child Pediatrics","alternateName":"ECP","url":"https:\/\/everychildpediatrics.org\/es\/","logo":{"@type":"ImageObject","inLanguage":"es","@id":"https:\/\/everychildpediatrics.org\/es\/#\/schema\/logo\/image\/","url":"https:\/\/everychildpediatrics.org\/wp-content\/uploads\/2022\/12\/Every-Child-Pediatrics-logo.svg","contentUrl":"https:\/\/everychildpediatrics.org\/wp-content\/uploads\/2022\/12\/Every-Child-Pediatrics-logo.svg","width":360,"height":360,"caption":"Every Child Pediatrics"},"image":{"@id":"https:\/\/everychildpediatrics.org\/es\/#\/schema\/logo\/image\/"},"sameAs":["https:\/\/www.facebook.com\/everychildpediatrics","https:\/\/x.com\/everychildpeds"]}]}},"_links":{"self":[{"href":"https:\/\/everychildpediatrics.org\/es\/wp-json\/wp\/v2\/pages\/7430","targetHints":{"allow":["GET"]}}],"collection":[{"href":"https:\/\/everychildpediatrics.org\/es\/wp-json\/wp\/v2\/pages"}],"about":[{"href":"https:\/\/everychildpediatrics.org\/es\/wp-json\/wp\/v2\/types\/page"}],"author":[{"embeddable":true,"href":"https:\/\/everychildpediatrics.org\/es\/wp-json\/wp\/v2\/users\/7"}],"replies":[{"embeddable":true,"href":"https:\/\/everychildpediatrics.org\/es\/wp-json\/wp\/v2\/comments?post=7430"}],"version-history":[{"count":1,"href":"https:\/\/everychildpediatrics.org\/es\/wp-json\/wp\/v2\/pages\/7430\/revisions"}],"predecessor-version":[{"id":7431,"href":"https:\/\/everychildpediatrics.org\/es\/wp-json\/wp\/v2\/pages\/7430\/revisions\/7431"}],"wp:attachment":[{"href":"https:\/\/everychildpediatrics.org\/es\/wp-json\/wp\/v2\/media?parent=7430"}],"curies":[{"name":"wp","href":"https:\/\/api.w.org\/{rel}","templated":true}]}}